{"id":19694,"date":"2025-05-27T22:37:35","date_gmt":"2025-05-27T22:37:35","guid":{"rendered":"https:\/\/kstoryespana.com\/?product=tempest-1st-mini-album-its-me-its-we"},"modified":"2026-05-02T09:57:41","modified_gmt":"2026-05-02T07:57:41","slug":"pre-order-tempest-1st-mini-album-its-me-its-we","status":"publish","type":"product","link":"https:\/\/kstoryespana.com\/es\/producto\/pre-order-tempest-1st-mini-album-its-me-its-we\/","title":{"rendered":"TEMPEST &#8211; 1ST MINI ALBUM ITS ME ITS WE"},"content":{"rendered":"<div style=\"text-align: center;\">\n<span data-mce-fragment=\"1\">\u00a0<\/span><strong data-mce-fragment=\"1\">Release date:\u00a0<\/strong><strong data-mce-fragment=\"1\"><span data-mce-fragment=\"1\"><span style=\"color: #ff2a00;\">\u00a0February 22nd 2022<\/span>.<\/span><\/strong><\/p>\n<div data-mce-fragment=\"1\">\n<div data-mce-fragment=\"1\">\n<div data-mce-fragment=\"1\"><strong data-mce-fragment=\"1\">\u00a0<\/strong><\/div>\n<\/div>\n<\/div>\n<div>\n<div>\n<div><strong>\u00a0<\/strong><\/div>\n<\/div>\n<\/div>\n<\/div>\n<ul>\n<li><strong>TEMPEST&#8217;s 1st Mini Album &#8211; It&#8217;s ME, It&#8217;s WE<br \/>[ ITS ME ver. \/ ITS WE ver. ]<\/strong><\/li>\n<\/ul>\n<ul>\n<li>\n<span style=\"color: #ff2a00;\"><strong data-mce-fragment=\"1\"><span data-mce-fragment=\"1\">SPECIAL FIRST PRESS ONLY GIFT<\/span>\u3163SUPER LIMITED, FIRST COME FIRST SERVE<br \/><\/strong><\/span>&#8211; 1\u00a0Hologram Photo Card (By Version, Random 1 out of 7)<br \/>&#8211; 1 Polaroid Photo Card (By Version, Random 1 out of 7)<br \/>&#8211; 1 Polaroid (Limited quantity will be <span style=\"color: #ff2a00;\">RANDOMLY<\/span> distributed)<\/p>\n<\/li>\n<li>\n<strong data-mce-fragment=\"1\"><span data-mce-fragment=\"1\">Contents for Each Version :<br \/><\/span><\/strong>&#8211; 1 Cover<br \/><span data-mce-fragment=\"1\">&#8211; 1 Photo Book (96p)<br \/>&#8211; 1 CD-R<br \/>&#8211; 1 Lyrics Paper<br \/>&#8211; 1 Postcard (Random 1 out of 7)<br \/>&#8211; 1 Sticker (Random 1 out of 7)<br \/>&#8211; 2 Photo Card (Random 2 out of 27, 1 Individual + 1 Unit)<br \/>&#8211; 1 Folded Poster<br \/><\/span>\n<\/li>\n<\/ul>\n<ul>\n<li>\n<b>Noticia important :<\/b><br \/><b>La caja \/ caja exterior es simplemente para proteger la mercanc\u00eda. (Los da\u00f1os como ara\u00f1azos o decoloraci\u00f3n de la carcasa \/ caja no est\u00e1n cubiertos).<\/b>\n<\/li>\n<\/ul>\n<p><img decoding=\"async\" alt=\"\" src=\"https:\/\/cdn.shopify.com\/s\/files\/1\/0559\/4356\/1408\/files\/Its-ME-Its-WE.jpg?v=1644268387\"><\/p>\n","protected":false},"excerpt":{"rendered":"<p>\u00a0Release date:\u00a0\u00a0February 22nd 2022. \u00a0 \u00a0 TEMPEST&#8217;s 1st Mini Album &#8211; It&#8217;s ME, It&#8217;s WE[ ITS ME ver. \/ ITS WE ver. ] SPECIAL FIRST PRESS ONLY GIFT\u3163SUPER LIMITED, FIRST COME FIRST SERVE&#8211; 1\u00a0Hologram Photo Card (By Version, Random 1 out of 7)&#8211; 1 Polaroid Photo Card (By Version, Random 1 out of 7)&#8211; 1 [&hellip;]<\/p>\n","protected":false},"featured_media":39323,"template":"","meta":[],"product_brand":[4536],"product_cat":[7225],"product_tag":[7943],"class_list":{"0":"post-19694","1":"product","2":"type-product","3":"status-publish","4":"has-post-thumbnail","6":"product_brand-stock-in-korea","7":"product_cat-album-2","8":"product_tag-tempest","10":"first","11":"instock","12":"taxable","13":"shipping-taxable","14":"purchasable","15":"product-type-variable"},"jetpack_sharing_enabled":true,"_links":{"self":[{"href":"https:\/\/kstoryespana.com\/es\/wp-json\/wp\/v2\/product\/19694","targetHints":{"allow":["GET"]}}],"collection":[{"href":"https:\/\/kstoryespana.com\/es\/wp-json\/wp\/v2\/product"}],"about":[{"href":"https:\/\/kstoryespana.com\/es\/wp-json\/wp\/v2\/types\/product"}],"wp:featuredmedia":[{"embeddable":true,"href":"https:\/\/kstoryespana.com\/es\/wp-json\/wp\/v2\/media\/39323"}],"wp:attachment":[{"href":"https:\/\/kstoryespana.com\/es\/wp-json\/wp\/v2\/media?parent=19694"}],"wp:term":[{"taxonomy":"product_brand","embeddable":true,"href":"https:\/\/kstoryespana.com\/es\/wp-json\/wp\/v2\/product_brand?post=19694"},{"taxonomy":"product_cat","embeddable":true,"href":"https:\/\/kstoryespana.com\/es\/wp-json\/wp\/v2\/product_cat?post=19694"},{"taxonomy":"product_tag","embeddable":true,"href":"https:\/\/kstoryespana.com\/es\/wp-json\/wp\/v2\/product_tag?post=19694"}],"curies":[{"name":"wp","href":"https:\/\/api.w.org\/{rel}","templated":true}]}}