{"id":19581,"date":"2025-05-27T22:36:48","date_gmt":"2025-05-27T22:36:48","guid":{"rendered":"https:\/\/kstoryespana.com\/?product=taemin-3rd-mini-album-advice"},"modified":"2026-05-03T15:42:07","modified_gmt":"2026-05-03T13:42:07","slug":"pre-order-taemin-3rd-mini-album-advice","status":"publish","type":"product","link":"https:\/\/kstoryespana.com\/es\/producto\/pre-order-taemin-3rd-mini-album-advice\/","title":{"rendered":"TAEMIN &#8211; 3RD MINI ALBUM [ADVICE]"},"content":{"rendered":"<div style=\"text-align: center;\">\n<div>\n<div>\n<div><span style=\"color: #000000;\"><strong><strong><strong>Fecha de salida :<\/strong><\/strong><\/strong><strong>\u00a018 de mayo\u00a02021<\/strong><\/span><\/div>\n<\/div>\n<\/div>\n<\/div>\n<ul>\n<li><strong>TAEMIN&#8217;s 3rd Mini Album &#8211; Advice<br \/><\/strong><\/li>\n<li>\n<strong><strong><strong><span>Package :<br \/><\/span><\/strong><\/strong><\/strong>&#8211; 1 Cover<br \/>&#8211; 1 Photo Book (72p)<br \/>&#8211; 1 Lyrics Paper (12P)<br \/>&#8211; 1 CD-R<br \/>&#8211; 1 Envelope<br \/>&#8211; 1 Photo Card (Random 1 out of 3)<br \/>&#8211; 1 Postcard (Random 1 out of 4)<br \/>&#8211; 1 Folded Poster (Random 1 out of 4)\n<\/li>\n<li>\n<span style=\"color: #ff2a00;\"><strong>FIRST PRESS GIFT\u3163NO DISPONIBLE<\/strong><\/span><br \/>&#8211; 1 Poster (Random 1 out of 2)<\/li>\n<\/ul>\n<ul>\n<li><b>Noticia important :\u00a0La caja \/ caja exterior es simplemente para proteger la mercanc\u00eda. (Los da\u00f1os como ara\u00f1azos o decoloraci\u00f3n de la carcasa \/ caja no est\u00e1n cubiertos).<\/b><\/li>\n<\/ul>\n<p><span style=\"color: #2b00ff;\"><img decoding=\"async\" alt=\"\" src=\"https:\/\/cdn.shopify.com\/s\/files\/1\/0579\/9454\/3257\/files\/ADVICE.jpg?v=1630343663\"><\/span><\/p>","protected":false},"excerpt":{"rendered":"<p>Fecha de salida :\u00a018 de mayo\u00a02021 TAEMIN&#8217;s 3rd Mini Album &#8211; Advice Package :&#8211; 1 Cover&#8211; 1 Photo Book (72p)&#8211; 1 Lyrics Paper (12P)&#8211; 1 CD-R&#8211; 1 Envelope&#8211; 1 Photo Card (Random 1 out of 3)&#8211; 1 Postcard (Random 1 out of 4)&#8211; 1 Folded Poster (Random 1 out of 4) FIRST PRESS GIFT\u3163NO DISPONIBLE&#8211; [&hellip;]<\/p>\n","protected":false},"featured_media":39231,"template":"","meta":[],"product_brand":[4535],"product_cat":[7225,4403],"product_tag":[6894],"class_list":{"0":"post-19581","1":"product","2":"type-product","3":"status-publish","4":"has-post-thumbnail","6":"product_brand-stock-in-spain","7":"product_cat-album-2","8":"product_cat-kstoryespana","9":"product_tag-taemin","11":"first","12":"instock","13":"sale","14":"taxable","15":"shipping-taxable","16":"purchasable","17":"product-type-simple"},"jetpack_sharing_enabled":true,"_links":{"self":[{"href":"https:\/\/kstoryespana.com\/es\/wp-json\/wp\/v2\/product\/19581","targetHints":{"allow":["GET"]}}],"collection":[{"href":"https:\/\/kstoryespana.com\/es\/wp-json\/wp\/v2\/product"}],"about":[{"href":"https:\/\/kstoryespana.com\/es\/wp-json\/wp\/v2\/types\/product"}],"wp:featuredmedia":[{"embeddable":true,"href":"https:\/\/kstoryespana.com\/es\/wp-json\/wp\/v2\/media\/39231"}],"wp:attachment":[{"href":"https:\/\/kstoryespana.com\/es\/wp-json\/wp\/v2\/media?parent=19581"}],"wp:term":[{"taxonomy":"product_brand","embeddable":true,"href":"https:\/\/kstoryespana.com\/es\/wp-json\/wp\/v2\/product_brand?post=19581"},{"taxonomy":"product_cat","embeddable":true,"href":"https:\/\/kstoryespana.com\/es\/wp-json\/wp\/v2\/product_cat?post=19581"},{"taxonomy":"product_tag","embeddable":true,"href":"https:\/\/kstoryespana.com\/es\/wp-json\/wp\/v2\/product_tag?post=19581"}],"curies":[{"name":"wp","href":"https:\/\/api.w.org\/{rel}","templated":true}]}}