{"id":19577,"date":"2025-05-27T22:36:47","date_gmt":"2025-05-27T22:36:47","guid":{"rendered":"https:\/\/kstoryespana.com\/?product=taemin-3rd-album-never-gonna-dance-agian-act-1"},"modified":"2026-05-03T20:40:59","modified_gmt":"2026-05-03T18:40:59","slug":"taemin-3rd-album-never-gonna-dance-agian-act-1","status":"publish","type":"product","link":"https:\/\/kstoryespana.com\/es\/product\/taemin-3rd-album-never-gonna-dance-agian-act-1\/","title":{"rendered":"TAEMIN &#8211; 3rd ALBUM [NEVER GONNA DANCE AGIAN : ACT 1]"},"excerpt":{"rendered":"<p>Release date:\u00a0September 7th 2020. TAEMIN &#8211; 3rd ALBUM [NEVER GONNA DANCE AGIAN : ACT 1](SUSPECT Ver. \/ INNOCENT Ver.) Noticia Importante:\u00a0La caja \/ caja exterior es simplemente para proteger la mercanc\u00eda. (Los da\u00f1os como ara\u00f1azos o decoloraci\u00f3n de la carcasa \/ caja no est\u00e1n cubiertos). \u00a0<\/p>\n","protected":false},"featured_media":39230,"template":"","meta":[],"product_brand":[4536],"product_cat":[7225,4400],"product_tag":[6894],"class_list":{"0":"post-19577","1":"product","2":"type-product","3":"status-publish","4":"has-post-thumbnail","6":"product_brand-stock-in-korea","7":"product_cat-album-2","8":"product_cat-kstoryfromkorea","9":"product_tag-taemin","11":"first","12":"outofstock","13":"taxable","14":"shipping-taxable","15":"purchasable","16":"product-type-variable"},"jetpack_sharing_enabled":true,"_links":{"self":[{"href":"https:\/\/kstoryespana.com\/es\/wp-json\/wp\/v2\/product\/19577","targetHints":{"allow":["GET"]}}],"collection":[{"href":"https:\/\/kstoryespana.com\/es\/wp-json\/wp\/v2\/product"}],"about":[{"href":"https:\/\/kstoryespana.com\/es\/wp-json\/wp\/v2\/types\/product"}],"wp:featuredmedia":[{"embeddable":true,"href":"https:\/\/kstoryespana.com\/es\/wp-json\/wp\/v2\/media\/39230"}],"wp:attachment":[{"href":"https:\/\/kstoryespana.com\/es\/wp-json\/wp\/v2\/media?parent=19577"}],"wp:term":[{"taxonomy":"product_brand","embeddable":true,"href":"https:\/\/kstoryespana.com\/es\/wp-json\/wp\/v2\/product_brand?post=19577"},{"taxonomy":"product_cat","embeddable":true,"href":"https:\/\/kstoryespana.com\/es\/wp-json\/wp\/v2\/product_cat?post=19577"},{"taxonomy":"product_tag","embeddable":true,"href":"https:\/\/kstoryespana.com\/es\/wp-json\/wp\/v2\/product_tag?post=19577"}],"curies":[{"name":"wp","href":"https:\/\/api.w.org\/{rel}","templated":true}]}}