{"id":19559,"date":"2025-05-27T22:36:42","date_gmt":"2025-05-27T22:36:42","guid":{"rendered":"https:\/\/kstoryespana.com\/?product=sweet-home-book-set-netflix"},"modified":"2026-04-20T23:36:31","modified_gmt":"2026-04-20T21:36:31","slug":"sweet-home-book-set","status":"publish","type":"product","link":"https:\/\/kstoryespana.com\/es\/producto\/sweet-home-book-set\/","title":{"rendered":"Sweet Home Book Set (Netflix)"},"content":{"rendered":"<ul>\n<li><span style=\"color: #ff2a00;\"><strong>Solo versi\u00f3n coreana (no hay traducci\u00f3n al ingl\u00e9s\u00a0o espa\u00f1ol disponible)<\/strong><\/span><\/li>\n<\/ul>\n<h3 data-mce-fragment=\"1\" class=\"title_detail_basic2\"><span data-mce-fragment=\"1\"><img decoding=\"async\" src=\"https:\/\/cdn.shopify.com\/s\/files\/1\/0579\/9454\/3257\/files\/SWEET_HOME_Web_Toon_Netflix.jpg?v=1631466693\" alt=\"\"><\/span><\/h3>\n<h3 data-mce-fragment=\"1\" class=\"title_detail_basic2\"><span data-mce-fragment=\"1\">1st place in 11 countries around the world, a cartoon based on the popular Netflix original series, Sweet Home!<\/span><\/h3>\n<p><span data-mce-fragment=\"1\" style=\"color: #2b00ff;\" data-mce-style=\"color: #2b00ff;\">1er lugar en 11 pa\u00edses de todo el mundo, una caricatura basada en la popular serie original de Netflix, Sweet Home!<\/span><\/p>\n<p><span data-mce-fragment=\"1\">From October 2017 to June 2020, <em>Sweet Home<\/em>, which was popularly published on Naver Webtoon, was published into six volumes. <em>Sweet Home<\/em> won the 2020 Today&#8217;s Comic Award for its novel monster characters, intense suspense, and creepy production that takes your breath away.<br \/><\/span><\/p>\n<p><span data-mce-fragment=\"1\" style=\"color: #2b00ff;\">Desde octubre de 2017 hasta junio de 2020, Sweet Home, que se public\u00f3 popularmente en Naver Webtoon, se public\u00f3 en seis vol\u00famenes. Sweet Home gan\u00f3 el premio Today&#8217;s Comic Award 2020 por sus novedosos personajes monstruosos, suspenso intenso y producci\u00f3n espeluznante que te deja sin aliento.<\/span><\/p>\n<p><span data-mce-fragment=\"1\"><br \/><em>Sweet Home <\/em>contains a fierce struggle between survivors who survived in an enclosed space and monsters that have changed bizarrely by reflecting their inner desires. Cha Hyun-soo, a reclusive loner who is exhausted from life and plans to commit suicide, faces the <em>&#8216;human monsterization situation&#8217;<\/em> that suddenly began. The eerie monsters attack Hyun-soo with only simple desires. Hyun-soo saves his life with the help of survivors in the Green Home apartment. Can Hyun-soo and the survivors of Green Home survive to the end against monsters that do not die with scars?<\/span><\/p>\n<p><span data-mce-fragment=\"1\" style=\"color: #2b00ff;\">Sweet Home contiene una lucha feroz entre los sobrevivientes que sobrevivieron en un espacio cerrado y los monstruos que han cambiado de manera extra\u00f1a al reflejar sus deseos internos. Cha Hyun-soo, un solitario solitario que est\u00e1 exhausto de la vida y planea suicidarse, se enfrenta a la &#8216;situaci\u00f3n de monstruizaci\u00f3n humana&#8217; que comenz\u00f3 de repente. Los espeluznantes monstruos atacan a Hyun-soo con simples deseos. Hyun-soo le salva la vida con la ayuda de los supervivientes en el apartamento de Green Home. \u00bfPodr\u00e1n Hyun-soo y los supervivientes de Green Home sobrevivir hasta el final contra monstruos que no mueren con cicatrices?<\/span><\/p>\n<p><span data-mce-fragment=\"1\" style=\"color: #2b00ff;\"><br \/><\/span><\/p>\n<div style=\"padding-left: 30px;\"><strong>Author: Kim Kanbi <\/strong><\/div>\n<div style=\"padding-left: 30px;\"><span data-mce-fragment=\"1\">He debuted in 2007 as a webtoon creative group <em>Team Get Name<\/em> starting with his debut film <em>Professor Doll. <\/em>He then released <em>A Day of Excellence<\/em> and <em>Meloholic<\/em>. Since then, he has mainly worked as a story writer and published <em>City of the Dead Wizard<\/em>, <em>Freja Shik<\/em>, and <em>Unknown Code<\/em>. He is currently writing the stories of <em>Sweet Home<\/em>, <em>The Closed Man<\/em>, and <em>Pig Woori<\/em>.<\/span><\/div>\n<div style=\"padding-left: 30px;\"><strong>Illustrator: Hwang Young-chan<\/strong><\/div>\n<div style=\"padding-left: 30px;\"><span data-mce-fragment=\"1\">He debuted in 2009 with <em>Biheon <\/em>and in 2014, he collaborated with writer Kim Kanbi and released <em>Freja Shik <\/em>and <em>Sweet Home.<\/em><\/span><\/div>\n<p>\u00a0<\/p>\n<table cellpadding=\"0\" cellspacing=\"0\" width=\"749\" border=\"1\" dir=\"ltr\">\n<colgroup>\n<col width=\"203\">\n<col width=\"123\">\n<col width=\"80\">\n<col width=\"105\">\n<col width=\"109\">\n<col width=\"123\"> <\/colgroup>\n<tbody>\n<tr>\n<td style=\"text-align: center; width: 118.667px;\">\u00a0<\/td>\n<td data-sheets-value='{\"1\":2,\"2\":\"Book Name\"}' style=\"text-align: center; width: 80px;\"><strong>Book Name<\/strong><\/td>\n<td data-sheets-value='{\"1\":2,\"2\":\"Author\"}' style=\"text-align: center; width: 62.6667px;\"><strong>Author<\/strong><\/td>\n<td data-sheets-value='{\"1\":2,\"2\":\"Publication Date\"}' style=\"text-align: center; width: 88px;\"><strong>Publication Date<\/strong><\/td>\n<td data-sheets-value='{\"1\":2,\"2\":\"Number of Pages\"}' style=\"text-align: center; width: 80px;\"><strong>Number of Pages<\/strong><\/td>\n<td data-sheets-value='{\"1\":2,\"2\":\"Book size\"}' style=\"text-align: center; width: 78.6667px;\"><strong>Book size<\/strong><\/td>\n<\/tr>\n<tr>\n<td data-sheets-value='{\"1\":2,\"2\":\"Sweet Home Book Set (1~3)\"}' rowspan=\"3\" colspan=\"1\" style=\"text-align: center; width: 118.667px;\">\n<div><strong>Sweet Home Book Set (1~3)<\/strong><\/div>\n<\/td>\n<td data-sheets-value='{\"1\":2,\"2\":\"Sweet Home Vol. 1\"}' style=\"text-align: center; width: 80px;\">Sweet Home Vol. 1<\/td>\n<td data-sheets-value='{\"1\":2,\"2\":\"Kim Kanbi\"}' style=\"text-align: center; width: 62.6667px;\">Kim Kanbi<\/td>\n<td data-sheets-numberformat='{\"1\":5,\"2\":\"yyyy-mm-dd\",\"3\":1}' data-sheets-value='{\"1\":3,\"3\":43889}' style=\"text-align: center; width: 88px;\">2020-02-28<\/td>\n<td data-sheets-value='{\"1\":3,\"3\":324}' style=\"text-align: center; width: 80px;\">324<\/td>\n<td data-sheets-value='{\"1\":2,\"2\":\"149 * 211 * 27 mm\"}' style=\"text-align: center; width: 78.6667px;\">149 * 211 * 27 mm<\/td>\n<\/tr>\n<tr>\n<td data-sheets-value='{\"1\":2,\"2\":\"Sweet Home Vol. 2\"}' style=\"text-align: center; width: 80px;\">Sweet Home Vol. 2<\/td>\n<td data-sheets-value='{\"1\":2,\"2\":\"Kim Kanbi\"}' style=\"text-align: center; width: 62.6667px;\">Kim Kanbi<\/td>\n<td data-sheets-numberformat='{\"1\":5,\"2\":\"yyyy-mm-dd\",\"3\":1}' data-sheets-value='{\"1\":3,\"3\":43889}' style=\"text-align: center; width: 88px;\">2020-02-28<\/td>\n<td data-sheets-value='{\"1\":3,\"3\":276}' style=\"text-align: center; width: 80px;\">276<\/td>\n<td data-sheets-value='{\"1\":2,\"2\":\"150 * 210 * 22 mm\"}' style=\"text-align: center; width: 78.6667px;\">150 * 210 * 22 mm<\/td>\n<\/tr>\n<tr>\n<td data-sheets-value='{\"1\":2,\"2\":\"Sweet Home Vol. 3\"}' style=\"text-align: center; width: 80px;\">Sweet Home Vol. 3<\/td>\n<td data-sheets-value='{\"1\":2,\"2\":\"Kim Kanbi\"}' style=\"text-align: center; width: 62.6667px;\">Kim Kanbi<\/td>\n<td data-sheets-numberformat='{\"1\":5,\"2\":\"yyyy-mm-dd\",\"3\":1}' data-sheets-value='{\"1\":3,\"3\":43889}' style=\"text-align: center; width: 88px;\">2020-02-28<\/td>\n<td data-sheets-value='{\"1\":3,\"3\":264}' style=\"text-align: center; width: 80px;\">264<\/td>\n<td data-sheets-value='{\"1\":2,\"2\":\"150 * 211 * 22 mm\"}' style=\"text-align: center; width: 78.6667px;\">150 * 211 * 22 mm<\/td>\n<\/tr>\n<tr>\n<td data-sheets-value='{\"1\":2,\"2\":\"Sweet Home Book Set (4~6)\"}' rowspan=\"3\" colspan=\"1\" style=\"text-align: center; width: 118.667px;\">\n<div><strong>Sweet Home Book Set (4~6)<\/strong><\/div>\n<\/td>\n<td data-sheets-value='{\"1\":2,\"2\":\"Sweet Home Vol. 4\"}' style=\"text-align: center; width: 80px;\">Sweet Home Vol. 4<\/td>\n<td data-sheets-value='{\"1\":2,\"2\":\"Kim Kanbi\"}' style=\"text-align: center; width: 62.6667px;\">Kim Kanbi<\/td>\n<td data-sheets-numberformat='{\"1\":5,\"2\":\"yyyy-mm-dd\",\"3\":1}' data-sheets-value='{\"1\":3,\"3\":44119}' style=\"text-align: center; width: 88px;\">2020-10-15<\/td>\n<td data-sheets-value='{\"1\":3,\"3\":328}' style=\"text-align: center; width: 80px;\">328<\/td>\n<td data-sheets-value='{\"1\":2,\"2\":\"149 * 211 * 24 mm\"}' style=\"text-align: center; width: 78.6667px;\">149 * 211 * 24 mm<\/td>\n<\/tr>\n<tr>\n<td data-sheets-value='{\"1\":2,\"2\":\"Sweet Home Vol. 5\"}' style=\"text-align: center; width: 80px;\">Sweet Home Vol. 5<\/td>\n<td data-sheets-value='{\"1\":2,\"2\":\"Kim Kanbi\"}' style=\"text-align: center; width: 62.6667px;\">Kim Kanbi<\/td>\n<td data-sheets-numberformat='{\"1\":5,\"2\":\"yyyy-mm-dd\",\"3\":1}' data-sheets-value='{\"1\":3,\"3\":44119}' style=\"text-align: center; width: 88px;\">2020-10-15<\/td>\n<td data-sheets-value='{\"1\":3,\"3\":324}' style=\"text-align: center; width: 80px;\">324<\/td>\n<td data-sheets-value='{\"1\":2,\"2\":\"149 * 210 * 25 mm\"}' style=\"text-align: center; width: 78.6667px;\">149 * 210 * 25 mm<\/td>\n<\/tr>\n<tr>\n<td data-sheets-value='{\"1\":2,\"2\":\"Sweet Home Vol. 6\"}' style=\"text-align: center; width: 80px;\">Sweet Home Vol. 6<\/td>\n<td data-sheets-value='{\"1\":2,\"2\":\"Kim Kanbi\"}' style=\"text-align: center; width: 62.6667px;\">Kim Kanbi<\/td>\n<td data-sheets-numberformat='{\"1\":5,\"2\":\"yyyy-mm-dd\",\"3\":1}' data-sheets-value='{\"1\":3,\"3\":44119}' style=\"text-align: center; width: 88px;\">2020-10-15<\/td>\n<td data-sheets-value='{\"1\":3,\"3\":348}' style=\"text-align: center; width: 80px;\">348<\/td>\n<td data-sheets-value='{\"1\":2,\"2\":\"149 * 210 * 26 mm\"}' style=\"text-align: center; width: 78.6667px;\">149 * 210 * 26 mm<\/td>\n<\/tr>\n<\/tbody>\n<\/table>\n<div style=\"padding-left: 30px;\">\u00a0<\/div>\n<div><span data-mce-fragment=\"1\"><img fetchpriority=\"high\" decoding=\"async\" height=\"3655\" width=\"751\" alt=\"Sweet Home Set (1-3)\" src=\"https:\/\/cdn.shopify.com\/s\/files\/1\/0019\/8102\/2321\/files\/Sweet_Home_Set_1-3_books.jpg?v=1611308576\"><img decoding=\"async\" data-mce-fragment=\"1\" height=\"3904\" width=\"750\" alt=\"Sweet Home Set (4-6)\" src=\"https:\/\/cdn.shopify.com\/s\/files\/1\/0019\/8102\/2321\/files\/Sweet_Home_Set_4-6_books.jpg?v=1611308598\"><\/span><\/div>","protected":false},"excerpt":{"rendered":"<p>Solo versi\u00f3n coreana (no hay traducci\u00f3n al ingl\u00e9s\u00a0o espa\u00f1ol disponible) 1st place in 11 countries around the world, a cartoon based on the popular Netflix original series, Sweet Home! 1er lugar en 11 pa\u00edses de todo el mundo, una caricatura basada en la popular serie original de Netflix, Sweet Home! From October 2017 to June [&hellip;]<\/p>\n","protected":false},"featured_media":39211,"template":"","meta":[],"product_brand":[4536],"product_cat":[4872,4348,4400],"product_tag":[7932],"class_list":{"0":"post-19559","1":"product","2":"type-product","3":"status-publish","4":"has-post-thumbnail","6":"product_brand-stock-in-korea","7":"product_cat-iva-reducida","8":"product_cat-k-product","9":"product_cat-kstoryfromkorea","10":"product_tag-sweet","12":"first","13":"instock","14":"sale","15":"taxable","16":"shipping-taxable","17":"purchasable","18":"product-type-variable"},"jetpack_sharing_enabled":true,"_links":{"self":[{"href":"https:\/\/kstoryespana.com\/es\/wp-json\/wp\/v2\/product\/19559","targetHints":{"allow":["GET"]}}],"collection":[{"href":"https:\/\/kstoryespana.com\/es\/wp-json\/wp\/v2\/product"}],"about":[{"href":"https:\/\/kstoryespana.com\/es\/wp-json\/wp\/v2\/types\/product"}],"wp:featuredmedia":[{"embeddable":true,"href":"https:\/\/kstoryespana.com\/es\/wp-json\/wp\/v2\/media\/39211"}],"wp:attachment":[{"href":"https:\/\/kstoryespana.com\/es\/wp-json\/wp\/v2\/media?parent=19559"}],"wp:term":[{"taxonomy":"product_brand","embeddable":true,"href":"https:\/\/kstoryespana.com\/es\/wp-json\/wp\/v2\/product_brand?post=19559"},{"taxonomy":"product_cat","embeddable":true,"href":"https:\/\/kstoryespana.com\/es\/wp-json\/wp\/v2\/product_cat?post=19559"},{"taxonomy":"product_tag","embeddable":true,"href":"https:\/\/kstoryespana.com\/es\/wp-json\/wp\/v2\/product_tag?post=19559"}],"curies":[{"name":"wp","href":"https:\/\/api.w.org\/{rel}","templated":true}]}}