{"id":18420,"date":"2025-05-27T22:31:52","date_gmt":"2025-05-27T22:31:52","guid":{"rendered":"https:\/\/kstoryespana.com\/?product=stayc-3rd-single-album-we-need-love-digipack-ver-limited"},"modified":"2026-05-03T21:29:57","modified_gmt":"2026-05-03T19:29:57","slug":"pre-order-stayc-3rd-single-album-we-need-love-digipack-ver-limited","status":"publish","type":"product","link":"https:\/\/kstoryespana.com\/es\/product\/pre-order-stayc-3rd-single-album-we-need-love-digipack-ver-limited\/","title":{"rendered":"STAYC &#8211; 3rd Single Album : WE NEED LOVE (DIGIPACK ver.Limited)"},"excerpt":{"rendered":"<p>Release date:\u00a0July\u00a020, 2022 [POSTER]\u00a0 STAY C &#8211; We need love ** Noticia importante : La caja \/ caja exterior es simplemente para proteger la mercanc\u00eda. (Los da\u00f1os como ara\u00f1azos o decoloraci\u00f3n de la carcasa \/ caja no est\u00e1n cubiertos).<\/p>\n","protected":false},"featured_media":38532,"template":"","meta":[],"product_brand":[],"product_cat":[7225,4400],"product_tag":[7901],"class_list":{"0":"post-18420","1":"product","2":"type-product","3":"status-publish","4":"has-post-thumbnail","6":"product_cat-album-2","7":"product_cat-kstoryfromkorea","8":"product_tag-stayc","10":"first","11":"instock","12":"taxable","13":"shipping-taxable","14":"purchasable","15":"product-type-simple"},"jetpack_sharing_enabled":true,"_links":{"self":[{"href":"https:\/\/kstoryespana.com\/es\/wp-json\/wp\/v2\/product\/18420","targetHints":{"allow":["GET"]}}],"collection":[{"href":"https:\/\/kstoryespana.com\/es\/wp-json\/wp\/v2\/product"}],"about":[{"href":"https:\/\/kstoryespana.com\/es\/wp-json\/wp\/v2\/types\/product"}],"wp:featuredmedia":[{"embeddable":true,"href":"https:\/\/kstoryespana.com\/es\/wp-json\/wp\/v2\/media\/38532"}],"wp:attachment":[{"href":"https:\/\/kstoryespana.com\/es\/wp-json\/wp\/v2\/media?parent=18420"}],"wp:term":[{"taxonomy":"product_brand","embeddable":true,"href":"https:\/\/kstoryespana.com\/es\/wp-json\/wp\/v2\/product_brand?post=18420"},{"taxonomy":"product_cat","embeddable":true,"href":"https:\/\/kstoryespana.com\/es\/wp-json\/wp\/v2\/product_cat?post=18420"},{"taxonomy":"product_tag","embeddable":true,"href":"https:\/\/kstoryespana.com\/es\/wp-json\/wp\/v2\/product_tag?post=18420"}],"curies":[{"name":"wp","href":"https:\/\/api.w.org\/{rel}","templated":true}]}}