{"id":18415,"date":"2025-05-27T22:31:51","date_gmt":"2025-05-27T22:31:51","guid":{"rendered":"https:\/\/kstoryespana.com\/?product=stayc-3rd-single-album-we-need-love"},"modified":"2026-05-02T09:34:20","modified_gmt":"2026-05-02T07:34:20","slug":"pre-order-stayc-3rd-single-album-we-need-love","status":"publish","type":"product","link":"https:\/\/kstoryespana.com\/es\/producto\/pre-order-stayc-3rd-single-album-we-need-love\/","title":{"rendered":"STAYC &#8211; 3rd Single Album : WE NEED LOVE"},"content":{"rendered":"<div style=\"text-align: center;\" data-mce-style=\"text-align: center;\"><\/div>\n<h3 style=\"text-align: center;\" data-mce-style=\"text-align: center;\">Release date: <span color=\"#ff2a00\" style=\"color: #ff2a00;\">July<\/span><span style=\"color: #f10808;\" data-mce-style=\"color: #f10808;\">\u00a020, 2022<\/span><br \/>\n<\/h3>\n<p style=\"text-align: center;\">\u00a0<\/p>\n<ul class=\"ul1\">\n<li class=\"li1\">STAYC &#8211; 3rd Single Album : WE NEED LOVE<\/li>\n<\/ul>\n<ul class=\"ul1\">\n<li><a href=\"https:\/\/kstoryespana.es\/products\/poster-171-stay-c-we-need-love?utm_source=copyToPasteBoard&#038;utm_medium=product-links&#038;utm_content=web\"><strong>[POSTER]\u00a0 STAY C &#8211; We need love<\/strong><\/a><\/li>\n<\/ul>\n<p class=\"p2\"><strong>** Noticia importante : La caja \/ caja exterior es simplemente para proteger la mercanc\u00eda. (Los da\u00f1os como ara\u00f1azos o decoloraci\u00f3n de la carcasa \/ caja no est\u00e1n cubiertos)<\/strong>.<\/p>\n<p class=\"p2\"><img decoding=\"async\" alt=\"\" src=\"https:\/\/cdn.shopify.com\/s\/files\/1\/0579\/9454\/3257\/files\/3__we-need-love.jpg?v=1656660679\"><\/p>\n<div style=\"text-align: center;\" data-mce-style=\"text-align: center;\"><\/div>\n<div style=\"text-align: center;\" data-mce-style=\"text-align: center;\"><\/div>\n<div style=\"text-align: center;\" data-mce-style=\"text-align: center;\"><\/div>\n","protected":false},"excerpt":{"rendered":"<p>Release date: July\u00a020, 2022 \u00a0 STAYC &#8211; 3rd Single Album : WE NEED LOVE [POSTER]\u00a0 STAY C &#8211; We need love ** Noticia importante : La caja \/ caja exterior es simplemente para proteger la mercanc\u00eda. (Los da\u00f1os como ara\u00f1azos o decoloraci\u00f3n de la carcasa \/ caja no est\u00e1n cubiertos).<\/p>\n","protected":false},"featured_media":38531,"template":"","meta":[],"product_brand":[4536],"product_cat":[7225],"product_tag":[7901],"class_list":{"0":"post-18415","1":"product","2":"type-product","3":"status-publish","4":"has-post-thumbnail","6":"product_brand-stock-in-korea","7":"product_cat-album-2","8":"product_tag-stayc","10":"first","11":"instock","12":"taxable","13":"shipping-taxable","14":"purchasable","15":"product-type-variable"},"jetpack_sharing_enabled":true,"_links":{"self":[{"href":"https:\/\/kstoryespana.com\/es\/wp-json\/wp\/v2\/product\/18415","targetHints":{"allow":["GET"]}}],"collection":[{"href":"https:\/\/kstoryespana.com\/es\/wp-json\/wp\/v2\/product"}],"about":[{"href":"https:\/\/kstoryespana.com\/es\/wp-json\/wp\/v2\/types\/product"}],"wp:featuredmedia":[{"embeddable":true,"href":"https:\/\/kstoryespana.com\/es\/wp-json\/wp\/v2\/media\/38531"}],"wp:attachment":[{"href":"https:\/\/kstoryespana.com\/es\/wp-json\/wp\/v2\/media?parent=18415"}],"wp:term":[{"taxonomy":"product_brand","embeddable":true,"href":"https:\/\/kstoryespana.com\/es\/wp-json\/wp\/v2\/product_brand?post=18415"},{"taxonomy":"product_cat","embeddable":true,"href":"https:\/\/kstoryespana.com\/es\/wp-json\/wp\/v2\/product_cat?post=18415"},{"taxonomy":"product_tag","embeddable":true,"href":"https:\/\/kstoryespana.com\/es\/wp-json\/wp\/v2\/product_tag?post=18415"}],"curies":[{"name":"wp","href":"https:\/\/api.w.org\/{rel}","templated":true}]}}