{"id":18413,"date":"2025-05-27T22:31:50","date_gmt":"2025-05-27T22:31:50","guid":{"rendered":"https:\/\/kstoryespana.com\/?product=stayc-2nd-mini-album-young-luv-com-jewel-case-ver-option-member"},"modified":"2026-04-29T19:53:13","modified_gmt":"2026-04-29T17:53:13","slug":"pre-order-stayc-2nd-mini-album-young-luv-com-jewel-case-ver","status":"publish","type":"product","link":"https:\/\/kstoryespana.com\/es\/producto\/pre-order-stayc-2nd-mini-album-young-luv-com-jewel-case-ver\/","title":{"rendered":"STAYC &#8211; 2ND MINI ALBUM YOUNG-LUV.COM JEWEL CASE VER.(Option Member)"},"content":{"rendered":"<div style=\"text-align: center;\">\n<span style=\"color: #000000;\"><span style=\"color: #000000;\"><strong data-mce-fragment=\"1\">Release date:\u00a0<\/strong><\/span><\/span><strong data-mce-fragment=\"1\"><span data-mce-fragment=\"1\"><span style=\"color: #ff2a00;\">\u00a0February\u00a022nd 2022<\/span>.<\/span><\/strong><\/p>\n<div data-mce-fragment=\"1\">\n<div data-mce-fragment=\"1\">\n<div data-mce-fragment=\"1\">\u00a0<\/div>\n<\/div>\n<\/div>\n<div data-mce-fragment=\"1\">\n<div data-mce-fragment=\"1\">\n<div data-mce-fragment=\"1\">\u00a0<\/div>\n<\/div>\n<\/div>\n<\/div>\n<ul>\n<li><strong>STAYC&#8217;s 2nd Mini Album &#8211; YOUNG-LUV.COM (JEWEL CASE ver.)<br \/>[ SUMIN ver. \/ SIEUN ver. \/ ISA ver. \/ SEEUN ver. \/ YOON ver. \/ J ver. ]\n<p><\/strong><\/li>\n<li>\n<span style=\"color: #ff2a00;\"><strong data-mce-fragment=\"1\">FIRST PRESS ONLY\u3163SUPER LIMITED, FIRST COME FIRST SERVE<br data-mce-fragment=\"1\"><\/strong><\/span>&#8211; 1\u00a0Poster<br \/><strong><br \/><\/strong>\n<\/li>\n<li>\n<strong data-mce-fragment=\"1\"><span data-mce-fragment=\"1\">Contents for Each Version :<\/span><\/strong><br \/>&#8211; 1\u00a0Photo book (12p, Random 1 out of 6 ver.)<br \/><span data-mce-fragment=\"1\">&#8211;\u00a01 CD<\/span><br \/><span data-mce-fragment=\"1\">&#8211; 1 Photo card (Random 1 out of 6)<\/span><\/p>\n<\/li>\n<\/ul>\n<div>\n<meta charset=\"utf-8\"><\/p>\n<ul>\n<li><b>Noticia important :\u00a0La caja \/ caja exterior es simplemente para proteger la mercanc\u00eda. (Los da\u00f1os como ara\u00f1azos o decoloraci\u00f3n de la carcasa \/ caja no est\u00e1n cubiertos).<\/b><\/li>\n<\/ul>\n<\/div>\n<p><span data-sheets-userformat='{\"2\":4735,\"3\":{\"1\":0},\"4\":{\"1\":2,\"2\":16777215},\"5\":{\"1\":[{\"1\":2,\"2\":0,\"5\":{\"1\":2,\"2\":0}},{\"1\":0,\"2\":0,\"3\":3},{\"1\":1,\"2\":0,\"4\":1}]},\"6\":{\"1\":[{\"1\":2,\"2\":0,\"5\":{\"1\":2,\"2\":0}},{\"1\":0,\"2\":0,\"3\":3},{\"1\":1,\"2\":0,\"4\":1}]},\"7\":{\"1\":[{\"1\":2,\"2\":0,\"5\":{\"1\":2,\"2\":0}},{\"1\":0,\"2\":0,\"3\":3},{\"1\":1,\"2\":0,\"4\":1}]},\"8\":{\"1\":[{\"1\":2,\"2\":0,\"5\":{\"1\":2,\"2\":0}},{\"1\":0,\"2\":0,\"3\":3},{\"1\":1,\"2\":0,\"4\":1}]},\"9\":1,\"12\":0,\"15\":\"Arial\"}' data-sheets-value='{\"1\":2,\"2\":\"Feb 14th\"}'><img decoding=\"async\" src=\"https:\/\/cdn.shopify.com\/s\/files\/1\/0559\/4356\/1408\/files\/2_-YOUNGLUVCOM-_ver.jpg?v=1644993602\" alt=\"\"><\/span><\/p>\n","protected":false},"excerpt":{"rendered":"<p>Release date:\u00a0\u00a0February\u00a022nd 2022. \u00a0 \u00a0 STAYC&#8217;s 2nd Mini Album &#8211; YOUNG-LUV.COM (JEWEL CASE ver.)[ SUMIN ver. \/ SIEUN ver. \/ ISA ver. \/ SEEUN ver. \/ YOON ver. \/ J ver. ] FIRST PRESS ONLY\u3163SUPER LIMITED, FIRST COME FIRST SERVE&#8211; 1\u00a0Poster Contents for Each Version :&#8211; 1\u00a0Photo book (12p, Random 1 out of 6 ver.)&#8211;\u00a01 [&hellip;]<\/p>\n","protected":false},"featured_media":38522,"template":"","meta":[],"product_brand":[4536],"product_cat":[7225],"product_tag":[7901],"class_list":{"0":"post-18413","1":"product","2":"type-product","3":"status-publish","4":"has-post-thumbnail","6":"product_brand-stock-in-korea","7":"product_cat-album-2","8":"product_tag-stayc","10":"first","11":"instock","12":"taxable","13":"shipping-taxable","14":"purchasable","15":"product-type-variable"},"jetpack_sharing_enabled":true,"_links":{"self":[{"href":"https:\/\/kstoryespana.com\/es\/wp-json\/wp\/v2\/product\/18413","targetHints":{"allow":["GET"]}}],"collection":[{"href":"https:\/\/kstoryespana.com\/es\/wp-json\/wp\/v2\/product"}],"about":[{"href":"https:\/\/kstoryespana.com\/es\/wp-json\/wp\/v2\/types\/product"}],"wp:featuredmedia":[{"embeddable":true,"href":"https:\/\/kstoryespana.com\/es\/wp-json\/wp\/v2\/media\/38522"}],"wp:attachment":[{"href":"https:\/\/kstoryespana.com\/es\/wp-json\/wp\/v2\/media?parent=18413"}],"wp:term":[{"taxonomy":"product_brand","embeddable":true,"href":"https:\/\/kstoryespana.com\/es\/wp-json\/wp\/v2\/product_brand?post=18413"},{"taxonomy":"product_cat","embeddable":true,"href":"https:\/\/kstoryespana.com\/es\/wp-json\/wp\/v2\/product_cat?post=18413"},{"taxonomy":"product_tag","embeddable":true,"href":"https:\/\/kstoryespana.com\/es\/wp-json\/wp\/v2\/product_tag?post=18413"}],"curies":[{"name":"wp","href":"https:\/\/api.w.org\/{rel}","templated":true}]}}