{"id":18410,"date":"2025-05-27T22:31:49","date_gmt":"2025-05-27T22:31:49","guid":{"rendered":"https:\/\/kstoryespana.com\/?product=stayc-2nd-mini-album-young-luv-com"},"modified":"2026-05-03T22:09:20","modified_gmt":"2026-05-03T20:09:20","slug":"pre-order-stayc-2nd-mini-album-young-luv-com","status":"publish","type":"product","link":"https:\/\/kstoryespana.com\/es\/product\/pre-order-stayc-2nd-mini-album-young-luv-com\/","title":{"rendered":"STAYC &#8211; 2ND MINI ALBUM YOUNG-LUV.COM"},"content":{"rendered":"<div style=\"text-align: center;\">\n<span data-mce-fragment=\"1\">\u00a0<\/span><strong data-mce-fragment=\"1\">Release date:\u00a0<\/strong><strong data-mce-fragment=\"1\"><span data-mce-fragment=\"1\"><span style=\"color: #ff2a00;\">February 22nd 2022<\/span>.<\/span><\/strong><\/p>\n<div>\n<div>\n<div><strong>\u00a0<\/strong><\/div>\n<\/div>\n<\/div>\n<\/div>\n<ul>\n<li><strong>STAYC&#8217;s 2nd Mini Album &#8211;\u00a0YOUNG-LUV.COM<br \/>[\u00a0YOUNG ver. \/\u00a0LUV ver. ]\n<p><\/strong><\/li>\n<\/ul>\n<ul>\n<li>\n<span style=\"color: #ff2a00;\"><strong data-mce-fragment=\"1\">FIRST PRESS ONLY\u3163SUPER LIMITED, FIRST COME FIRST SERVE<br \/><\/strong><\/span>&#8211; 1 Poster (Random 1 out of 2)<\/p>\n<\/li>\n<li>\n<strong data-mce-fragment=\"1\"><span data-mce-fragment=\"1\">Contents for Each Version :<\/span><\/strong><br \/><span data-mce-fragment=\"1\">&#8211; 1 Photo Book (80p)<br \/>&#8211; 1 CD and CD Tray<br \/>&#8211; 1\u00a0Folding poster\u00a0(Random 1 out of 6)<br \/>&#8211; 1\u00a0Wide polaroid photo (Random 1 out of 6)<br \/>&#8211; 1\u00a0Photo card\u00a0(Random 1 out of 6)<br \/>&#8211; 1 STAYC official fragrance card<br \/>&#8211; 1 Lettering tattoo sticker<br \/>&#8211; 1 AR photo card\u00a0(Random 1 out of 6)<br \/><\/span>\n<\/li>\n<\/ul>\n<ul>\n<li>\n<b>Noticia important :<\/b><br \/><b>La caja \/ caja exterior es simplemente para proteger la mercanc\u00eda. (Los da\u00f1os como ara\u00f1azos o decoloraci\u00f3n de la carcasa \/ caja no est\u00e1n cubiertos).<\/b>\n<\/li>\n<\/ul>\n<p><img decoding=\"async\" src=\"https:\/\/cdn.shopify.com\/s\/files\/1\/0559\/4356\/1408\/files\/2__YOUNGLUVCOM.jpg?v=1644326090\" alt=\"\"><\/p>\n","protected":false},"excerpt":{"rendered":"<p>\u00a0Release date:\u00a0February 22nd 2022. \u00a0 STAYC&#8217;s 2nd Mini Album &#8211;\u00a0YOUNG-LUV.COM[\u00a0YOUNG ver. \/\u00a0LUV ver. ] FIRST PRESS ONLY\u3163SUPER LIMITED, FIRST COME FIRST SERVE&#8211; 1 Poster (Random 1 out of 2) Contents for Each Version :&#8211; 1 Photo Book (80p)&#8211; 1 CD and CD Tray&#8211; 1\u00a0Folding poster\u00a0(Random 1 out of 6)&#8211; 1\u00a0Wide polaroid photo (Random 1 out [&hellip;]<\/p>\n","protected":false},"featured_media":38515,"template":"","meta":[],"product_brand":[4536],"product_cat":[7225,4400],"product_tag":[7901],"class_list":{"0":"post-18410","1":"product","2":"type-product","3":"status-publish","4":"has-post-thumbnail","6":"product_brand-stock-in-korea","7":"product_cat-album-2","8":"product_cat-kstoryfromkorea","9":"product_tag-stayc","11":"first","12":"instock","13":"taxable","14":"shipping-taxable","15":"purchasable","16":"product-type-variable"},"_links":{"self":[{"href":"https:\/\/kstoryespana.com\/es\/wp-json\/wp\/v2\/product\/18410","targetHints":{"allow":["GET"]}}],"collection":[{"href":"https:\/\/kstoryespana.com\/es\/wp-json\/wp\/v2\/product"}],"about":[{"href":"https:\/\/kstoryespana.com\/es\/wp-json\/wp\/v2\/types\/product"}],"wp:featuredmedia":[{"embeddable":true,"href":"https:\/\/kstoryespana.com\/es\/wp-json\/wp\/v2\/media\/38515"}],"wp:attachment":[{"href":"https:\/\/kstoryespana.com\/es\/wp-json\/wp\/v2\/media?parent=18410"}],"wp:term":[{"taxonomy":"product_brand","embeddable":true,"href":"https:\/\/kstoryespana.com\/es\/wp-json\/wp\/v2\/product_brand?post=18410"},{"taxonomy":"product_cat","embeddable":true,"href":"https:\/\/kstoryespana.com\/es\/wp-json\/wp\/v2\/product_cat?post=18410"},{"taxonomy":"product_tag","embeddable":true,"href":"https:\/\/kstoryespana.com\/es\/wp-json\/wp\/v2\/product_tag?post=18410"}],"curies":[{"name":"wp","href":"https:\/\/api.w.org\/{rel}","templated":true}]}}