{"id":18409,"date":"2025-05-27T22:31:49","date_gmt":"2025-05-27T22:31:49","guid":{"rendered":"https:\/\/kstoryespana.com\/?product=stayc-1st-single-album-star-to-a-young-culture"},"modified":"2026-04-29T19:53:10","modified_gmt":"2026-04-29T17:53:10","slug":"stayc-1st-single-album-star-to-a-young-culture","status":"publish","type":"product","link":"https:\/\/kstoryespana.com\/es\/producto\/stayc-1st-single-album-star-to-a-young-culture\/","title":{"rendered":"STAYC &#8211; 1st SINGLE ALBUM [Star To A Young Culture]"},"content":{"rendered":"<div style=\"text-align: center;\" data-mce-style=\"text-align: center;\">\n<strong><strong><strong>Release date:<\/strong><\/strong><\/strong><strong><span style=\"color: #ff2a00;\" data-mce-style=\"color: #ff2a00;\">\u00a0November 13th 2020.<\/span><\/strong><\/p>\n<div>\n<div>\n<div><strong><br \/><\/strong><\/div>\n<\/div>\n<\/div>\n<\/div>\n<ul data-mce-fragment=\"1\">\n<li><strong>STAYC &#8211; 1st SINGLE ALBUM [Star To A Young Culture]\n<p><\/strong><\/li>\n<li data-mce-fragment=\"1\">\n<b>Noticia Importante:\u00a0<\/b><br \/><b>La caja \/ caja exterior es simplemente para proteger la mercanc\u00eda. (Los da\u00f1os como ara\u00f1azos o decoloraci\u00f3n de la carcasa \/ caja no est\u00e1n cubiertos).<\/b>\n<\/li>\n<\/ul>\n<p>\u00a0<img decoding=\"async\" src=\"https:\/\/cdn.shopify.com\/s\/files\/1\/0579\/9454\/3257\/files\/Star_To_A_Young_Culture_2.jpg?v=1640262404\" alt=\"\" data-mce-src=\"https:\/\/cdn.shopify.com\/s\/files\/1\/0579\/9454\/3257\/files\/Star_To_A_Young_Culture_2.jpg?v=1640262404\" data-mce-fragment=\"1\"><\/p>\n","protected":false},"excerpt":{"rendered":"<p>Release date:\u00a0November 13th 2020. STAYC &#8211; 1st SINGLE ALBUM [Star To A Young Culture] Noticia Importante:\u00a0La caja \/ caja exterior es simplemente para proteger la mercanc\u00eda. (Los da\u00f1os como ara\u00f1azos o decoloraci\u00f3n de la carcasa \/ caja no est\u00e1n cubiertos). \u00a0<\/p>\n","protected":false},"featured_media":38514,"template":"","meta":[],"product_brand":[4536],"product_cat":[7225],"product_tag":[7901],"class_list":{"0":"post-18409","1":"product","2":"type-product","3":"status-publish","4":"has-post-thumbnail","6":"product_brand-stock-in-korea","7":"product_cat-album-2","8":"product_tag-stayc","10":"first","11":"instock","12":"sale","13":"taxable","14":"shipping-taxable","15":"purchasable","16":"product-type-simple"},"jetpack_sharing_enabled":true,"_links":{"self":[{"href":"https:\/\/kstoryespana.com\/es\/wp-json\/wp\/v2\/product\/18409","targetHints":{"allow":["GET"]}}],"collection":[{"href":"https:\/\/kstoryespana.com\/es\/wp-json\/wp\/v2\/product"}],"about":[{"href":"https:\/\/kstoryespana.com\/es\/wp-json\/wp\/v2\/types\/product"}],"wp:featuredmedia":[{"embeddable":true,"href":"https:\/\/kstoryespana.com\/es\/wp-json\/wp\/v2\/media\/38514"}],"wp:attachment":[{"href":"https:\/\/kstoryespana.com\/es\/wp-json\/wp\/v2\/media?parent=18409"}],"wp:term":[{"taxonomy":"product_brand","embeddable":true,"href":"https:\/\/kstoryespana.com\/es\/wp-json\/wp\/v2\/product_brand?post=18409"},{"taxonomy":"product_cat","embeddable":true,"href":"https:\/\/kstoryespana.com\/es\/wp-json\/wp\/v2\/product_cat?post=18409"},{"taxonomy":"product_tag","embeddable":true,"href":"https:\/\/kstoryespana.com\/es\/wp-json\/wp\/v2\/product_tag?post=18409"}],"curies":[{"name":"wp","href":"https:\/\/api.w.org\/{rel}","templated":true}]}}