{"id":18321,"date":"2025-05-27T22:31:25","date_gmt":"2025-05-27T22:31:25","guid":{"rendered":"https:\/\/kstoryespana.com\/?product=solar-1st-mini-album-%e5%ae%b9-face"},"modified":"2026-05-03T21:29:53","modified_gmt":"2026-05-03T19:29:53","slug":"pre-order-solar-1st-mini-album-face","status":"publish","type":"product","link":"https:\/\/kstoryespana.com\/es\/producto\/pre-order-solar-1st-mini-album-face\/","title":{"rendered":"SOLAR &#8211; 1ST MINI ALBUM \u5bb9 FACE"},"content":{"rendered":"<div style=\"text-align: center;\">\n<span style=\"color: #000000;\"><span style=\"color: #000000;\"><strong data-mce-fragment=\"1\">Release date:\u00a0<\/strong><\/span><\/span><strong data-mce-fragment=\"1\"><span data-mce-fragment=\"1\"><span style=\"color: #ff2a00;\">\u00a0March 17th\u00a02022<\/span>.<\/span><\/strong><\/p>\n<div data-mce-fragment=\"1\">\n<div data-mce-fragment=\"1\">\n<div data-mce-fragment=\"1\">\u00a0<\/div>\n<\/div>\n<\/div>\n<\/div>\n<ul>\n<li><strong>SOLAR&#8217;s\u00a01st Mini Album &#8211; <span data-mce-fragment=\"1\">\u5bb9 : FACE<\/span><br \/>[ FACE ver. \/\u00a0<span data-mce-fragment=\"1\">PERSONA\u00a0<\/span>ver. ]\n<p><\/strong><\/li>\n<li><a href=\"https:\/\/kstoryespana.es\/products\/poster-38-solar-face?utm_source=copyToPasteBoard&#038;utm_medium=product-links&#038;utm_content=web\"><strong>[POSTER]\u00a0Solar Face<\/strong><\/a><\/li>\n<\/ul>\n<ul>\n<li>\n<strong data-mce-fragment=\"1\"><span data-mce-fragment=\"1\">Contents for Each Version :<\/span><\/strong><br \/>&#8211; 1 Photo book (128p)<br \/><span data-mce-fragment=\"1\">&#8211;\u00a01\u00a0CD-R\u00a0\u00a0<\/span><br \/><span data-mce-fragment=\"1\">&#8211; 1\u00a0Message card\u00a0(Random 1 out of 4)<br \/><\/span>&#8211; 1\u00a0Sticker<br \/>&#8211; 2 Photo card (<span data-mce-fragment=\"1\">Random 2 out of 20<\/span>)<\/p>\n<\/li>\n<\/ul>\n<ul>\n<li data-mce-fragment=\"1\">\n<meta charset=\"utf-8\"> <b data-mce-fragment=\"1\">Noticia important :\u00a0La caja \/ caja exterior es simplemente para proteger la mercanc\u00eda. (Los da\u00f1os como ara\u00f1azos o decoloraci\u00f3n de la carcasa \/ caja no est\u00e1n cubiertos).<\/b>\n<\/li>\n<\/ul>\n<p><img decoding=\"async\" alt=\"\" src=\"https:\/\/cdn.shopify.com\/s\/files\/1\/0559\/4356\/1408\/files\/L200002367.jpg?v=1646035665\"><\/p>\n","protected":false},"excerpt":{"rendered":"<p>Release date:\u00a0\u00a0March 17th\u00a02022. \u00a0 SOLAR&#8217;s\u00a01st Mini Album &#8211; \u5bb9 : FACE[ FACE ver. \/\u00a0PERSONA\u00a0ver. ] [POSTER]\u00a0Solar Face Contents for Each Version :&#8211; 1 Photo book (128p)&#8211;\u00a01\u00a0CD-R\u00a0\u00a0&#8211; 1\u00a0Message card\u00a0(Random 1 out of 4)&#8211; 1\u00a0Sticker&#8211; 2 Photo card (Random 2 out of 20) Noticia important :\u00a0La caja \/ caja exterior es simplemente para proteger la mercanc\u00eda. (Los [&hellip;]<\/p>\n","protected":false},"featured_media":38415,"template":"","meta":[],"product_brand":[4536],"product_cat":[7225,4400],"product_tag":[7698],"class_list":{"0":"post-18321","1":"product","2":"type-product","3":"status-publish","4":"has-post-thumbnail","6":"product_brand-stock-in-korea","7":"product_cat-album-2","8":"product_cat-kstoryfromkorea","9":"product_tag-mamamoo","11":"first","12":"instock","13":"taxable","14":"shipping-taxable","15":"purchasable","16":"product-type-variable"},"jetpack_sharing_enabled":true,"_links":{"self":[{"href":"https:\/\/kstoryespana.com\/es\/wp-json\/wp\/v2\/product\/18321","targetHints":{"allow":["GET"]}}],"collection":[{"href":"https:\/\/kstoryespana.com\/es\/wp-json\/wp\/v2\/product"}],"about":[{"href":"https:\/\/kstoryespana.com\/es\/wp-json\/wp\/v2\/types\/product"}],"wp:featuredmedia":[{"embeddable":true,"href":"https:\/\/kstoryespana.com\/es\/wp-json\/wp\/v2\/media\/38415"}],"wp:attachment":[{"href":"https:\/\/kstoryespana.com\/es\/wp-json\/wp\/v2\/media?parent=18321"}],"wp:term":[{"taxonomy":"product_brand","embeddable":true,"href":"https:\/\/kstoryespana.com\/es\/wp-json\/wp\/v2\/product_brand?post=18321"},{"taxonomy":"product_cat","embeddable":true,"href":"https:\/\/kstoryespana.com\/es\/wp-json\/wp\/v2\/product_cat?post=18321"},{"taxonomy":"product_tag","embeddable":true,"href":"https:\/\/kstoryespana.com\/es\/wp-json\/wp\/v2\/product_tag?post=18321"}],"curies":[{"name":"wp","href":"https:\/\/api.w.org\/{rel}","templated":true}]}}