{"id":18313,"date":"2025-05-27T22:31:22","date_gmt":"2025-05-27T22:31:22","guid":{"rendered":"https:\/\/kstoryespana.com\/?product=snowdrop-%ec%84%a4%ea%b0%95%ed%99%94-ost-2cd"},"modified":"2026-05-03T20:40:00","modified_gmt":"2026-05-03T18:40:00","slug":"pre-order-snowdrop-ost-2cd","status":"publish","type":"product","link":"https:\/\/kstoryespana.com\/es\/product\/pre-order-snowdrop-ost-2cd\/","title":{"rendered":"SNOWDROP \uc124\uac15\ud654 &#8211; OST (2CD)"},"excerpt":{"rendered":"<p>Release date:\u00a0\u00a0March\u00a07th 2022. \u00a0 \u00a0 SNOWDROP \uc124\uac15\ud654 OST\u00a0 Package :&#8211; 1 Photo book (168p)&#8211; 1 Envelope&#8211; 2 CD-R&#8211; 1\u00a0Film Photo Set (12ea)&#8211; 1 Polaroid Set (5ea) Noticia important :La caja \/ caja exterior es simplemente para proteger la mercanc\u00eda. (Los da\u00f1os como ara\u00f1azos o decoloraci\u00f3n de la carcasa \/ caja no est\u00e1n cubiertos).<\/p>","protected":false},"featured_media":38408,"template":"","meta":[],"product_brand":[4536],"product_cat":[7225,4400],"product_tag":[8231,8335],"class_list":{"0":"post-18313","1":"product","2":"type-product","3":"status-publish","4":"has-post-thumbnail","6":"product_brand-stock-in-korea","7":"product_cat-album-2","8":"product_cat-kstoryfromkorea","9":"product_tag-ost","10":"product_tag-snowdrop","12":"first","13":"instock","14":"taxable","15":"shipping-taxable","16":"purchasable","17":"product-type-simple"},"jetpack_sharing_enabled":true,"_links":{"self":[{"href":"https:\/\/kstoryespana.com\/es\/wp-json\/wp\/v2\/product\/18313","targetHints":{"allow":["GET"]}}],"collection":[{"href":"https:\/\/kstoryespana.com\/es\/wp-json\/wp\/v2\/product"}],"about":[{"href":"https:\/\/kstoryespana.com\/es\/wp-json\/wp\/v2\/types\/product"}],"wp:featuredmedia":[{"embeddable":true,"href":"https:\/\/kstoryespana.com\/es\/wp-json\/wp\/v2\/media\/38408"}],"wp:attachment":[{"href":"https:\/\/kstoryespana.com\/es\/wp-json\/wp\/v2\/media?parent=18313"}],"wp:term":[{"taxonomy":"product_brand","embeddable":true,"href":"https:\/\/kstoryespana.com\/es\/wp-json\/wp\/v2\/product_brand?post=18313"},{"taxonomy":"product_cat","embeddable":true,"href":"https:\/\/kstoryespana.com\/es\/wp-json\/wp\/v2\/product_cat?post=18313"},{"taxonomy":"product_tag","embeddable":true,"href":"https:\/\/kstoryespana.com\/es\/wp-json\/wp\/v2\/product_tag?post=18313"}],"curies":[{"name":"wp","href":"https:\/\/api.w.org\/{rel}","templated":true}]}}