{"id":18118,"date":"2025-05-27T22:30:12","date_gmt":"2025-05-27T22:30:12","guid":{"rendered":"https:\/\/kstoryespana.com\/?product=sf9-instinctive-4th-photobook"},"modified":"2026-05-03T22:09:02","modified_gmt":"2026-05-03T20:09:02","slug":"sf9-instinctive-4th-photobook","status":"publish","type":"product","link":"https:\/\/kstoryespana.com\/es\/product\/sf9-instinctive-4th-photobook\/","title":{"rendered":"SF9 &#8211; INSTINCTIVE 4TH PHOTOBOOK"},"content":{"rendered":"<div style=\"text-align: center;\">\n<div>\n<strong data-mce-fragment=\"1\"><span data-mce-fragment=\"1\"><strong data-mce-fragment=\"1\"><span data-mce-fragment=\"1\">Fecha de lanzamiento:<\/span><span style=\"color: #ff2a00;\">\u00a0June 27th 2023.<\/span><\/strong><\/span><\/strong><\/p>\n<\/div>\n<\/div>\n<ul>\n<li><strong><span data-mce-fragment=\"1\">SF9 &#8211; INSTINCTIVE 4th PHOTOBOOK<\/span><\/strong><\/li>\n<\/ul>\n<ul>\n<li>\n<strong><span style=\"color: #ff8000;\"><span style=\"color: #ff2a00;\">S\u00d3LO PARA LA PRIMERA IMPRESI\u00d3N, S\u00daPER LIMITADO, POR ORDEN DE LLEGADA<\/span><br \/><\/span><\/strong>&#8211; 1 Folded poster set (2ea)<strong><\/p>\n<p><\/strong>\n<\/li>\n<\/ul>\n<p><img decoding=\"async\" alt=\"\" src=\"https:\/\/cdn.shopify.com\/s\/files\/1\/0579\/9454\/3257\/files\/SF9__-_-_-01.jpg?v=1684919526\"><\/p>","protected":false},"excerpt":{"rendered":"<p>Release date:\u00a0June 27th 2023. SF9 &#8211; INSTINCTIVE 4th PHOTOBOOK FIRST PRESS ONLY\u3163SUPER LIMITED, FIRST COME FIRST SERVE&#8211; 1 Folded poster set (2ea)<\/p>","protected":false},"featured_media":0,"template":"","meta":[],"product_brand":[],"product_cat":[],"product_tag":[],"class_list":{"0":"post-18118","1":"product","2":"type-product","3":"status-publish","6":"first","7":"instock","8":"taxable","9":"shipping-taxable","10":"product-type-simple"},"jetpack_sharing_enabled":true,"_links":{"self":[{"href":"https:\/\/kstoryespana.com\/es\/wp-json\/wp\/v2\/product\/18118","targetHints":{"allow":["GET"]}}],"collection":[{"href":"https:\/\/kstoryespana.com\/es\/wp-json\/wp\/v2\/product"}],"about":[{"href":"https:\/\/kstoryespana.com\/es\/wp-json\/wp\/v2\/types\/product"}],"wp:attachment":[{"href":"https:\/\/kstoryespana.com\/es\/wp-json\/wp\/v2\/media?parent=18118"}],"wp:term":[{"taxonomy":"product_brand","embeddable":true,"href":"https:\/\/kstoryespana.com\/es\/wp-json\/wp\/v2\/product_brand?post=18118"},{"taxonomy":"product_cat","embeddable":true,"href":"https:\/\/kstoryespana.com\/es\/wp-json\/wp\/v2\/product_cat?post=18118"},{"taxonomy":"product_tag","embeddable":true,"href":"https:\/\/kstoryespana.com\/es\/wp-json\/wp\/v2\/product_tag?post=18118"}],"curies":[{"name":"wp","href":"https:\/\/api.w.org\/{rel}","templated":true}]}}