{"id":18095,"date":"2025-05-27T22:30:06","date_gmt":"2025-05-27T22:30:06","guid":{"rendered":"https:\/\/kstoryespana.com\/?product=sf9-11th-mini-album-the-wave-of9"},"modified":"2026-05-03T21:29:46","modified_gmt":"2026-05-03T19:29:46","slug":"pre-order-sf9-11th-mini-album-the-wave-of9","status":"publish","type":"product","link":"https:\/\/kstoryespana.com\/es\/product\/pre-order-sf9-11th-mini-album-the-wave-of9\/","title":{"rendered":"SF9 &#8211; 11th Mini Album [THE WAVE OF9]"},"content":{"rendered":"<div style=\"text-align: center;\" data-mce-style=\"text-align: center;\"><\/div>\n<h3 style=\"text-align: center;\" data-mce-style=\"text-align: center;\">Release date: <span color=\"#ff2a00\" style=\"color: #ff2a00;\">July<\/span><span style=\"color: #f10808;\" data-mce-style=\"color: #f10808;\">\u00a020, 2022<\/span><br \/>\n<\/h3>\n<p style=\"text-align: center;\"><strong><span style=\"color: #f10808;\" data-mce-style=\"color: #f10808;\">(Important : After 7th of September, it will be shipped from Spain. <\/span><\/strong><\/p>\n<p style=\"text-align: center;\"><strong><span style=\"color: #f10808;\" data-mce-style=\"color: #f10808;\">In august, there is no shipping due to the vacation)<\/span><\/strong><\/p>\n<ul class=\"ul1\">\n<li class=\"li1\">SF9 &#8211; 11th Mini Album [THE WAVE OF9]<\/li>\n<\/ul>\n<ul class=\"ul1\">\n<li class=\"li1\">Pre-Order Gift : 1 Random Poster<\/li>\n<\/ul>\n<p class=\"p2\"><strong>** Noticia importante : La caja \/ caja exterior es simplemente para proteger la mercanc\u00eda. (Los da\u00f1os como ara\u00f1azos o decoloraci\u00f3n de la carcasa \/ caja no est\u00e1n cubiertos)<\/strong>.<\/p>\n<p class=\"p2\"><img decoding=\"async\" alt=\"\" src=\"https:\/\/cdn.shopify.com\/s\/files\/1\/0579\/9454\/3257\/files\/SF9__11__THE-WAVE-OF9.jpg?v=1656660977\"><\/p>\n<div style=\"text-align: center;\" data-mce-style=\"text-align: center;\"><\/div>\n<div style=\"text-align: center;\" data-mce-style=\"text-align: center;\"><\/div>\n<div style=\"text-align: center;\" data-mce-style=\"text-align: center;\"><\/div>\n","protected":false},"excerpt":{"rendered":"<p>Release date: July\u00a020, 2022 (Important : After 7th of September, it will be shipped from Spain. In august, there is no shipping due to the vacation) SF9 &#8211; 11th Mini Album [THE WAVE OF9] Pre-Order Gift : 1 Random Poster ** Noticia importante : La caja \/ caja exterior es simplemente para proteger la mercanc\u00eda. [&hellip;]<\/p>\n","protected":false},"featured_media":38256,"template":"","meta":[],"product_brand":[4536],"product_cat":[7225,4400],"product_tag":[7877],"class_list":{"0":"post-18095","1":"product","2":"type-product","3":"status-publish","4":"has-post-thumbnail","6":"product_brand-stock-in-korea","7":"product_cat-album-2","8":"product_cat-kstoryfromkorea","9":"product_tag-sf9","11":"first","12":"instock","13":"taxable","14":"shipping-taxable","15":"purchasable","16":"product-type-variable"},"jetpack_sharing_enabled":true,"_links":{"self":[{"href":"https:\/\/kstoryespana.com\/es\/wp-json\/wp\/v2\/product\/18095","targetHints":{"allow":["GET"]}}],"collection":[{"href":"https:\/\/kstoryespana.com\/es\/wp-json\/wp\/v2\/product"}],"about":[{"href":"https:\/\/kstoryespana.com\/es\/wp-json\/wp\/v2\/types\/product"}],"wp:featuredmedia":[{"embeddable":true,"href":"https:\/\/kstoryespana.com\/es\/wp-json\/wp\/v2\/media\/38256"}],"wp:attachment":[{"href":"https:\/\/kstoryespana.com\/es\/wp-json\/wp\/v2\/media?parent=18095"}],"wp:term":[{"taxonomy":"product_brand","embeddable":true,"href":"https:\/\/kstoryespana.com\/es\/wp-json\/wp\/v2\/product_brand?post=18095"},{"taxonomy":"product_cat","embeddable":true,"href":"https:\/\/kstoryespana.com\/es\/wp-json\/wp\/v2\/product_cat?post=18095"},{"taxonomy":"product_tag","embeddable":true,"href":"https:\/\/kstoryespana.com\/es\/wp-json\/wp\/v2\/product_tag?post=18095"}],"curies":[{"name":"wp","href":"https:\/\/api.w.org\/{rel}","templated":true}]}}