{"id":18094,"date":"2025-05-27T22:30:05","date_gmt":"2025-05-27T22:30:05","guid":{"rendered":"https:\/\/kstoryespana.com\/?product=sf9-10th-mini-album-rumination-kit-ver"},"modified":"2026-05-03T21:29:42","modified_gmt":"2026-05-03T19:29:42","slug":"sf9-10th-mini-album-rumination-kit-ver","status":"publish","type":"product","link":"https:\/\/kstoryespana.com\/es\/product\/sf9-10th-mini-album-rumination-kit-ver\/","title":{"rendered":"SF9 &#8211; 10TH MINI ALBUM RUMINATION [Kit. Ver]"},"excerpt":{"rendered":"<p>Release date:\u00a0November 23rd 2021. SF9&#8217;s 10th Mini Album &#8211; RUMINATION[Kit. Ver] Noticia important :\u00a0La caja \/ caja exterior es simplemente para proteger la mercanc\u00eda. (Los da\u00f1os como ara\u00f1azos o decoloraci\u00f3n de la carcasa \/ caja no est\u00e1n cubiertos).<\/p>\n","protected":false},"featured_media":38255,"template":"","meta":[],"product_brand":[4536],"product_cat":[7225,4400],"product_tag":[7877],"class_list":{"0":"post-18094","1":"product","2":"type-product","3":"status-publish","4":"has-post-thumbnail","6":"product_brand-stock-in-korea","7":"product_cat-album-2","8":"product_cat-kstoryfromkorea","9":"product_tag-sf9","11":"first","12":"instock","13":"taxable","14":"shipping-taxable","15":"purchasable","16":"product-type-simple"},"jetpack_sharing_enabled":true,"_links":{"self":[{"href":"https:\/\/kstoryespana.com\/es\/wp-json\/wp\/v2\/product\/18094","targetHints":{"allow":["GET"]}}],"collection":[{"href":"https:\/\/kstoryespana.com\/es\/wp-json\/wp\/v2\/product"}],"about":[{"href":"https:\/\/kstoryespana.com\/es\/wp-json\/wp\/v2\/types\/product"}],"wp:featuredmedia":[{"embeddable":true,"href":"https:\/\/kstoryespana.com\/es\/wp-json\/wp\/v2\/media\/38255"}],"wp:attachment":[{"href":"https:\/\/kstoryespana.com\/es\/wp-json\/wp\/v2\/media?parent=18094"}],"wp:term":[{"taxonomy":"product_brand","embeddable":true,"href":"https:\/\/kstoryespana.com\/es\/wp-json\/wp\/v2\/product_brand?post=18094"},{"taxonomy":"product_cat","embeddable":true,"href":"https:\/\/kstoryespana.com\/es\/wp-json\/wp\/v2\/product_cat?post=18094"},{"taxonomy":"product_tag","embeddable":true,"href":"https:\/\/kstoryespana.com\/es\/wp-json\/wp\/v2\/product_tag?post=18094"}],"curies":[{"name":"wp","href":"https:\/\/api.w.org\/{rel}","templated":true}]}}