{"id":18047,"date":"2025-05-27T22:29:55","date_gmt":"2025-05-27T22:29:55","guid":{"rendered":"https:\/\/kstoryespana.com\/?product=seventeen-wonwoo-mingyu-dicon-volume-n26-white-midnight"},"modified":"2026-05-03T21:44:48","modified_gmt":"2026-05-03T19:44:48","slug":"seventeen-wonwoo-mingyu-dicon-volume-n26-white-midnight-unit-type","status":"publish","type":"product","link":"https:\/\/kstoryespana.com\/es\/product\/seventeen-wonwoo-mingyu-dicon-volume-n26-white-midnight-unit-type\/","title":{"rendered":"SEVENTEEN WONWOO &#038; MINGYU &#8211; DICON VOLUME N26 WHITE MIDNIGHT"},"content":{"rendered":"<p><!-- split --><\/p>\n<div style=\"text-align: center;\">\n<div>\n<div>\n<div>\n<span style=\"color: #000000;\"><strong>Fecha de publicaci\u00f3n: Febrero<\/strong><\/span><span style=\"color: #000000;\"><strong> 28, 2025<\/strong><\/span><br \/><strong><span style=\"color: rgb(255, 42, 0);\">*La fecha de lanzamiento podr\u00eda variar en funci\u00f3n del proceso de producci\u00f3n del fabricante.<\/span><\/strong>\n<\/div>\n<\/div>\n<\/div>\n<\/div>\n<ul>\n<li style=\"text-align: left;\"><strong>SEVENTEEN WONWOO &#038; MINGYU &#8211; DICON VOLUME N26\u00a0\n<p><\/strong><\/li>\n<li style=\"text-align: left;\">\n<strong>DICON Special GIFT |\u00a0<meta charset=\"utf-8\"> <b>Opci\u00f3n<\/b><br \/><\/strong>&#8211; 1 PHOTOCARD (FOR EACH TYPE \/ 1 TYPE)<\/p>\n<div style=\"text-align: left;\"><img decoding=\"async\" src=\"https:\/\/cdn.shopify.com\/s\/files\/1\/0579\/9454\/3257\/files\/2025-01-21_20.46.47_480x480.png?v=1737488843\" alt=\"\" style=\"margin-bottom: 16px; float: none;\"><\/div>\n<\/li>\n<li style=\"text-align: left;\">\n<meta charset=\"utf-8\"> <b>Weverse Shop SPECIAL GIFT | Option<br \/><\/b><span>-1 Undisclosed Photocard (for each product version feature different images)<\/span><\/p>\n<div style=\"text-align: left;\"><img decoding=\"async\" src=\"https:\/\/cdn.shopify.com\/s\/files\/1\/0579\/9454\/3257\/files\/2025-01-21_21.26.26_480x480.png?v=1737491250\" style=\"margin-bottom: 16px; float: none;\"><\/div>\n<\/li>\n<li style=\"text-align: left;\">\n<strong>Contenido :<br \/><\/strong>&#8211; SEVENTEEN WONWOO &#038; MINGYU Cover<strong><\/p>\n<p><\/strong>\n<\/li>\n<li style=\"text-align: left;\">\n<strong>Idioma : Coreano<br \/><span style=\"color: #a169f3;\"><span style=\"color: #000000;\"><br \/><\/span><\/span><\/strong><strong><span style=\"color: #a169f3;\"><span style=\"color: #000000;\"><img decoding=\"async\" src=\"https:\/\/cdn.shopify.com\/s\/files\/1\/2282\/8555\/files\/01_Unit-type_W.M-page.jpg?v=1737340020\" alt=\"\"><\/span><\/span><\/strong>\n<\/li>\n<li style=\"text-align: center;\"><strong><span style=\"color: #a169f3;\"><span style=\"color: #000000;\"><img decoding=\"async\" alt=\"\" src=\"https:\/\/cdn.shopify.com\/s\/files\/1\/0579\/9454\/3257\/files\/02_A-type_WONWOO-page.jpg?v=1737356328\"><\/span><\/span><\/strong><\/li>\n<li style=\"text-align: center;\"><strong><span style=\"color: #a169f3;\"><span style=\"color: #000000;\"><img decoding=\"async\" alt=\"\" src=\"https:\/\/cdn.shopify.com\/s\/files\/1\/0579\/9454\/3257\/files\/03_A-type_MINGYU-page.jpg?v=1737356343\"><\/span><\/span><\/strong><\/li>\n<li style=\"text-align: center;\"><strong><span style=\"color: #a169f3;\"><span style=\"color: #000000;\"><img decoding=\"async\" alt=\"\" src=\"https:\/\/cdn.shopify.com\/s\/files\/1\/0579\/9454\/3257\/files\/04_B-type_WONWOO-page.jpg?v=1737356357\"><\/span><\/span><\/strong><\/li>\n<li style=\"text-align: center;\"><strong><span style=\"color: #a169f3;\"><span style=\"color: #000000;\"><img decoding=\"async\" alt=\"\" src=\"https:\/\/cdn.shopify.com\/s\/files\/1\/0579\/9454\/3257\/files\/05_B-type_MINGYU-page.jpg?v=1737356370\"><\/span><\/span><\/strong><\/li>\n<\/ul>","protected":false},"excerpt":{"rendered":"<p>Release date: February 28th, 2025*The release date could be changed depending on the production process of the manufacturer.* SEVENTEEN WONWOO &#038; MINGYU &#8211; DICON VOLUME N26\u00a0 DICON Special GIFT |\u00a0 Option&#8211; 1 PHOTOCARD (FOR EACH TYPE \/ 1 TYPE) Weverse Shop SPECIAL GIFT | Option-1 Undisclosed Photocard (for each product version feature different images) Contents [&hellip;]<\/p>\n","protected":false},"featured_media":38235,"template":"","meta":[],"product_brand":[4535],"product_cat":[8488,4403],"product_tag":[8334,6930,8333],"class_list":{"0":"post-18047","1":"product","2":"type-product","3":"status-publish","4":"has-post-thumbnail","6":"product_brand-stock-in-spain","7":"product_cat-photobook","8":"product_cat-kstoryespana","9":"product_tag-mingyu","10":"product_tag-seventeen","11":"product_tag-wonwoo","13":"first","14":"instock","15":"taxable","16":"shipping-taxable","17":"purchasable","18":"product-type-variable"},"_links":{"self":[{"href":"https:\/\/kstoryespana.com\/es\/wp-json\/wp\/v2\/product\/18047","targetHints":{"allow":["GET"]}}],"collection":[{"href":"https:\/\/kstoryespana.com\/es\/wp-json\/wp\/v2\/product"}],"about":[{"href":"https:\/\/kstoryespana.com\/es\/wp-json\/wp\/v2\/types\/product"}],"wp:featuredmedia":[{"embeddable":true,"href":"https:\/\/kstoryespana.com\/es\/wp-json\/wp\/v2\/media\/38235"}],"wp:attachment":[{"href":"https:\/\/kstoryespana.com\/es\/wp-json\/wp\/v2\/media?parent=18047"}],"wp:term":[{"taxonomy":"product_brand","embeddable":true,"href":"https:\/\/kstoryespana.com\/es\/wp-json\/wp\/v2\/product_brand?post=18047"},{"taxonomy":"product_cat","embeddable":true,"href":"https:\/\/kstoryespana.com\/es\/wp-json\/wp\/v2\/product_cat?post=18047"},{"taxonomy":"product_tag","embeddable":true,"href":"https:\/\/kstoryespana.com\/es\/wp-json\/wp\/v2\/product_tag?post=18047"}],"curies":[{"name":"wp","href":"https:\/\/api.w.org\/{rel}","templated":true}]}}