{"id":18032,"date":"2025-05-27T22:29:50","date_gmt":"2025-05-27T22:29:50","guid":{"rendered":"https:\/\/kstoryespana.com\/?product=seventeen-little-wishes-photobook"},"modified":"2026-05-03T22:08:57","modified_gmt":"2026-05-03T20:08:57","slug":"pre-order-seventeen-little-wishes-photobook","status":"publish","type":"product","link":"https:\/\/kstoryespana.com\/es\/producto\/pre-order-seventeen-little-wishes-photobook\/","title":{"rendered":"Seventeen Little Wishes PhotoBook"},"content":{"rendered":"<p><meta charset=\"utf-8\"><\/p>\n<p style=\"text-align: center;\" data-mce-fragment=\"1\"><strong data-mce-fragment=\"1\">Release Date : Dec. 6th, 2021<\/strong><\/p>\n<p data-mce-fragment=\"1\"><strong data-mce-fragment=\"1\">Overview:<\/strong><br data-mce-fragment=\"1\">Seventeen\u00a0Little Wishes PhotoBook<\/p>\n<p data-mce-fragment=\"1\"><br data-mce-fragment=\"1\"><span data-mce-fragment=\"1\"><\/span><strong data-mce-fragment=\"1\">Product Description:<\/strong><br data-mce-fragment=\"1\"><span data-mce-fragment=\"1\">100% Original Merch from Weverse<\/span><br data-mce-fragment=\"1\"><br data-mce-fragment=\"1\"><strong><span style=\"color: #ff2a00;\"><\/span><\/strong><\/p>\n<p class=\"p1\"><span class=\"s1\"><b>Noticia important :\u00a0<\/b><br \/> <b>La caja \/ caja exterior es simplemente para proteger la mercanc\u00eda. (Los da\u00f1os como ara\u00f1azos o decoloraci\u00f3n de la carcasa \/ caja no est\u00e1n cubiertos).<\/b><\/span><\/p>\n<p class=\"p1\"><span class=\"s1\"><b><img decoding=\"async\" alt=\"\" src=\"https:\/\/cdn.shopify.com\/s\/files\/1\/0579\/9454\/3257\/files\/pr-weverse-shop-seventeen-holiday-collection-little-wishes-29189967413328_9793f22c-5167-4f2e-9b30-2be94b71c244.jpg?v=1638514181\"><\/b><\/span><\/p>","protected":false},"excerpt":{"rendered":"<p>Release Date : Dec. 6th, 2021 Overview:Seventeen\u00a0Little Wishes PhotoBook Product Description:100% Original Merch from Weverse Noticia important :\u00a0 La caja \/ caja exterior es simplemente para proteger la mercanc\u00eda. (Los da\u00f1os como ara\u00f1azos o decoloraci\u00f3n de la carcasa \/ caja no est\u00e1n cubiertos).<\/p>","protected":false},"featured_media":38205,"template":"","meta":[],"product_brand":[4535],"product_cat":[4872,7226,4403],"product_tag":[6930],"class_list":{"0":"post-18032","1":"product","2":"type-product","3":"status-publish","4":"has-post-thumbnail","6":"product_brand-stock-in-spain","7":"product_cat-iva-reducida","8":"product_cat-merch-2","9":"product_cat-kstoryespana","10":"product_tag-seventeen","12":"first","13":"instock","14":"taxable","15":"shipping-taxable","16":"purchasable","17":"product-type-simple"},"jetpack_sharing_enabled":true,"_links":{"self":[{"href":"https:\/\/kstoryespana.com\/es\/wp-json\/wp\/v2\/product\/18032","targetHints":{"allow":["GET"]}}],"collection":[{"href":"https:\/\/kstoryespana.com\/es\/wp-json\/wp\/v2\/product"}],"about":[{"href":"https:\/\/kstoryespana.com\/es\/wp-json\/wp\/v2\/types\/product"}],"wp:featuredmedia":[{"embeddable":true,"href":"https:\/\/kstoryespana.com\/es\/wp-json\/wp\/v2\/media\/38205"}],"wp:attachment":[{"href":"https:\/\/kstoryespana.com\/es\/wp-json\/wp\/v2\/media?parent=18032"}],"wp:term":[{"taxonomy":"product_brand","embeddable":true,"href":"https:\/\/kstoryespana.com\/es\/wp-json\/wp\/v2\/product_brand?post=18032"},{"taxonomy":"product_cat","embeddable":true,"href":"https:\/\/kstoryespana.com\/es\/wp-json\/wp\/v2\/product_cat?post=18032"},{"taxonomy":"product_tag","embeddable":true,"href":"https:\/\/kstoryespana.com\/es\/wp-json\/wp\/v2\/product_tag?post=18032"}],"curies":[{"name":"wp","href":"https:\/\/api.w.org\/{rel}","templated":true}]}}