{"id":16982,"date":"2025-05-27T22:25:31","date_gmt":"2025-05-27T22:25:31","guid":{"rendered":"https:\/\/kstoryespana.com\/?product=seventeen-5th-mini-album-you-make-my-day"},"modified":"2026-05-03T21:29:10","modified_gmt":"2026-05-03T19:29:10","slug":"seventeen-5th-mini-album-you-make-my-day","status":"publish","type":"product","link":"https:\/\/kstoryespana.com\/es\/product\/seventeen-5th-mini-album-you-make-my-day\/","title":{"rendered":"SEVENTEEN &#8211; 5TH MINI ALBUM YOU MAKE MY DAY"},"excerpt":{"rendered":"<p>Re release date:\u00a0August 18th 2023. SEVENTEEN &#8211; 5TH MINI ALBUM YOU MAKE MY DAY Noticia importante :\u00a0La caja \/ caja exterior es simplemente para proteger la mercanc\u00eda. (Los da\u00f1os como ara\u00f1azos o decoloraci\u00f3n de la carcasa \/ caja no est\u00e1n cubiertos).<\/p>","protected":false},"featured_media":37833,"template":"","meta":[],"product_brand":[4536],"product_cat":[7225,4400],"product_tag":[6930],"class_list":{"0":"post-16982","1":"product","2":"type-product","3":"status-publish","4":"has-post-thumbnail","6":"product_brand-stock-in-korea","7":"product_cat-album-2","8":"product_cat-kstoryfromkorea","9":"product_tag-seventeen","11":"first","12":"instock","13":"taxable","14":"shipping-taxable","15":"purchasable","16":"product-type-variable"},"jetpack_sharing_enabled":true,"_links":{"self":[{"href":"https:\/\/kstoryespana.com\/es\/wp-json\/wp\/v2\/product\/16982","targetHints":{"allow":["GET"]}}],"collection":[{"href":"https:\/\/kstoryespana.com\/es\/wp-json\/wp\/v2\/product"}],"about":[{"href":"https:\/\/kstoryespana.com\/es\/wp-json\/wp\/v2\/types\/product"}],"wp:featuredmedia":[{"embeddable":true,"href":"https:\/\/kstoryespana.com\/es\/wp-json\/wp\/v2\/media\/37833"}],"wp:attachment":[{"href":"https:\/\/kstoryespana.com\/es\/wp-json\/wp\/v2\/media?parent=16982"}],"wp:term":[{"taxonomy":"product_brand","embeddable":true,"href":"https:\/\/kstoryespana.com\/es\/wp-json\/wp\/v2\/product_brand?post=16982"},{"taxonomy":"product_cat","embeddable":true,"href":"https:\/\/kstoryespana.com\/es\/wp-json\/wp\/v2\/product_cat?post=16982"},{"taxonomy":"product_tag","embeddable":true,"href":"https:\/\/kstoryespana.com\/es\/wp-json\/wp\/v2\/product_tag?post=16982"}],"curies":[{"name":"wp","href":"https:\/\/api.w.org\/{rel}","templated":true}]}}