{"id":16963,"date":"2025-05-27T22:25:25","date_gmt":"2025-05-27T22:25:25","guid":{"rendered":"https:\/\/kstoryespana.com\/?product=seventeen-4th-album-repackage-sector-17-compact-ver"},"modified":"2026-05-03T20:39:20","modified_gmt":"2026-05-03T18:39:20","slug":"pre-order-seventeen-4th-album-repackage-sector-17-compact-ver","status":"publish","type":"product","link":"https:\/\/kstoryespana.com\/es\/product\/pre-order-seventeen-4th-album-repackage-sector-17-compact-ver\/","title":{"rendered":"SEVENTEEN &#8211; 4th Album Repackage [SECTOR 17] (COMPACT ver.)"},"excerpt":{"rendered":"<p>Release date: July\u00a018, 2022 (Important : After 7th of September, it will be shipped from Spain. In august, there is no shipping due to the vacation) SEVENTEEN &#8211; 4th Album Repackage [SECTOR 17] (COMPACT ver.) ** Noticia importante : La caja \/ caja exterior es simplemente para proteger la mercanc\u00eda. (Los da\u00f1os como ara\u00f1azos o [&hellip;]<\/p>\n","protected":false},"featured_media":37824,"template":"","meta":[],"product_brand":[4535],"product_cat":[7225,4403],"product_tag":[6930],"class_list":{"0":"post-16963","1":"product","2":"type-product","3":"status-publish","4":"has-post-thumbnail","6":"product_brand-stock-in-spain","7":"product_cat-album-2","8":"product_cat-kstoryespana","9":"product_tag-seventeen","11":"first","12":"instock","13":"taxable","14":"shipping-taxable","15":"purchasable","16":"product-type-simple"},"jetpack_sharing_enabled":true,"_links":{"self":[{"href":"https:\/\/kstoryespana.com\/es\/wp-json\/wp\/v2\/product\/16963","targetHints":{"allow":["GET"]}}],"collection":[{"href":"https:\/\/kstoryespana.com\/es\/wp-json\/wp\/v2\/product"}],"about":[{"href":"https:\/\/kstoryespana.com\/es\/wp-json\/wp\/v2\/types\/product"}],"wp:featuredmedia":[{"embeddable":true,"href":"https:\/\/kstoryespana.com\/es\/wp-json\/wp\/v2\/media\/37824"}],"wp:attachment":[{"href":"https:\/\/kstoryespana.com\/es\/wp-json\/wp\/v2\/media?parent=16963"}],"wp:term":[{"taxonomy":"product_brand","embeddable":true,"href":"https:\/\/kstoryespana.com\/es\/wp-json\/wp\/v2\/product_brand?post=16963"},{"taxonomy":"product_cat","embeddable":true,"href":"https:\/\/kstoryespana.com\/es\/wp-json\/wp\/v2\/product_cat?post=16963"},{"taxonomy":"product_tag","embeddable":true,"href":"https:\/\/kstoryespana.com\/es\/wp-json\/wp\/v2\/product_tag?post=16963"}],"curies":[{"name":"wp","href":"https:\/\/api.w.org\/{rel}","templated":true}]}}