{"id":16786,"date":"2025-05-27T22:24:40","date_gmt":"2025-05-27T22:24:40","guid":{"rendered":"https:\/\/kstoryespana.com\/?product=school-2021-%ed%95%99%ea%b5%90-2021-ost-2cd"},"modified":"2026-05-13T19:20:26","modified_gmt":"2026-05-13T17:20:26","slug":"pre-order-school-2021-2021-ost-2cd","status":"publish","type":"product","link":"https:\/\/kstoryespana.com\/es\/product\/pre-order-school-2021-2021-ost-2cd\/","title":{"rendered":"SCHOOL 2021 \ud559\uad50 2021 &#8211; OST (2CD)"},"excerpt":{"rendered":"<p>Release date:\u00a0\u00a0February\u00a022nd\u00a02022. \u00a0 SCHOOL 2021 \ud559\uad50 2021 OST Package :&#8211; 1 Out sleeve&#8211; 1\u00a0Digipack\u00a0&#8211; 1 Photobook (100p)&#8211; 1\u00a0CD-R Noticia important :La caja \/ caja exterior es simplemente para proteger la mercanc\u00eda. (Los da\u00f1os como ara\u00f1azos o decoloraci\u00f3n de la carcasa \/ caja no est\u00e1n cubiertos).<\/p>","protected":false},"featured_media":37754,"template":"","meta":[],"product_brand":[],"product_cat":[8513,4400],"product_tag":[8231,8332],"class_list":{"0":"post-16786","1":"product","2":"type-product","3":"status-publish","4":"has-post-thumbnail","6":"product_cat-ost","7":"product_cat-kstoryfromkorea","8":"product_tag-ost","9":"product_tag-school","11":"first","12":"instock","13":"sale","14":"taxable","15":"shipping-taxable","16":"purchasable","17":"product-type-simple"},"jetpack_sharing_enabled":true,"_links":{"self":[{"href":"https:\/\/kstoryespana.com\/es\/wp-json\/wp\/v2\/product\/16786","targetHints":{"allow":["GET"]}}],"collection":[{"href":"https:\/\/kstoryespana.com\/es\/wp-json\/wp\/v2\/product"}],"about":[{"href":"https:\/\/kstoryespana.com\/es\/wp-json\/wp\/v2\/types\/product"}],"wp:featuredmedia":[{"embeddable":true,"href":"https:\/\/kstoryespana.com\/es\/wp-json\/wp\/v2\/media\/37754"}],"wp:attachment":[{"href":"https:\/\/kstoryespana.com\/es\/wp-json\/wp\/v2\/media?parent=16786"}],"wp:term":[{"taxonomy":"product_brand","embeddable":true,"href":"https:\/\/kstoryespana.com\/es\/wp-json\/wp\/v2\/product_brand?post=16786"},{"taxonomy":"product_cat","embeddable":true,"href":"https:\/\/kstoryespana.com\/es\/wp-json\/wp\/v2\/product_cat?post=16786"},{"taxonomy":"product_tag","embeddable":true,"href":"https:\/\/kstoryespana.com\/es\/wp-json\/wp\/v2\/product_tag?post=16786"}],"curies":[{"name":"wp","href":"https:\/\/api.w.org\/{rel}","templated":true}]}}