{"id":16694,"date":"2025-05-27T22:24:09","date_gmt":"2025-05-27T22:24:09","guid":{"rendered":"https:\/\/kstoryespana.com\/?product=romance-is-a-bonus-book-script-book-set"},"modified":"2026-04-20T23:32:31","modified_gmt":"2026-04-20T21:32:31","slug":"romance-is-a-bonus-book-script-book-set","status":"publish","type":"product","link":"https:\/\/kstoryespana.com\/es\/producto\/romance-is-a-bonus-book-script-book-set\/","title":{"rendered":"Romance Is A Bonus Book Script Book Set"},"content":{"rendered":"<p><strong>aRomance Is A Bonus Book Script Book Set<span data-mce-fragment=\"1\">\u00a0<\/span>(Book 1 &#038; Book 2)<\/strong><\/p>\n<p><strong>Pages : 840<\/strong><\/p>\n<div class=\"tm_infoSet\">\n<h4 class=\"tit_txt\">Index :<\/h4>\n<\/div>\n<div class=\"infoSetCont_wrap\">\n<div class=\"infoWrap_txt\">\n<strong>\u300e\ub85c\ub9e8\uc2a4\ub294 \ubcc4\ucc45\ubd80\ub85d \ub300\ubcf8\uc9d1 1\u300f<\/strong><br \/>1\ubd80 \uc544\ub294 \ub204\ub098, \uac15\ub2e8\uc774!<br \/>2\ubd80 \uc6b0\ub9ac \uc9d1\uc5d0 \uc228\uc5b4 \uc0b4\uc558\uc5b4?<br \/>3\ubd80 \uc0ac\ub78c\ub4e4\uc774 \ub0b4 \uc774\ub984\uc744 \ubd88\ub7ec<br \/>4\ubd80 \ubaa8\ub4e0 \uc774\ub4e4\uc774 \ub0b4\uac8c \ub4f1\uc744 \ub3cc\ub824\ub3c4&#8230;<br \/>5\ubd80 \ub098\ub3c4 \uad81\uae08\ud574, \ub0b4 \ub9c8\uc74c\uc774&#8230;<br \/>6\ubd80 \uc774\ubbf8 \uc548\ub2e4\uace0 \uc0dd\uac01\ud558\ub294 \uac83\ub3c4 \ub2e4\uc2dc \ucc98\uc74c\ubd80\ud130&#8230;<br \/>7\ubd80 \ub098 \uc5ec\uae30\uc11c \uae30\ub2e4\ub9b0\ub2e4\uace0 \uc804\ud574\uc918\uc694!<br \/>8\ubd80 \uadf8 \ub728\uac70\uc6b4 \uc190\uae38\uc740 \uafc8\uc774\uc5c8\uc744\uae4c?<\/p>\n<p><strong>\u300e\ub85c\ub9e8\uc2a4\ub294 \ubcc4\ucc45\ubd80\ub85d \ub300\ubcf8\uc9d1 2\u300f<\/strong><br \/>9\ubd80 \uadf8 \uc624\ub798\ub41c \ucc45\uc774 \ub9c8\uce58 \ucc98\uc74c \uc77d\ub294 \ucc45\ucc98\ub7fc&#8230;<br \/>10\ubd80 \uac00\ub054 \uc624\ub298 \uac19\uc740 \ub0a0\uc774 \uc788\uc5b4&#8230;<br \/>11\ubd80 \uac19\uc774 \uc788\uc744 \uc0dd\uac01\uc744 \ud574\uc57c\uc9c0, \uc65c \ud5e4\uc5b4\uc9c8 \uc0dd\uac01\uc744 \ud574?<br \/>12\ubd80 \uc81c\ubaa9\uc73c\ub85c \u2018\uccab \ub370\uc774\ud2b8\u2019\ub294 \uc5b4\ub54c?<br \/>13\ubd80 \ub098 \ub54c\ubb38\uc5d0 \ub9c8\uc74c \uc544\ud320\uc9c0?<br \/>14\ubd80 \ub108\ub294 \ub098\ub97c \ub2e4 \uc54c\uc9c0?<\/div>\n<\/div>\n<p>\u00a0<\/p>\n<ul>\n<li>\n<p>\u00a0<\/p>\n<p><meta charset=\"utf-8\"> <b data-mce-fragment=\"1\">Noticia important :\u00a0La caja \/ caja exterior es simplemente para proteger la mercanc\u00eda. (Los da\u00f1os como ara\u00f1azos o decoloraci\u00f3n de la carcasa \/ caja no est\u00e1n cubiertos).<\/b>\n<\/li>\n<\/ul>\n<p><img decoding=\"async\" alt=\"\" src=\"https:\/\/cdn.shopify.com\/s\/files\/1\/0559\/4356\/1408\/files\/225094588.jpg?v=1645371532\"><\/p>","protected":false},"excerpt":{"rendered":"<p>aRomance Is A Bonus Book Script Book Set\u00a0(Book 1 &#038; Book 2) Pages : 840 Index : \u300e\ub85c\ub9e8\uc2a4\ub294 \ubcc4\ucc45\ubd80\ub85d \ub300\ubcf8\uc9d1 1\u300f1\ubd80 \uc544\ub294 \ub204\ub098, \uac15\ub2e8\uc774!2\ubd80 \uc6b0\ub9ac \uc9d1\uc5d0 \uc228\uc5b4 \uc0b4\uc558\uc5b4?3\ubd80 \uc0ac\ub78c\ub4e4\uc774 \ub0b4 \uc774\ub984\uc744 \ubd88\ub7ec4\ubd80 \ubaa8\ub4e0 \uc774\ub4e4\uc774 \ub0b4\uac8c \ub4f1\uc744 \ub3cc\ub824\ub3c4&#8230;5\ubd80 \ub098\ub3c4 \uad81\uae08\ud574, \ub0b4 \ub9c8\uc74c\uc774&#8230;6\ubd80 \uc774\ubbf8 \uc548\ub2e4\uace0 \uc0dd\uac01\ud558\ub294 \uac83\ub3c4 \ub2e4\uc2dc \ucc98\uc74c\ubd80\ud130&#8230;7\ubd80 \ub098 \uc5ec\uae30\uc11c \uae30\ub2e4\ub9b0\ub2e4\uace0 \uc804\ud574\uc918\uc694!8\ubd80 \uadf8 \ub728\uac70\uc6b4 \uc190\uae38\uc740 \uafc8\uc774\uc5c8\uc744\uae4c? [&hellip;]<\/p>\n","protected":false},"featured_media":37713,"template":"","meta":[],"product_brand":[4536],"product_cat":[4872,4348,4400],"product_tag":[7853],"class_list":{"0":"post-16694","1":"product","2":"type-product","3":"status-publish","4":"has-post-thumbnail","6":"product_brand-stock-in-korea","7":"product_cat-iva-reducida","8":"product_cat-k-product","9":"product_cat-kstoryfromkorea","10":"product_tag-romance","12":"first","13":"instock","14":"taxable","15":"shipping-taxable","16":"purchasable","17":"product-type-simple"},"jetpack_sharing_enabled":true,"_links":{"self":[{"href":"https:\/\/kstoryespana.com\/es\/wp-json\/wp\/v2\/product\/16694","targetHints":{"allow":["GET"]}}],"collection":[{"href":"https:\/\/kstoryespana.com\/es\/wp-json\/wp\/v2\/product"}],"about":[{"href":"https:\/\/kstoryespana.com\/es\/wp-json\/wp\/v2\/types\/product"}],"wp:featuredmedia":[{"embeddable":true,"href":"https:\/\/kstoryespana.com\/es\/wp-json\/wp\/v2\/media\/37713"}],"wp:attachment":[{"href":"https:\/\/kstoryespana.com\/es\/wp-json\/wp\/v2\/media?parent=16694"}],"wp:term":[{"taxonomy":"product_brand","embeddable":true,"href":"https:\/\/kstoryespana.com\/es\/wp-json\/wp\/v2\/product_brand?post=16694"},{"taxonomy":"product_cat","embeddable":true,"href":"https:\/\/kstoryespana.com\/es\/wp-json\/wp\/v2\/product_cat?post=16694"},{"taxonomy":"product_tag","embeddable":true,"href":"https:\/\/kstoryespana.com\/es\/wp-json\/wp\/v2\/product_tag?post=16694"}],"curies":[{"name":"wp","href":"https:\/\/api.w.org\/{rel}","templated":true}]}}