{"id":16299,"date":"2025-05-27T22:22:40","date_gmt":"2025-05-27T22:22:40","guid":{"rendered":"https:\/\/kstoryespana.com\/?product=red-velvet-ireneseulgi-1st-mini-album-monster"},"modified":"2026-05-03T22:16:51","modified_gmt":"2026-05-03T20:16:51","slug":"red-velvet-irene-seulgi-1st-mini-album-monster","status":"publish","type":"product","link":"https:\/\/kstoryespana.com\/es\/product\/red-velvet-irene-seulgi-1st-mini-album-monster\/","title":{"rendered":"RED VELVET IRENE&#038;SEULGI &#8211; 1st Mini Album [MONSTER]"},"excerpt":{"rendered":"<p>Release Date :\u00a0July 15th, 2020 RED VELVET IRENE&#038;SEULGI &#8211; 1st Mini Album [MONSTER][TOP NOTE ver. \/ MIDDLE NOTE ver. \/ BASE NOTE ver.]TOP NOTE ver. \/ MIDDLE NOTE ver. SOLD OUT Noticia importante :\u00a0La caja \/ caja exterior es simplemente para proteger la mercanc\u00eda. (Los da\u00f1os como ara\u00f1azos o decoloraci\u00f3n de la carcasa \/ caja [&hellip;]<\/p>\n","protected":false},"featured_media":37522,"template":"","meta":[],"product_brand":[4536],"product_cat":[7225,4400],"product_tag":[6901,8330,6902],"class_list":{"0":"post-16299","1":"product","2":"type-product","3":"status-publish","4":"has-post-thumbnail","6":"product_brand-stock-in-korea","7":"product_cat-album-2","8":"product_cat-kstoryfromkorea","9":"product_tag-irene","10":"product_tag-ireneseulgi","11":"product_tag-red-velvet","13":"first","14":"outofstock","15":"taxable","16":"shipping-taxable","17":"purchasable","18":"product-type-variable"},"jetpack_sharing_enabled":true,"_links":{"self":[{"href":"https:\/\/kstoryespana.com\/es\/wp-json\/wp\/v2\/product\/16299","targetHints":{"allow":["GET"]}}],"collection":[{"href":"https:\/\/kstoryespana.com\/es\/wp-json\/wp\/v2\/product"}],"about":[{"href":"https:\/\/kstoryespana.com\/es\/wp-json\/wp\/v2\/types\/product"}],"wp:featuredmedia":[{"embeddable":true,"href":"https:\/\/kstoryespana.com\/es\/wp-json\/wp\/v2\/media\/37522"}],"wp:attachment":[{"href":"https:\/\/kstoryespana.com\/es\/wp-json\/wp\/v2\/media?parent=16299"}],"wp:term":[{"taxonomy":"product_brand","embeddable":true,"href":"https:\/\/kstoryespana.com\/es\/wp-json\/wp\/v2\/product_brand?post=16299"},{"taxonomy":"product_cat","embeddable":true,"href":"https:\/\/kstoryespana.com\/es\/wp-json\/wp\/v2\/product_cat?post=16299"},{"taxonomy":"product_tag","embeddable":true,"href":"https:\/\/kstoryespana.com\/es\/wp-json\/wp\/v2\/product_tag?post=16299"}],"curies":[{"name":"wp","href":"https:\/\/api.w.org\/{rel}","templated":true}]}}