{"id":15957,"date":"2025-05-27T22:21:07","date_gmt":"2025-05-27T22:21:07","guid":{"rendered":"https:\/\/kstoryespana.com\/?product=purple-kiss-4th-mini-album-geekyland-digipack-version"},"modified":"2026-05-03T22:07:58","modified_gmt":"2026-05-03T20:07:58","slug":"pre-order-purple-kiss-4th-mini-album-geekyland-digipack-version","status":"publish","type":"product","link":"https:\/\/kstoryespana.com\/es\/product\/pre-order-purple-kiss-4th-mini-album-geekyland-digipack-version\/","title":{"rendered":"PURPLE KISS &#8211; 4th Mini Album [Geekyland] (Digipack Version)"},"content":{"rendered":"<div style=\"text-align: center;\" data-mce-style=\"text-align: center;\"><\/div>\n<h3 style=\"text-align: center;\">Release date:<span>\u00a0<\/span><span style=\"color: #ff2a00;\" color=\"#ff2a00\">July<\/span><span style=\"color: #f10808;\">\u00a026, 2022<\/span><br \/>\n<\/h3>\n<div style=\"text-align: center;\"><strong><span style=\"color: #f10808;\">(Important : After 7th of September, it will be shipped from Spain.<\/span><\/strong><\/div>\n<div style=\"text-align: center;\"><strong><span style=\"color: #f10808;\">In august, there is no shipping due to the vacation)<\/span><\/strong><\/div>\n<ul class=\"ul1\">\n<li class=\"li1\">PURPLE KISS &#8211; 4th Mini Album [Geekyland] (Digipack Version)<\/li>\n<li class=\"li1\">&#8211; 1 Random Version<\/li>\n<\/ul>\n<ul class=\"ul1\">\n<li class=\"li1\">Pre-Order Gift<\/li>\n<li class=\"li1\">\n<meta charset=\"utf-8\"> <span>&#8211; 1 POSTER<\/span>\n<\/li>\n<\/ul>\n<p class=\"p2\"><strong>** Noticia importante : La caja \/ caja exterior es simplemente para proteger la mercanc\u00eda. (Los da\u00f1os como ara\u00f1azos o decoloraci\u00f3n de la carcasa \/ caja no est\u00e1n cubiertos)<\/strong>.<\/p>\n<p class=\"p2\"><img decoding=\"async\" alt=\"\" src=\"https:\/\/cdn.shopify.com\/s\/files\/1\/0579\/9454\/3257\/files\/Geekylan.jpg?v=1657535607\"><\/p>\n<div style=\"text-align: center;\" data-mce-style=\"text-align: center;\"><\/div>\n<div style=\"text-align: center;\" data-mce-style=\"text-align: center;\"><\/div>\n<div style=\"text-align: center;\" data-mce-style=\"text-align: center;\"><\/div>\n","protected":false},"excerpt":{"rendered":"<p>Release date:\u00a0July\u00a026, 2022 (Important : After 7th of September, it will be shipped from Spain. In august, there is no shipping due to the vacation) PURPLE KISS &#8211; 4th Mini Album [Geekyland] (Digipack Version) &#8211; 1 Random Version Pre-Order Gift &#8211; 1 POSTER ** Noticia importante : La caja \/ caja exterior es simplemente para [&hellip;]<\/p>\n","protected":false},"featured_media":37393,"template":"","meta":[],"product_brand":[4536],"product_cat":[7225,4400],"product_tag":[7826],"class_list":{"0":"post-15957","1":"product","2":"type-product","3":"status-publish","4":"has-post-thumbnail","6":"product_brand-stock-in-korea","7":"product_cat-album-2","8":"product_cat-kstoryfromkorea","9":"product_tag-purple-kiss","11":"first","12":"instock","13":"taxable","14":"shipping-taxable","15":"purchasable","16":"product-type-simple"},"_links":{"self":[{"href":"https:\/\/kstoryespana.com\/es\/wp-json\/wp\/v2\/product\/15957","targetHints":{"allow":["GET"]}}],"collection":[{"href":"https:\/\/kstoryespana.com\/es\/wp-json\/wp\/v2\/product"}],"about":[{"href":"https:\/\/kstoryespana.com\/es\/wp-json\/wp\/v2\/types\/product"}],"wp:featuredmedia":[{"embeddable":true,"href":"https:\/\/kstoryespana.com\/es\/wp-json\/wp\/v2\/media\/37393"}],"wp:attachment":[{"href":"https:\/\/kstoryespana.com\/es\/wp-json\/wp\/v2\/media?parent=15957"}],"wp:term":[{"taxonomy":"product_brand","embeddable":true,"href":"https:\/\/kstoryespana.com\/es\/wp-json\/wp\/v2\/product_brand?post=15957"},{"taxonomy":"product_cat","embeddable":true,"href":"https:\/\/kstoryespana.com\/es\/wp-json\/wp\/v2\/product_cat?post=15957"},{"taxonomy":"product_tag","embeddable":true,"href":"https:\/\/kstoryespana.com\/es\/wp-json\/wp\/v2\/product_tag?post=15957"}],"curies":[{"name":"wp","href":"https:\/\/api.w.org\/{rel}","templated":true}]}}