{"id":15837,"date":"2025-05-27T22:20:36","date_gmt":"2025-05-27T22:20:36","guid":{"rendered":"https:\/\/kstoryespana.com\/?product=pentagon-4th-fan-meeting-pentagons-private-party-official-photocard-set"},"modified":"2026-05-03T21:28:28","modified_gmt":"2026-05-03T19:28:28","slug":"pentagon-4th-fan-meeting-pentagon-s-private-party-official-md","status":"publish","type":"product","link":"https:\/\/kstoryespana.com\/es\/product\/pentagon-4th-fan-meeting-pentagon-s-private-party-official-md\/","title":{"rendered":"PENT\u00c1GONO - 4\u00aa REUNI\u00d3N DE FANS FIESTA PRIVADA DEL PENT\u00c1GONO JUEGO OFICIAL DE TARJETAS FOTOGR\u00c1FICAS"},"excerpt":{"rendered":"<p>Release date:\u00a0April 11th 2022. PENTAGON &#8211; 4TH FAN MEETING PENTAGON&#8217;S PRIVATE PARTY OFFICIAL MD\u00a0PHOTOCARD SET &#8211; PHOTOCARD SET (9ea)Paper \/ 55*85mm<\/p>","protected":false},"featured_media":37305,"template":"","meta":[],"product_brand":[4535],"product_cat":[7229,4403],"product_tag":[7813],"class_list":{"0":"post-15837","1":"product","2":"type-product","3":"status-publish","4":"has-post-thumbnail","6":"product_brand-stock-in-spain","7":"product_cat-photocard","8":"product_cat-kstoryespana","9":"product_tag-pentagon","11":"first","12":"instock","13":"sale","14":"taxable","15":"shipping-taxable","16":"purchasable","17":"product-type-simple"},"jetpack_sharing_enabled":true,"_links":{"self":[{"href":"https:\/\/kstoryespana.com\/es\/wp-json\/wp\/v2\/product\/15837","targetHints":{"allow":["GET"]}}],"collection":[{"href":"https:\/\/kstoryespana.com\/es\/wp-json\/wp\/v2\/product"}],"about":[{"href":"https:\/\/kstoryespana.com\/es\/wp-json\/wp\/v2\/types\/product"}],"wp:featuredmedia":[{"embeddable":true,"href":"https:\/\/kstoryespana.com\/es\/wp-json\/wp\/v2\/media\/37305"}],"wp:attachment":[{"href":"https:\/\/kstoryespana.com\/es\/wp-json\/wp\/v2\/media?parent=15837"}],"wp:term":[{"taxonomy":"product_brand","embeddable":true,"href":"https:\/\/kstoryespana.com\/es\/wp-json\/wp\/v2\/product_brand?post=15837"},{"taxonomy":"product_cat","embeddable":true,"href":"https:\/\/kstoryespana.com\/es\/wp-json\/wp\/v2\/product_cat?post=15837"},{"taxonomy":"product_tag","embeddable":true,"href":"https:\/\/kstoryespana.com\/es\/wp-json\/wp\/v2\/product_tag?post=15837"}],"curies":[{"name":"wp","href":"https:\/\/api.w.org\/{rel}","templated":true}]}}