{"id":15832,"date":"2025-05-27T22:20:35","date_gmt":"2025-05-27T22:20:35","guid":{"rendered":"https:\/\/kstoryespana.com\/?product=pentagon-12th-mini-album-invite-u"},"modified":"2026-04-29T19:50:06","modified_gmt":"2026-04-29T17:50:06","slug":"pre-order-pentagon-12th-mini-album-in-vite-u","status":"publish","type":"product","link":"https:\/\/kstoryespana.com\/es\/producto\/pre-order-pentagon-12th-mini-album-in-vite-u\/","title":{"rendered":"PENTAGON &#8211; 12TH MINI ALBUM IN:VITE U"},"content":{"rendered":"<div style=\"text-align: center;\" data-mce-style=\"text-align: center;\">\n<strong><strong><strong>Release date:\u00a0<\/strong><\/strong><\/strong><strong><span style=\"color: #ff2a00;\" data-mce-style=\"color: #ff2a00;\">January 25th 2022.<\/span><\/strong><\/p>\n<div>\n<div>\n<div><strong><br \/><\/strong><\/div>\n<\/div>\n<\/div>\n<\/div>\n<ul>\n<li><strong>PENTAGON&#8217;s 12th Mini Album &#8211; IN:VITE U<br \/>[ NOUVEAU ver. \/ FLARE ver. ]\n<p><\/strong><\/li>\n<li>\n<span style=\"color: #ff2a00;\" data-mce-style=\"color: #ff2a00;\"><strong>FIRST-PRESS ONLY\u3163SUPER LIMITED, FIRST COME FIRST SERVE<br \/><\/strong><\/span>&#8211; 1 Poster\u00a0<strong><\/p>\n<p><\/strong>\n<\/li>\n<li>\n<strong><strong><strong>Contents for Each Version :<br \/><\/strong><\/strong><\/strong>&#8211; 1 Package<br \/>&#8211; 1 Booklet (96p)<br \/>&#8211; 1 Lyric Paper<br \/>&#8211; 1 CD<br \/>&#8211; 1 Photo Card (Random 1 out of 8)<br \/>&#8211; 1 Selfie Photo Card (Random 1 out of 8)<br \/>&#8211; 1 Name Tag<strong><strong><strong><\/p>\n<p><\/strong><\/strong><\/strong>\n<\/li>\n<\/ul>\n<ul>\n<li><b>Noticia important :\u00a0La caja \/ caja exterior es simplemente para proteger la mercanc\u00eda. (Los da\u00f1os como ara\u00f1azos o decoloraci\u00f3n de la carcasa \/ caja no est\u00e1n cubiertos).<\/b><\/li>\n<\/ul>\n<p><b><img decoding=\"async\" alt=\"\" src=\"https:\/\/cdn.shopify.com\/s\/files\/1\/0579\/9454\/3257\/files\/12_a1ad56b3-752c-4f6d-95c7-127a45c0cb2c.jpg?v=1641384483\"><\/b><\/p>\n","protected":false},"excerpt":{"rendered":"<p>Release date:\u00a0January 25th 2022. PENTAGON&#8217;s 12th Mini Album &#8211; IN:VITE U[ NOUVEAU ver. \/ FLARE ver. ] FIRST-PRESS ONLY\u3163SUPER LIMITED, FIRST COME FIRST SERVE&#8211; 1 Poster\u00a0 Contents for Each Version :&#8211; 1 Package&#8211; 1 Booklet (96p)&#8211; 1 Lyric Paper&#8211; 1 CD&#8211; 1 Photo Card (Random 1 out of 8)&#8211; 1 Selfie Photo Card (Random 1 [&hellip;]<\/p>\n","protected":false},"featured_media":37298,"template":"","meta":[],"product_brand":[4536],"product_cat":[7225],"product_tag":[7813],"class_list":{"0":"post-15832","1":"product","2":"type-product","3":"status-publish","4":"has-post-thumbnail","6":"product_brand-stock-in-korea","7":"product_cat-album-2","8":"product_tag-pentagon","10":"first","11":"instock","12":"taxable","13":"shipping-taxable","14":"purchasable","15":"product-type-variable"},"jetpack_sharing_enabled":true,"_links":{"self":[{"href":"https:\/\/kstoryespana.com\/es\/wp-json\/wp\/v2\/product\/15832","targetHints":{"allow":["GET"]}}],"collection":[{"href":"https:\/\/kstoryespana.com\/es\/wp-json\/wp\/v2\/product"}],"about":[{"href":"https:\/\/kstoryespana.com\/es\/wp-json\/wp\/v2\/types\/product"}],"wp:featuredmedia":[{"embeddable":true,"href":"https:\/\/kstoryespana.com\/es\/wp-json\/wp\/v2\/media\/37298"}],"wp:attachment":[{"href":"https:\/\/kstoryespana.com\/es\/wp-json\/wp\/v2\/media?parent=15832"}],"wp:term":[{"taxonomy":"product_brand","embeddable":true,"href":"https:\/\/kstoryespana.com\/es\/wp-json\/wp\/v2\/product_brand?post=15832"},{"taxonomy":"product_cat","embeddable":true,"href":"https:\/\/kstoryespana.com\/es\/wp-json\/wp\/v2\/product_cat?post=15832"},{"taxonomy":"product_tag","embeddable":true,"href":"https:\/\/kstoryespana.com\/es\/wp-json\/wp\/v2\/product_tag?post=15832"}],"curies":[{"name":"wp","href":"https:\/\/api.w.org\/{rel}","templated":true}]}}