{"id":15826,"date":"2025-05-27T22:20:34","date_gmt":"2025-05-27T22:20:34","guid":{"rendered":"https:\/\/kstoryespana.com\/?product=pentagon-11th-mini-album-love-or-take"},"modified":"2026-05-03T15:17:43","modified_gmt":"2026-05-03T13:17:43","slug":"pentagon-11th-mini-album-love-or-take","status":"publish","type":"product","link":"https:\/\/kstoryespana.com\/es\/producto\/pentagon-11th-mini-album-love-or-take\/","title":{"rendered":"PENTAGON &#8211; 11TH MINI ALBUM [LOVE OR TAKE]"},"content":{"rendered":"<div style=\"text-align: center;\" data-mce-style=\"text-align: center;\">\n<div>\n<div>\n<div><span style=\"color: #000000;\" data-mce-style=\"color: #000000;\"><strong><strong><strong>Release date:<\/strong><\/strong><\/strong><strong>\u00a0March 16th\u00a02021<\/strong><\/span><\/div>\n<\/div>\n<\/div>\n<\/div>\n<ul>\n<li><strong>PENTAGON&#8217;s 11th Mini Album &#8211;\u00a0LOVE or TAKE<br \/>[ ROMANTIC ver. \/ SPORTY ver. \/ MILD ver.\u00a0]<\/strong><\/li>\n<li>\n<strong>Package for\u00a0Each Version\u00a0:<br \/><\/strong>&#8211; 1 Cover<br \/>&#8211; 1 Special Cover (Random 1 out of 8)<br \/>&#8211; 1 Booklet (96p)<br \/>&#8211; 1 CD<br \/>&#8211; 1 CD Package (Random 1 out of 8)<br \/>&#8211; 1 Lyric Paper<br \/>&#8211; 1 Mini Poster (Random 1 out of 8)<br \/>&#8211; 1 Special Plastic Sheet<br \/>&#8211; 2 Photo Card (Random 2 out of 48)<\/li>\n<li>\n<span style=\"color: #ff2a00;\" data-mce-style=\"color: #ff2a00;\"><strong>PRE-ORDER ONLY\u3163SUPER LIMITED, FIRST COME FIRST SERVE<\/strong><\/span><br \/>&#8211; 1 Poster<\/li>\n<\/ul>\n<ul>\n<li>\n<p class=\"p1\"><span class=\"s1\"><b>Noticia important :\u00a0<\/b><br \/> <b>La caja \/ caja exterior es simplemente para proteger la mercanc\u00eda. (Los da\u00f1os como ara\u00f1azos o decoloraci\u00f3n de la carcasa \/ caja no est\u00e1n cubiertos).<\/b><\/span><\/p>\n<\/li>\n<\/ul>\n<p>\u00a0<img decoding=\"async\" data-mce-fragment=\"1\" alt=\"\" src=\"https:\/\/cdn.shopify.com\/s\/files\/1\/0579\/9454\/3257\/files\/11___800.jpg?v=1638378199\" data-mce-src=\"https:\/\/cdn.shopify.com\/s\/files\/1\/0579\/9454\/3257\/files\/11___800.jpg?v=1638378199\"><\/p>\n","protected":false},"excerpt":{"rendered":"<p>Release date:\u00a0March 16th\u00a02021 PENTAGON&#8217;s 11th Mini Album &#8211;\u00a0LOVE or TAKE[ ROMANTIC ver. \/ SPORTY ver. \/ MILD ver.\u00a0] Package for\u00a0Each Version\u00a0:&#8211; 1 Cover&#8211; 1 Special Cover (Random 1 out of 8)&#8211; 1 Booklet (96p)&#8211; 1 CD&#8211; 1 CD Package (Random 1 out of 8)&#8211; 1 Lyric Paper&#8211; 1 Mini Poster (Random 1 out of 8)&#8211; [&hellip;]<\/p>\n","protected":false},"featured_media":37297,"template":"","meta":[],"product_brand":[4536],"product_cat":[7225],"product_tag":[7813],"class_list":{"0":"post-15826","1":"product","2":"type-product","3":"status-publish","4":"has-post-thumbnail","6":"product_brand-stock-in-korea","7":"product_cat-album-2","8":"product_tag-pentagon","10":"first","11":"instock","12":"taxable","13":"shipping-taxable","14":"purchasable","15":"product-type-variable"},"jetpack_sharing_enabled":true,"_links":{"self":[{"href":"https:\/\/kstoryespana.com\/es\/wp-json\/wp\/v2\/product\/15826","targetHints":{"allow":["GET"]}}],"collection":[{"href":"https:\/\/kstoryespana.com\/es\/wp-json\/wp\/v2\/product"}],"about":[{"href":"https:\/\/kstoryespana.com\/es\/wp-json\/wp\/v2\/types\/product"}],"wp:featuredmedia":[{"embeddable":true,"href":"https:\/\/kstoryespana.com\/es\/wp-json\/wp\/v2\/media\/37297"}],"wp:attachment":[{"href":"https:\/\/kstoryespana.com\/es\/wp-json\/wp\/v2\/media?parent=15826"}],"wp:term":[{"taxonomy":"product_brand","embeddable":true,"href":"https:\/\/kstoryespana.com\/es\/wp-json\/wp\/v2\/product_brand?post=15826"},{"taxonomy":"product_cat","embeddable":true,"href":"https:\/\/kstoryespana.com\/es\/wp-json\/wp\/v2\/product_cat?post=15826"},{"taxonomy":"product_tag","embeddable":true,"href":"https:\/\/kstoryespana.com\/es\/wp-json\/wp\/v2\/product_tag?post=15826"}],"curies":[{"name":"wp","href":"https:\/\/api.w.org\/{rel}","templated":true}]}}