{"id":15710,"date":"2025-05-27T22:19:59","date_gmt":"2025-05-27T22:19:59","guid":{"rendered":"https:\/\/kstoryespana.com\/?product=p1harmony-3rd-mini-album-disharmony-find-out"},"modified":"2026-05-03T15:18:47","modified_gmt":"2026-05-03T13:18:47","slug":"pre-order-p1harmony-3rd-mini-album-disharmony-find-out","status":"publish","type":"product","link":"https:\/\/kstoryespana.com\/es\/producto\/pre-order-p1harmony-3rd-mini-album-disharmony-find-out\/","title":{"rendered":"P1HARMONY &#8211; 3RD MINI ALBUM DISHARMONY FIND OUT"},"content":{"rendered":"<div style=\"text-align: center;\" data-mce-style=\"text-align: center;\">\n<strong><strong><strong>Release date:\u00a0<\/strong><\/strong><\/strong><strong><span style=\"color: #ff2a00;\" data-mce-style=\"color: #ff2a00;\">January 4th 2022.<\/span><\/strong><\/p>\n<div>\n<div>\n<div><strong><br \/><\/strong><\/div>\n<\/div>\n<\/div>\n<\/div>\n<ul>\n<li><strong>P1HARMONY&#8217;s 3rd Mini Album &#8211;\u00a0DISHARMONY : FIND OUT<br \/>[ TURN OUT ver. \/ FIND OUT ver. \/ +WORLD ver. ]\n<p><\/strong><\/li>\n<\/ul>\n<ul>\n<li>\n<span style=\"color: #ff2a00;\" data-mce-style=\"color: #ff2a00;\"><strong>FIRST PRESS ONLY\u3163SUPER LIMITED, FIRST COME FIRST SERVE<br \/><\/strong><\/span>&#8211; 1 Poster (By Version)<strong><\/p>\n<p><\/strong>\n<\/li>\n<li>\n<strong><strong><strong>Package for TURN OUT ver. \/ FIND OUT ver. :<br \/><\/strong><\/strong><\/strong>&#8211; 1\u00a0Out Case (Hard Cover)<br \/>&#8211; 1 Booklet (88p)<br \/>&#8211; 1 CD<br \/>&#8211; 1 Folding Poster (Random 1 out of 6)<br \/>&#8211; 1 Standing Photo Card (Random 1 out of 6)<br \/>&#8211; 1 Logo Tag<br \/>&#8211; 1 Selfie Photo Card (Random 1 out of 12)<br \/><strong><strong><strong><br \/><\/strong><\/strong><\/strong>\n<\/li>\n<li>\n<strong>Package for +WORLD ver. :<\/strong><br \/>&#8211; 1 Photo Book (80p)<br \/>&#8211; 1 CD<br \/>&#8211; 1 Folding Poster (Random 1 out of 6)<br \/>&#8211; 1 Logo Tag<br \/>&#8211; 1 Lenticular Photo Card (Random 1 out of 6)<br \/>&#8211; 1 Selfie Photo Card (Random 1 out of 12)<\/p>\n<\/li>\n<li>\n<p class=\"p1\"><span class=\"s2\"><b>Noticia important :\u00a0<\/b><\/span><span class=\"s3\"><br \/> <\/span><span class=\"s2\"><b>La caja \/ caja exterior es simplemente para proteger la mercanc\u00eda. (Los da\u00f1os como ara\u00f1azos o decoloraci\u00f3n de la carcasa \/ caja no est\u00e1n cubiertos).<\/b><\/span><\/p>\n<\/li>\n<\/ul>\n<p><span class=\"s2\"><b><img decoding=\"async\" src=\"https:\/\/cdn.shopify.com\/s\/files\/1\/0579\/9454\/3257\/files\/P1Harmony-__BREAK-OUT.jpg?v=1640170257\" alt=\"\"><\/b><\/span><\/p>\n<p><span class=\"s2\"><b><img decoding=\"async\" src=\"https:\/\/cdn.shopify.com\/s\/files\/1\/0579\/9454\/3257\/files\/L200002323_P1Harmony_FIND_OUT_ver.jpg?v=1640170281\" alt=\"\"><\/b><\/span><\/p>\n<p><span class=\"s2\"><b><img decoding=\"async\" alt=\"\" src=\"https:\/\/cdn.shopify.com\/s\/files\/1\/0579\/9454\/3257\/files\/L200002323_P1Harmony_WORLD_ver.jpg?v=1640170475\"><\/b><\/span><\/p>\n","protected":false},"excerpt":{"rendered":"<p>Release date:\u00a0January 4th 2022. P1HARMONY&#8217;s 3rd Mini Album &#8211;\u00a0DISHARMONY : FIND OUT[ TURN OUT ver. \/ FIND OUT ver. \/ +WORLD ver. ] FIRST PRESS ONLY\u3163SUPER LIMITED, FIRST COME FIRST SERVE&#8211; 1 Poster (By Version) Package for TURN OUT ver. \/ FIND OUT ver. :&#8211; 1\u00a0Out Case (Hard Cover)&#8211; 1 Booklet (88p)&#8211; 1 CD&#8211; 1 [&hellip;]<\/p>\n","protected":false},"featured_media":37212,"template":"","meta":[],"product_brand":[4535],"product_cat":[7225,4403],"product_tag":[7801],"class_list":{"0":"post-15710","1":"product","2":"type-product","3":"status-publish","4":"has-post-thumbnail","6":"product_brand-stock-in-spain","7":"product_cat-album-2","8":"product_cat-kstoryespana","9":"product_tag-p1harmony","11":"first","12":"instock","13":"taxable","14":"shipping-taxable","15":"purchasable","16":"product-type-variable"},"jetpack_sharing_enabled":true,"_links":{"self":[{"href":"https:\/\/kstoryespana.com\/es\/wp-json\/wp\/v2\/product\/15710","targetHints":{"allow":["GET"]}}],"collection":[{"href":"https:\/\/kstoryespana.com\/es\/wp-json\/wp\/v2\/product"}],"about":[{"href":"https:\/\/kstoryespana.com\/es\/wp-json\/wp\/v2\/types\/product"}],"wp:featuredmedia":[{"embeddable":true,"href":"https:\/\/kstoryespana.com\/es\/wp-json\/wp\/v2\/media\/37212"}],"wp:attachment":[{"href":"https:\/\/kstoryespana.com\/es\/wp-json\/wp\/v2\/media?parent=15710"}],"wp:term":[{"taxonomy":"product_brand","embeddable":true,"href":"https:\/\/kstoryespana.com\/es\/wp-json\/wp\/v2\/product_brand?post=15710"},{"taxonomy":"product_cat","embeddable":true,"href":"https:\/\/kstoryespana.com\/es\/wp-json\/wp\/v2\/product_cat?post=15710"},{"taxonomy":"product_tag","embeddable":true,"href":"https:\/\/kstoryespana.com\/es\/wp-json\/wp\/v2\/product_tag?post=15710"}],"curies":[{"name":"wp","href":"https:\/\/api.w.org\/{rel}","templated":true}]}}