{"id":15697,"date":"2025-05-27T22:19:55","date_gmt":"2025-05-27T22:19:55","guid":{"rendered":"https:\/\/kstoryespana.com\/?product=our-beloved-summer-book"},"modified":"2026-04-20T23:31:03","modified_gmt":"2026-04-20T21:31:03","slug":"pre-order-our-beloved-summer-book-set-3249530","status":"publish","type":"product","link":"https:\/\/kstoryespana.com\/es\/product\/pre-order-our-beloved-summer-book-set-3249530\/","title":{"rendered":"Our Beloved Summer Book"},"content":{"rendered":"<p style=\"text-align: center;\"><span style=\"color: #ff2a00;\" data-mce-fragment=\"1\"><strong data-mce-fragment=\"1\"><span style=\"color: #000000;\">Release date<\/span> : March 21, 2022.<\/strong><\/span><\/p>\n<ul>\n<li><strong>Our Beloved Summer Book<\/strong><\/li>\n<\/ul>\n<ul>\n<li><strong data-mce-fragment=\"1\">Package :<\/strong><\/li>\n<\/ul>\n<p style=\"text-align: left; padding-left: 30px;\"><span data-mce-fragment=\"1\">&#8211; 1 Photo Book (240p, Hardcover)<\/span><br data-mce-fragment=\"1\"><span data-mce-fragment=\"1\">* RANDOM 327 signed copies<\/span><br data-mce-fragment=\"1\"><span data-mce-fragment=\"1\">&#8211; 1 Photo Card (Random 1 out of 4)<\/span><br data-mce-fragment=\"1\"><span data-mce-fragment=\"1\">&#8211; 1 4-cut Photo<\/span><br data-mce-fragment=\"1\"><span data-mce-fragment=\"1\">&#8211; 1 Sticker Set (4ea)<\/span><\/p>\n<ul>\n<li><b data-mce-fragment=\"1\">Noticia important :\u00a0La caja \/ caja exterior es simplemente para proteger la mercanc\u00eda. (Los da\u00f1os como ara\u00f1azos o decoloraci\u00f3n de la carcasa \/ caja no est\u00e1n cubiertos).<\/b><\/li>\n<\/ul>\n<p style=\"text-align: left;\"><span data-mce-fragment=\"1\"><br \/><\/span><\/p>\n<ul>\n<li data-mce-fragment=\"1\">\n<div data-en-clipboard=\"true\" data-pm-slice=\"0 0 []\">\n<strong><\/strong><img decoding=\"async\" style=\"float: none;\" src=\"https:\/\/cdn.shopify.com\/s\/files\/1\/0019\/8102\/2321\/files\/our_beloved_summer_book_set_info.jpg?v=1646638781\" alt=\"Our Beloved Summer Book Set\">\n<\/div>\n<\/li>\n<\/ul>","protected":false},"excerpt":{"rendered":"<p>Release date : March 21, 2022. Our Beloved Summer Book Package : &#8211; 1 Photo Book (240p, Hardcover)* RANDOM 327 signed copies&#8211; 1 Photo Card (Random 1 out of 4)&#8211; 1 4-cut Photo&#8211; 1 Sticker Set (4ea) Noticia important :\u00a0La caja \/ caja exterior es simplemente para proteger la mercanc\u00eda. (Los da\u00f1os como ara\u00f1azos o [&hellip;]<\/p>\n","protected":false},"featured_media":37205,"template":"","meta":[],"product_brand":[4536],"product_cat":[4348,4400],"product_tag":[7800],"class_list":{"0":"post-15697","1":"product","2":"type-product","3":"status-publish","4":"has-post-thumbnail","6":"product_brand-stock-in-korea","7":"product_cat-k-product","8":"product_cat-kstoryfromkorea","9":"product_tag-our","11":"first","12":"instock","13":"taxable","14":"shipping-taxable","15":"purchasable","16":"product-type-variable"},"jetpack_sharing_enabled":true,"_links":{"self":[{"href":"https:\/\/kstoryespana.com\/es\/wp-json\/wp\/v2\/product\/15697","targetHints":{"allow":["GET"]}}],"collection":[{"href":"https:\/\/kstoryespana.com\/es\/wp-json\/wp\/v2\/product"}],"about":[{"href":"https:\/\/kstoryespana.com\/es\/wp-json\/wp\/v2\/types\/product"}],"wp:featuredmedia":[{"embeddable":true,"href":"https:\/\/kstoryespana.com\/es\/wp-json\/wp\/v2\/media\/37205"}],"wp:attachment":[{"href":"https:\/\/kstoryespana.com\/es\/wp-json\/wp\/v2\/media?parent=15697"}],"wp:term":[{"taxonomy":"product_brand","embeddable":true,"href":"https:\/\/kstoryespana.com\/es\/wp-json\/wp\/v2\/product_brand?post=15697"},{"taxonomy":"product_cat","embeddable":true,"href":"https:\/\/kstoryespana.com\/es\/wp-json\/wp\/v2\/product_cat?post=15697"},{"taxonomy":"product_tag","embeddable":true,"href":"https:\/\/kstoryespana.com\/es\/wp-json\/wp\/v2\/product_tag?post=15697"}],"curies":[{"name":"wp","href":"https:\/\/api.w.org\/{rel}","templated":true}]}}