{"id":15694,"date":"2025-05-27T22:19:54","date_gmt":"2025-05-27T22:19:54","guid":{"rendered":"https:\/\/kstoryespana.com\/?product=onlyoneof-kyubin-single-album-underground-idol-2"},"modified":"2026-05-03T21:28:21","modified_gmt":"2026-05-03T19:28:21","slug":"pre-order-onlyoneof-kyubin-single-album-underground-idol-2","status":"publish","type":"product","link":"https:\/\/kstoryespana.com\/es\/product\/pre-order-onlyoneof-kyubin-single-album-underground-idol-2\/","title":{"rendered":"ONLYONEOF KYUBIN &#8211; SINGLE ALBUM UNDERGROUND IDOL 2"},"excerpt":{"rendered":"<p>Release date:\u00a0Julio\u00a027, 2022 ONLYONEOF KYUBIN &#8211; SINGLE ALBUM UNDERGROUND IDOL 2 ** Noticia importante : La caja \/ caja exterior es simplemente para proteger la mercanc\u00eda. (Los da\u00f1os como ara\u00f1azos o decoloraci\u00f3n de la carcasa \/ caja no est\u00e1n cubiertos).<\/p>","protected":false},"featured_media":37202,"template":"","meta":[],"product_brand":[],"product_cat":[7225,4400],"product_tag":[8324,7796],"class_list":{"0":"post-15694","1":"product","2":"type-product","3":"status-publish","4":"has-post-thumbnail","6":"product_cat-album-2","7":"product_cat-kstoryfromkorea","8":"product_tag-kyubin","9":"product_tag-onlyoneof","11":"first","12":"instock","13":"taxable","14":"shipping-taxable","15":"purchasable","16":"product-type-simple"},"jetpack_sharing_enabled":true,"_links":{"self":[{"href":"https:\/\/kstoryespana.com\/es\/wp-json\/wp\/v2\/product\/15694","targetHints":{"allow":["GET"]}}],"collection":[{"href":"https:\/\/kstoryespana.com\/es\/wp-json\/wp\/v2\/product"}],"about":[{"href":"https:\/\/kstoryespana.com\/es\/wp-json\/wp\/v2\/types\/product"}],"wp:featuredmedia":[{"embeddable":true,"href":"https:\/\/kstoryespana.com\/es\/wp-json\/wp\/v2\/media\/37202"}],"wp:attachment":[{"href":"https:\/\/kstoryespana.com\/es\/wp-json\/wp\/v2\/media?parent=15694"}],"wp:term":[{"taxonomy":"product_brand","embeddable":true,"href":"https:\/\/kstoryespana.com\/es\/wp-json\/wp\/v2\/product_brand?post=15694"},{"taxonomy":"product_cat","embeddable":true,"href":"https:\/\/kstoryespana.com\/es\/wp-json\/wp\/v2\/product_cat?post=15694"},{"taxonomy":"product_tag","embeddable":true,"href":"https:\/\/kstoryespana.com\/es\/wp-json\/wp\/v2\/product_tag?post=15694"}],"curies":[{"name":"wp","href":"https:\/\/api.w.org\/{rel}","templated":true}]}}