{"id":15682,"date":"2025-05-27T22:19:51","date_gmt":"2025-05-27T22:19:51","guid":{"rendered":"https:\/\/kstoryespana.com\/?product=onlyoneof-album-instinct-part-2-6-versions-all-set"},"modified":"2026-05-03T22:07:43","modified_gmt":"2026-05-03T20:07:43","slug":"pre-order-onlyoneof-album-instinct-part-2-6-versions-all-set","status":"publish","type":"product","link":"https:\/\/kstoryespana.com\/es\/product\/pre-order-onlyoneof-album-instinct-part-2-6-versions-all-set\/","title":{"rendered":"ONLYONEOF &#8211; ALBUM INSTINCT PART.2 6 VERSIONS ALL SET"},"content":{"rendered":"<div style=\"text-align: center;\" data-mce-style=\"text-align: center;\">\n<strong><strong><strong>Fecha de lanzamiento:\u00a0<\/strong><\/strong><\/strong><strong><span style=\"color: #ff2a00;\" data-mce-style=\"color: #ff2a00;\">January 17th 2022.<\/span><\/strong><\/p>\n<div>\n<div>\n<div><strong><br \/><\/strong><\/div>\n<\/div>\n<\/div>\n<\/div>\n<ul>\n<li><strong>ONLYONEOF&#8217;s Album &#8211;\u00a0Instinct Part. 2 (6 Versions ALL SET)\n<p><\/strong><\/li>\n<li>\n<span style=\"color: #2b00ff;\" data-mce-style=\"color: #2b00ff;\"><strong>PRE-ORDER SPECIAL GIFT FOR ALL SET\u3163SUPER LIMITED, FIRST COME FIRST SERVE<br \/><\/strong><\/span>&#8211;\u00a01 2022 OnlyOneOf Mini Calendar per 1 Set<br \/>&#8211; 2 Selfie Photo Card (Random 2 out of 6, APPLE MUSIC ver.) per 1 Album<\/p>\n<\/li>\n<li>\n<span style=\"color: #ff2a00;\" data-mce-style=\"color: #ff2a00;\"><strong>S\u00d3LO PARA LA PRIMERA IMPRESI\u00d3N, S\u00daPER LIMITADO, POR ORDEN DE LLEGADA<br \/><\/strong><\/span>- 1 Cartel<strong><\/p>\n<p><\/strong>\n<\/li>\n<li>\n<strong><strong><strong>Paquete para cada versi\u00f3n :<br \/><\/strong><\/strong><\/strong>&#8211; 1 Cover\u00a0(6 Back Covers)<br \/>&#8211; 1 Photo Book (68p)<br \/>&#8211; 1 Disc<br \/>&#8211; 1 Photo Card (Random 1 out of 12)<\/li>\n<\/ul>\n<ul>\n<li>\n<p class=\"p1\"><span class=\"s1\"><b>Noticia important :\u00a0<\/b><\/span><b>La caja \/ caja exterior es simplemente para proteger la mercanc\u00eda. (Los da\u00f1os como ara\u00f1azos o decoloraci\u00f3n de la carcasa \/ caja no est\u00e1n cubiertos).<\/b><\/p>\n<\/li>\n<\/ul>\n<p><b><img decoding=\"async\" alt=\"\" src=\"https:\/\/cdn.shopify.com\/s\/files\/1\/0579\/9454\/3257\/files\/118fce06439f99c6f46683c4a0c843ab.jpg?v=1640170667\"><\/b><\/p>","protected":false},"excerpt":{"rendered":"<p>Release date:\u00a0January 17th 2022. ONLYONEOF&#8217;s Album &#8211;\u00a0Instinct Part. 2 (6 Versions ALL SET) PRE-ORDER SPECIAL GIFT FOR ALL SET\u3163SUPER LIMITED, FIRST COME FIRST SERVE&#8211;\u00a01 2022 OnlyOneOf Mini Calendar per 1 Set&#8211; 2 Selfie Photo Card (Random 2 out of 6, APPLE MUSIC ver.) per 1 Album FIRST PRESS ONLY\u3163SUPER LIMITED, FIRST COME FIRST SERVE&#8211; 1 [&hellip;]<\/p>\n","protected":false},"featured_media":37190,"template":"","meta":[],"product_brand":[4536],"product_cat":[7225,4400],"product_tag":[7796],"class_list":{"0":"post-15682","1":"product","2":"type-product","3":"status-publish","4":"has-post-thumbnail","6":"product_brand-stock-in-korea","7":"product_cat-album-2","8":"product_cat-kstoryfromkorea","9":"product_tag-onlyoneof","11":"first","12":"instock","13":"sale","14":"taxable","15":"shipping-taxable","16":"purchasable","17":"product-type-simple"},"jetpack_sharing_enabled":true,"_links":{"self":[{"href":"https:\/\/kstoryespana.com\/es\/wp-json\/wp\/v2\/product\/15682","targetHints":{"allow":["GET"]}}],"collection":[{"href":"https:\/\/kstoryespana.com\/es\/wp-json\/wp\/v2\/product"}],"about":[{"href":"https:\/\/kstoryespana.com\/es\/wp-json\/wp\/v2\/types\/product"}],"wp:featuredmedia":[{"embeddable":true,"href":"https:\/\/kstoryespana.com\/es\/wp-json\/wp\/v2\/media\/37190"}],"wp:attachment":[{"href":"https:\/\/kstoryespana.com\/es\/wp-json\/wp\/v2\/media?parent=15682"}],"wp:term":[{"taxonomy":"product_brand","embeddable":true,"href":"https:\/\/kstoryespana.com\/es\/wp-json\/wp\/v2\/product_brand?post=15682"},{"taxonomy":"product_cat","embeddable":true,"href":"https:\/\/kstoryespana.com\/es\/wp-json\/wp\/v2\/product_cat?post=15682"},{"taxonomy":"product_tag","embeddable":true,"href":"https:\/\/kstoryespana.com\/es\/wp-json\/wp\/v2\/product_tag?post=15682"}],"curies":[{"name":"wp","href":"https:\/\/api.w.org\/{rel}","templated":true}]}}