{"id":15607,"date":"2025-05-27T22:19:29","date_gmt":"2025-05-27T22:19:29","guid":{"rendered":"https:\/\/kstoryespana.com\/?product=onewe-special-album-%ec%8b%9c%ea%b0%84%ec%9d%84-%eb%8b%b4%ec%9d%80-%ec%9e%91%ec%9d%80-%eb%b0%a9"},"modified":"2026-05-03T20:38:36","modified_gmt":"2026-05-03T18:38:36","slug":"pre-order-onewe-special-album","status":"publish","type":"product","link":"https:\/\/kstoryespana.com\/es\/product\/pre-order-onewe-special-album\/","title":{"rendered":"ONEWE &#8211; SPECIAL ALBUM [\uc2dc\uac04\uc744 \ub2f4\uc740 \uc791\uc740 \ubc29]"},"content":{"rendered":"<div style=\"text-align: center;\" data-mce-style=\"text-align: center;\"><\/div>\n<h3 style=\"text-align: center;\" data-mce-style=\"text-align: center;\"><span>Release date: <span style=\"color: #ff2a00;\">May<\/span><span style=\"color: #f10808;\" data-mce-style=\"color: #f10808;\">\u00a024, 2022<\/span><\/span><\/h3>\n<ul class=\"ul1\">\n<li class=\"li1\"><strong>ONEWE &#8211; SPECIAL ALBUM [\uc2dc\uac04\uc744 \ub2f4\uc740 \uc791\uc740 \ubc29]<\/strong><\/li>\n<li class=\"li1\"><strong>Pre-Order Gift | Only for Pre-order : 1 Poster<\/strong><\/li>\n<\/ul>\n<p class=\"p2\"><strong>** Noticia importante : La caja \/ caja exterior es simplemente para proteger la mercanc\u00eda. (Los da\u00f1os como ara\u00f1azos o decoloraci\u00f3n de la carcasa \/ caja no est\u00e1n cubiertos)<\/strong>.<\/p>\n<div style=\"text-align: center;\" data-mce-style=\"text-align: center;\"><\/div>\n<div style=\"text-align: center;\" data-mce-style=\"text-align: center;\"><img decoding=\"async\" alt=\"\" src=\"https:\/\/cdn.shopify.com\/s\/files\/1\/0579\/9454\/3257\/files\/fc78aa1341dcc06bc0d3b469b1de0044.jpg?v=1652352619\"><\/div>\n<div style=\"text-align: center;\" data-mce-style=\"text-align: center;\"><\/div>\n","protected":false},"excerpt":{"rendered":"<p>Release date: May\u00a024, 2022 ONEWE &#8211; SPECIAL ALBUM [\uc2dc\uac04\uc744 \ub2f4\uc740 \uc791\uc740 \ubc29] Pre-Order Gift | Only for Pre-order : 1 Poster ** Noticia importante : La caja \/ caja exterior es simplemente para proteger la mercanc\u00eda. (Los da\u00f1os como ara\u00f1azos o decoloraci\u00f3n de la carcasa \/ caja no est\u00e1n cubiertos).<\/p>\n","protected":false},"featured_media":37138,"template":"","meta":[],"product_brand":[4536],"product_cat":[7225,4400],"product_tag":[7792],"class_list":{"0":"post-15607","1":"product","2":"type-product","3":"status-publish","4":"has-post-thumbnail","6":"product_brand-stock-in-korea","7":"product_cat-album-2","8":"product_cat-kstoryfromkorea","9":"product_tag-onewe","11":"first","12":"instock","13":"taxable","14":"shipping-taxable","15":"purchasable","16":"product-type-simple"},"jetpack_sharing_enabled":true,"_links":{"self":[{"href":"https:\/\/kstoryespana.com\/es\/wp-json\/wp\/v2\/product\/15607","targetHints":{"allow":["GET"]}}],"collection":[{"href":"https:\/\/kstoryespana.com\/es\/wp-json\/wp\/v2\/product"}],"about":[{"href":"https:\/\/kstoryespana.com\/es\/wp-json\/wp\/v2\/types\/product"}],"wp:featuredmedia":[{"embeddable":true,"href":"https:\/\/kstoryespana.com\/es\/wp-json\/wp\/v2\/media\/37138"}],"wp:attachment":[{"href":"https:\/\/kstoryespana.com\/es\/wp-json\/wp\/v2\/media?parent=15607"}],"wp:term":[{"taxonomy":"product_brand","embeddable":true,"href":"https:\/\/kstoryespana.com\/es\/wp-json\/wp\/v2\/product_brand?post=15607"},{"taxonomy":"product_cat","embeddable":true,"href":"https:\/\/kstoryespana.com\/es\/wp-json\/wp\/v2\/product_cat?post=15607"},{"taxonomy":"product_tag","embeddable":true,"href":"https:\/\/kstoryespana.com\/es\/wp-json\/wp\/v2\/product_tag?post=15607"}],"curies":[{"name":"wp","href":"https:\/\/api.w.org\/{rel}","templated":true}]}}