{"id":15552,"date":"2025-05-27T22:19:12","date_gmt":"2025-05-27T22:19:12","guid":{"rendered":"https:\/\/kstoryespana.com\/?product=onew-2nd-mini-album-dice-digipack-ver"},"modified":"2026-05-03T20:46:25","modified_gmt":"2026-05-03T18:46:25","slug":"pre-order-onew-2nd-mini-album-dice-digipack-ver","status":"publish","type":"product","link":"https:\/\/kstoryespana.com\/es\/product\/pre-order-onew-2nd-mini-album-dice-digipack-ver\/","title":{"rendered":"ONEW &#8211; 2ND MINI ALBUM DICE (DIGIPACK VER.)"},"excerpt":{"rendered":"<p>Release date:\u00a0April 12th 2022. \u00a0 ONEW&#8217;s 2nd Mini Album &#8211; DICE\u00a0[ DIGIPACK ver. ] [POSTER] Onew Dice Contents for each version : &#8211;\u00a01\u00a0Cover&#8211; 1\u00a0Booklet&#8211; 1\u00a0Folded poster (Random 1 out of 2)&#8211; 1 Photocard (Random 1 out of 3) Noticia importante\u00a0:\u00a0La caja \/ caja exterior es simplemente para proteger la mercanc\u00eda. (Los da\u00f1os como ara\u00f1azos o [&hellip;]<\/p>\n","protected":false},"featured_media":37084,"template":"","meta":[],"product_brand":[4536],"product_cat":[7225,4400],"product_tag":[7791],"class_list":{"0":"post-15552","1":"product","2":"type-product","3":"status-publish","4":"has-post-thumbnail","6":"product_brand-stock-in-korea","7":"product_cat-album-2","8":"product_cat-kstoryfromkorea","9":"product_tag-onew","11":"first","12":"instock","13":"taxable","14":"shipping-taxable","15":"purchasable","16":"product-type-variable"},"jetpack_sharing_enabled":true,"_links":{"self":[{"href":"https:\/\/kstoryespana.com\/es\/wp-json\/wp\/v2\/product\/15552","targetHints":{"allow":["GET"]}}],"collection":[{"href":"https:\/\/kstoryespana.com\/es\/wp-json\/wp\/v2\/product"}],"about":[{"href":"https:\/\/kstoryespana.com\/es\/wp-json\/wp\/v2\/types\/product"}],"wp:featuredmedia":[{"embeddable":true,"href":"https:\/\/kstoryespana.com\/es\/wp-json\/wp\/v2\/media\/37084"}],"wp:attachment":[{"href":"https:\/\/kstoryespana.com\/es\/wp-json\/wp\/v2\/media?parent=15552"}],"wp:term":[{"taxonomy":"product_brand","embeddable":true,"href":"https:\/\/kstoryespana.com\/es\/wp-json\/wp\/v2\/product_brand?post=15552"},{"taxonomy":"product_cat","embeddable":true,"href":"https:\/\/kstoryespana.com\/es\/wp-json\/wp\/v2\/product_cat?post=15552"},{"taxonomy":"product_tag","embeddable":true,"href":"https:\/\/kstoryespana.com\/es\/wp-json\/wp\/v2\/product_tag?post=15552"}],"curies":[{"name":"wp","href":"https:\/\/api.w.org\/{rel}","templated":true}]}}