{"id":15514,"date":"2025-05-27T22:18:55","date_gmt":"2025-05-27T22:18:55","guid":{"rendered":"https:\/\/kstoryespana.com\/?product=oneus-7th-mini-album-trickster"},"modified":"2026-05-03T21:28:10","modified_gmt":"2026-05-03T19:28:10","slug":"pre-order-oneus-7th-mini-album-trickster","status":"publish","type":"product","link":"https:\/\/kstoryespana.com\/es\/product\/pre-order-oneus-7th-mini-album-trickster\/","title":{"rendered":"ONEUS &#8211; 7th Mini Album [TRICKSTER]"},"excerpt":{"rendered":"<p>Release date : May 18, 2022.\u00a0 ONEUS &#8211; 7th Mini Album [TRICKSTER] Noticia importante\u00a0:\u00a0La caja \/ caja exterior es simplemente para proteger la mercanc\u00eda. (Los da\u00f1os como ara\u00f1azos o decoloraci\u00f3n de la carcasa \/ caja no est\u00e1n cubiertos). \u00a0<\/p>\n","protected":false},"featured_media":37069,"template":"","meta":[],"product_brand":[4536],"product_cat":[7225,4400],"product_tag":[7790],"class_list":{"0":"post-15514","1":"product","2":"type-product","3":"status-publish","4":"has-post-thumbnail","6":"product_brand-stock-in-korea","7":"product_cat-album-2","8":"product_cat-kstoryfromkorea","9":"product_tag-oneus","11":"first","12":"instock","13":"taxable","14":"shipping-taxable","15":"purchasable","16":"product-type-variable"},"jetpack_sharing_enabled":true,"_links":{"self":[{"href":"https:\/\/kstoryespana.com\/es\/wp-json\/wp\/v2\/product\/15514","targetHints":{"allow":["GET"]}}],"collection":[{"href":"https:\/\/kstoryespana.com\/es\/wp-json\/wp\/v2\/product"}],"about":[{"href":"https:\/\/kstoryespana.com\/es\/wp-json\/wp\/v2\/types\/product"}],"wp:featuredmedia":[{"embeddable":true,"href":"https:\/\/kstoryespana.com\/es\/wp-json\/wp\/v2\/media\/37069"}],"wp:attachment":[{"href":"https:\/\/kstoryespana.com\/es\/wp-json\/wp\/v2\/media?parent=15514"}],"wp:term":[{"taxonomy":"product_brand","embeddable":true,"href":"https:\/\/kstoryespana.com\/es\/wp-json\/wp\/v2\/product_brand?post=15514"},{"taxonomy":"product_cat","embeddable":true,"href":"https:\/\/kstoryespana.com\/es\/wp-json\/wp\/v2\/product_cat?post=15514"},{"taxonomy":"product_tag","embeddable":true,"href":"https:\/\/kstoryespana.com\/es\/wp-json\/wp\/v2\/product_tag?post=15514"}],"curies":[{"name":"wp","href":"https:\/\/api.w.org\/{rel}","templated":true}]}}