{"id":15501,"date":"2025-05-27T22:18:53","date_gmt":"2025-05-27T22:18:53","guid":{"rendered":"https:\/\/kstoryespana.com\/?product=oneus-3rd-mini-album-fly-with-us"},"modified":"2026-05-03T20:38:29","modified_gmt":"2026-05-03T18:38:29","slug":"oneus-3rd-mini-album-fly-with-us","status":"publish","type":"product","link":"https:\/\/kstoryespana.com\/es\/product\/oneus-3rd-mini-album-fly-with-us\/","title":{"rendered":"ONEUS &#8211; 3rd MINI ALBUM [FLY WITH US]"},"excerpt":{"rendered":"<p>Release date:\u00a0October 1st 2019. ONEUS &#8211; 3rd MINI ALBUM [FLY WITH US] Noticia Importante:\u00a0La caja \/ caja exterior es simplemente para proteger la mercanc\u00eda. (Los da\u00f1os como ara\u00f1azos o decoloraci\u00f3n de la carcasa \/ caja no est\u00e1n cubiertos). \u00a0<\/p>\n","protected":false},"featured_media":37058,"template":"","meta":[],"product_brand":[4536],"product_cat":[7225,4400],"product_tag":[7790],"class_list":{"0":"post-15501","1":"product","2":"type-product","3":"status-publish","4":"has-post-thumbnail","6":"product_brand-stock-in-korea","7":"product_cat-album-2","8":"product_cat-kstoryfromkorea","9":"product_tag-oneus","11":"first","12":"instock","13":"sale","14":"taxable","15":"shipping-taxable","16":"purchasable","17":"product-type-simple"},"jetpack_sharing_enabled":true,"_links":{"self":[{"href":"https:\/\/kstoryespana.com\/es\/wp-json\/wp\/v2\/product\/15501","targetHints":{"allow":["GET"]}}],"collection":[{"href":"https:\/\/kstoryespana.com\/es\/wp-json\/wp\/v2\/product"}],"about":[{"href":"https:\/\/kstoryespana.com\/es\/wp-json\/wp\/v2\/types\/product"}],"wp:featuredmedia":[{"embeddable":true,"href":"https:\/\/kstoryespana.com\/es\/wp-json\/wp\/v2\/media\/37058"}],"wp:attachment":[{"href":"https:\/\/kstoryespana.com\/es\/wp-json\/wp\/v2\/media?parent=15501"}],"wp:term":[{"taxonomy":"product_brand","embeddable":true,"href":"https:\/\/kstoryespana.com\/es\/wp-json\/wp\/v2\/product_brand?post=15501"},{"taxonomy":"product_cat","embeddable":true,"href":"https:\/\/kstoryespana.com\/es\/wp-json\/wp\/v2\/product_cat?post=15501"},{"taxonomy":"product_tag","embeddable":true,"href":"https:\/\/kstoryespana.com\/es\/wp-json\/wp\/v2\/product_tag?post=15501"}],"curies":[{"name":"wp","href":"https:\/\/api.w.org\/{rel}","templated":true}]}}