{"id":15448,"date":"2025-05-27T22:18:39","date_gmt":"2025-05-27T22:18:39","guid":{"rendered":"https:\/\/kstoryespana.com\/?product=oh-my-girl-summer-package-fall-in-love"},"modified":"2026-05-03T21:28:06","modified_gmt":"2026-05-03T19:28:06","slug":"oh-my-girl-summer-package-fall-in-love","status":"publish","type":"product","link":"https:\/\/kstoryespana.com\/es\/product\/oh-my-girl-summer-package-fall-in-love\/","title":{"rendered":"OH MY GIRL &#8211; SUMMER PACKAGE FALL IN LOVE"},"excerpt":{"rendered":"<p>Release date:\u00a0August 6th 2019. OH MY GIRL &#8211; SUMMER PACKAGE FALL IN LOVE Noticia Importante:\u00a0La caja \/ caja exterior es simplemente para proteger la mercanc\u00eda. (Los da\u00f1os como ara\u00f1azos o decoloraci\u00f3n de la carcasa \/ caja no est\u00e1n cubiertos).<\/p>","protected":false},"featured_media":37021,"template":"","meta":[],"product_brand":[],"product_cat":[7225,4400],"product_tag":[7783],"class_list":{"0":"post-15448","1":"product","2":"type-product","3":"status-publish","4":"has-post-thumbnail","6":"product_cat-album-2","7":"product_cat-kstoryfromkorea","8":"product_tag-oh-my-girl","10":"first","11":"instock","12":"taxable","13":"shipping-taxable","14":"purchasable","15":"product-type-simple"},"jetpack_sharing_enabled":true,"_links":{"self":[{"href":"https:\/\/kstoryespana.com\/es\/wp-json\/wp\/v2\/product\/15448","targetHints":{"allow":["GET"]}}],"collection":[{"href":"https:\/\/kstoryespana.com\/es\/wp-json\/wp\/v2\/product"}],"about":[{"href":"https:\/\/kstoryespana.com\/es\/wp-json\/wp\/v2\/types\/product"}],"wp:featuredmedia":[{"embeddable":true,"href":"https:\/\/kstoryespana.com\/es\/wp-json\/wp\/v2\/media\/37021"}],"wp:attachment":[{"href":"https:\/\/kstoryespana.com\/es\/wp-json\/wp\/v2\/media?parent=15448"}],"wp:term":[{"taxonomy":"product_brand","embeddable":true,"href":"https:\/\/kstoryespana.com\/es\/wp-json\/wp\/v2\/product_brand?post=15448"},{"taxonomy":"product_cat","embeddable":true,"href":"https:\/\/kstoryespana.com\/es\/wp-json\/wp\/v2\/product_cat?post=15448"},{"taxonomy":"product_tag","embeddable":true,"href":"https:\/\/kstoryespana.com\/es\/wp-json\/wp\/v2\/product_tag?post=15448"}],"curies":[{"name":"wp","href":"https:\/\/api.w.org\/{rel}","templated":true}]}}