{"id":15416,"date":"2025-05-27T22:18:30","date_gmt":"2025-05-27T22:18:30","guid":{"rendered":"https:\/\/kstoryespana.com\/?product=oh-my-girl-6th-mini-album-remember-me"},"modified":"2026-05-03T21:28:03","modified_gmt":"2026-05-03T19:28:03","slug":"oh-my-girl-6th-mini-album-remember-me","status":"publish","type":"product","link":"https:\/\/kstoryespana.com\/es\/product\/oh-my-girl-6th-mini-album-remember-me\/","title":{"rendered":"OH MY GIRL &#8211; 6th MINI ALBUM [REMEMBER ME]"},"excerpt":{"rendered":"<p>Release date:\u00a0September 11th 2018. OH MY GIRL &#8211; 6th MINI ALBUM [REMEMBER ME](1 Random, VIOLET Ver. \/ PINK Ver.) Noticia Importante:\u00a0La caja \/ caja exterior es simplemente para proteger la mercanc\u00eda. (Los da\u00f1os como ara\u00f1azos o decoloraci\u00f3n de la carcasa \/ caja no est\u00e1n cubiertos). \u00a0<\/p>\n","protected":false},"featured_media":37007,"template":"","meta":[],"product_brand":[4536],"product_cat":[7225,4400],"product_tag":[7783],"class_list":{"0":"post-15416","1":"product","2":"type-product","3":"status-publish","4":"has-post-thumbnail","6":"product_brand-stock-in-korea","7":"product_cat-album-2","8":"product_cat-kstoryfromkorea","9":"product_tag-oh-my-girl","11":"first","12":"instock","13":"taxable","14":"shipping-taxable","15":"purchasable","16":"product-type-simple"},"jetpack_sharing_enabled":true,"_links":{"self":[{"href":"https:\/\/kstoryespana.com\/es\/wp-json\/wp\/v2\/product\/15416","targetHints":{"allow":["GET"]}}],"collection":[{"href":"https:\/\/kstoryespana.com\/es\/wp-json\/wp\/v2\/product"}],"about":[{"href":"https:\/\/kstoryespana.com\/es\/wp-json\/wp\/v2\/types\/product"}],"wp:featuredmedia":[{"embeddable":true,"href":"https:\/\/kstoryespana.com\/es\/wp-json\/wp\/v2\/media\/37007"}],"wp:attachment":[{"href":"https:\/\/kstoryespana.com\/es\/wp-json\/wp\/v2\/media?parent=15416"}],"wp:term":[{"taxonomy":"product_brand","embeddable":true,"href":"https:\/\/kstoryespana.com\/es\/wp-json\/wp\/v2\/product_brand?post=15416"},{"taxonomy":"product_cat","embeddable":true,"href":"https:\/\/kstoryespana.com\/es\/wp-json\/wp\/v2\/product_cat?post=15416"},{"taxonomy":"product_tag","embeddable":true,"href":"https:\/\/kstoryespana.com\/es\/wp-json\/wp\/v2\/product_tag?post=15416"}],"curies":[{"name":"wp","href":"https:\/\/api.w.org\/{rel}","templated":true}]}}