{"id":15413,"date":"2025-05-27T22:18:29","date_gmt":"2025-05-27T22:18:29","guid":{"rendered":"https:\/\/kstoryespana.com\/?product=oh-my-girl-3rd-mini-album-pink-ocean"},"modified":"2026-05-03T20:38:23","modified_gmt":"2026-05-03T18:38:23","slug":"oh-my-girl-3rd-mini-album-pink-ocean","status":"publish","type":"product","link":"https:\/\/kstoryespana.com\/es\/product\/oh-my-girl-3rd-mini-album-pink-ocean\/","title":{"rendered":"OH MY GIRL &#8211; 3rd MINI ALBUM [PINK OCEAN]"},"excerpt":{"rendered":"<p>Release date:\u00a0March 29th 2016. OH MY GIRL &#8211; 3rd MINI ALBUM [PINK OCEAN] Noticia Importante:\u00a0La caja \/ caja exterior es simplemente para proteger la mercanc\u00eda. (Los da\u00f1os como ara\u00f1azos o decoloraci\u00f3n de la carcasa \/ caja no est\u00e1n cubiertos). \u00a0<\/p>\n","protected":false},"featured_media":37004,"template":"","meta":[],"product_brand":[4536],"product_cat":[7225,4400],"product_tag":[7783],"class_list":{"0":"post-15413","1":"product","2":"type-product","3":"status-publish","4":"has-post-thumbnail","6":"product_brand-stock-in-korea","7":"product_cat-album-2","8":"product_cat-kstoryfromkorea","9":"product_tag-oh-my-girl","11":"first","12":"instock","13":"taxable","14":"shipping-taxable","15":"purchasable","16":"product-type-simple"},"jetpack_sharing_enabled":true,"_links":{"self":[{"href":"https:\/\/kstoryespana.com\/es\/wp-json\/wp\/v2\/product\/15413","targetHints":{"allow":["GET"]}}],"collection":[{"href":"https:\/\/kstoryespana.com\/es\/wp-json\/wp\/v2\/product"}],"about":[{"href":"https:\/\/kstoryespana.com\/es\/wp-json\/wp\/v2\/types\/product"}],"wp:featuredmedia":[{"embeddable":true,"href":"https:\/\/kstoryespana.com\/es\/wp-json\/wp\/v2\/media\/37004"}],"wp:attachment":[{"href":"https:\/\/kstoryespana.com\/es\/wp-json\/wp\/v2\/media?parent=15413"}],"wp:term":[{"taxonomy":"product_brand","embeddable":true,"href":"https:\/\/kstoryespana.com\/es\/wp-json\/wp\/v2\/product_brand?post=15413"},{"taxonomy":"product_cat","embeddable":true,"href":"https:\/\/kstoryespana.com\/es\/wp-json\/wp\/v2\/product_cat?post=15413"},{"taxonomy":"product_tag","embeddable":true,"href":"https:\/\/kstoryespana.com\/es\/wp-json\/wp\/v2\/product_tag?post=15413"}],"curies":[{"name":"wp","href":"https:\/\/api.w.org\/{rel}","templated":true}]}}