{"id":15412,"date":"2025-05-27T22:18:29","date_gmt":"2025-05-27T22:18:29","guid":{"rendered":"https:\/\/kstoryespana.com\/?product=oh-my-girl-2nd-mini-album-closer"},"modified":"2026-05-03T20:38:23","modified_gmt":"2026-05-03T18:38:23","slug":"oh-my-girl-2nd-mini-album-closer","status":"publish","type":"product","link":"https:\/\/kstoryespana.com\/es\/producto\/oh-my-girl-2nd-mini-album-closer\/","title":{"rendered":"OH MY GIRL &#8211; 2nd MINI ALBUM [CLOSER]"},"content":{"rendered":"<div style=\"text-align: center;\" data-mce-style=\"text-align: center;\">\n<strong><strong><strong>Release date:<\/strong><\/strong><\/strong><strong><span style=\"color: #ff2a00;\" data-mce-style=\"color: #ff2a00;\">\u00a0October 13th 2015.<\/span><\/strong><\/p>\n<div>\n<div>\n<div><strong><br \/><\/strong><\/div>\n<\/div>\n<\/div>\n<\/div>\n<ul data-mce-fragment=\"1\">\n<li><strong>OH MY GIRL &#8211; 2nd MINI ALBUM [CLOSER]\n<p><\/strong><\/li>\n<li data-mce-fragment=\"1\">\n<b>Noticia Importante:\u00a0<\/b><br \/><b>La caja \/ caja exterior es simplemente para proteger la mercanc\u00eda. (Los da\u00f1os como ara\u00f1azos o decoloraci\u00f3n de la carcasa \/ caja no est\u00e1n cubiertos).<\/b>\n<\/li>\n<\/ul>\n<p>\u00a0<\/p>\n<div style=\"text-align: start;\"><img decoding=\"async\" src=\"https:\/\/cdn.shopify.com\/s\/files\/1\/0579\/9454\/3257\/files\/CLOSER_2.jpg?v=1640876265\" style=\"float: none;\"><\/div>\n","protected":false},"excerpt":{"rendered":"<p>Release date:\u00a0October 13th 2015. OH MY GIRL &#8211; 2nd MINI ALBUM [CLOSER] Noticia Importante:\u00a0La caja \/ caja exterior es simplemente para proteger la mercanc\u00eda. (Los da\u00f1os como ara\u00f1azos o decoloraci\u00f3n de la carcasa \/ caja no est\u00e1n cubiertos). \u00a0<\/p>\n","protected":false},"featured_media":37003,"template":"","meta":[],"product_brand":[4536],"product_cat":[7225,4400],"product_tag":[7783],"class_list":{"0":"post-15412","1":"product","2":"type-product","3":"status-publish","4":"has-post-thumbnail","6":"product_brand-stock-in-korea","7":"product_cat-album-2","8":"product_cat-kstoryfromkorea","9":"product_tag-oh-my-girl","11":"first","12":"outofstock","13":"taxable","14":"shipping-taxable","15":"purchasable","16":"product-type-simple"},"jetpack_sharing_enabled":true,"_links":{"self":[{"href":"https:\/\/kstoryespana.com\/es\/wp-json\/wp\/v2\/product\/15412","targetHints":{"allow":["GET"]}}],"collection":[{"href":"https:\/\/kstoryespana.com\/es\/wp-json\/wp\/v2\/product"}],"about":[{"href":"https:\/\/kstoryespana.com\/es\/wp-json\/wp\/v2\/types\/product"}],"wp:featuredmedia":[{"embeddable":true,"href":"https:\/\/kstoryespana.com\/es\/wp-json\/wp\/v2\/media\/37003"}],"wp:attachment":[{"href":"https:\/\/kstoryespana.com\/es\/wp-json\/wp\/v2\/media?parent=15412"}],"wp:term":[{"taxonomy":"product_brand","embeddable":true,"href":"https:\/\/kstoryespana.com\/es\/wp-json\/wp\/v2\/product_brand?post=15412"},{"taxonomy":"product_cat","embeddable":true,"href":"https:\/\/kstoryespana.com\/es\/wp-json\/wp\/v2\/product_cat?post=15412"},{"taxonomy":"product_tag","embeddable":true,"href":"https:\/\/kstoryespana.com\/es\/wp-json\/wp\/v2\/product_tag?post=15412"}],"curies":[{"name":"wp","href":"https:\/\/api.w.org\/{rel}","templated":true}]}}