{"id":15407,"date":"2025-05-27T22:18:28","date_gmt":"2025-05-27T22:18:28","guid":{"rendered":"https:\/\/kstoryespana.com\/?product=oh-my-girl-2nd-full-album-real-love"},"modified":"2026-05-03T22:07:29","modified_gmt":"2026-05-03T20:07:29","slug":"oh-my-girl-2nd-full-album-real-love-3246075","status":"publish","type":"product","link":"https:\/\/kstoryespana.com\/es\/product\/oh-my-girl-2nd-full-album-real-love-3246075\/","title":{"rendered":"OH MY GIRL - 2\u00ba \u00c1LBUM COMPLETO REAL LOVE"},"content":{"rendered":"<div style=\"text-align: center;\" data-mce-style=\"text-align: center;\">\n<div data-mce-fragment=\"1\">\n<div data-mce-fragment=\"1\">\n<div data-mce-fragment=\"1\">\n<strong data-mce-fragment=\"1\"><\/strong> <span style=\"color: #000000;\"><strong><strong><strong><strong>Release date:<\/strong><\/strong><\/strong><\/strong><strong data-mce-fragment=\"1\">\u00a0March 28th 2022.<\/strong> <\/span>\n<\/div>\n<\/div>\n<\/div>\n<\/div>\n<div style=\"text-align: center;\" data-mce-style=\"text-align: center;\"><\/div>\n<ul>\n<li><span style=\"color: #000000;\"><strong>OH MY GIRL&#8217;s 2nd Full Album\u00a0&#8211; Real Love<br \/>[ FLORAL ver. \/ FRUITY ver. ]<\/strong><\/span><\/li>\n<\/ul>\n<ul>\n<li><span style=\"color: #ff2a00;\"><a href=\"https:\/\/kstoryespana.es\/products\/poster-247-248-oh-my-girl-2nd-full-album-real-love?variant=46861628014919\" style=\"color: #ff2a00;\"><strong>[POSTER]\u00a0 OH MY GIRL &#8211; 2ND FULL ALBUM REAL LOVE<\/strong><\/a><\/span><\/li>\n<\/ul>\n<ul>\n<li>\n<span style=\"color: #000000;\"> <strong>FIRST PRESS ONLY\u3163SUPER LIMITED, FIRST COME FIRST SERVE<br \/><\/strong>&#8211; 1 Poster<\/span><br \/><span style=\"color: #000000;\"><strong><br \/><\/strong> <\/span>\n<\/li>\n<li>\n<strong><strong><strong><span style=\"color: #000000;\">Package for Each Version :<\/span><br \/><\/strong><\/strong><\/strong>&#8211; 1 Photo Book (136p, Random Inside Cover 1 out of 7)<br \/>&#8211; 1 Photo Card (Random 1 out of 28)<br \/>&#8211; 1 Selfie Photo Card (Random 1 out of 28)<br \/>&#8211; 1 Message Card (Random 1 out of 7)<br \/>&#8211; 1 Film Bookmark (Random 1 out of 7)<br \/>&#8211; 1 Sticker<br \/>&#8211; 1 CD-R<\/p>\n<\/li>\n<\/ul>\n<ul>\n<li><b data-mce-fragment=\"1\">Noticia important :\u00a0La caja \/ caja exterior es simplemente para proteger la mercanc\u00eda. (Los da\u00f1os como ara\u00f1azos o decoloraci\u00f3n de la carcasa \/ caja no est\u00e1n cubiertos).<\/b><\/li>\n<\/ul>\n<p><img decoding=\"async\" src=\"https:\/\/cdn.shopify.com\/s\/files\/1\/0559\/4356\/1408\/files\/2_____1.jpg?v=1646637794\" alt=\"\"><\/p>\n","protected":false},"excerpt":{"rendered":"<p>Release date:\u00a0March 28th 2022. OH MY GIRL&#8217;s 2nd Full Album\u00a0&#8211; Real Love[ FLORAL ver. \/ FRUITY ver. ] [POSTER]\u00a0 OH MY GIRL &#8211; 2ND FULL ALBUM REAL LOVE FIRST PRESS ONLY\u3163SUPER LIMITED, FIRST COME FIRST SERVE&#8211; 1 Poster Package for Each Version :&#8211; 1 Photo Book (136p, Random Inside Cover 1 out of 7)&#8211; 1 [&hellip;]<\/p>\n","protected":false},"featured_media":36995,"template":"","meta":[],"product_brand":[4536],"product_cat":[7225,4400],"product_tag":[7783],"class_list":{"0":"post-15407","1":"product","2":"type-product","3":"status-publish","4":"has-post-thumbnail","6":"product_brand-stock-in-korea","7":"product_cat-album-2","8":"product_cat-kstoryfromkorea","9":"product_tag-oh-my-girl","11":"first","12":"instock","13":"taxable","14":"shipping-taxable","15":"purchasable","16":"product-type-variable"},"jetpack_sharing_enabled":true,"_links":{"self":[{"href":"https:\/\/kstoryespana.com\/es\/wp-json\/wp\/v2\/product\/15407","targetHints":{"allow":["GET"]}}],"collection":[{"href":"https:\/\/kstoryespana.com\/es\/wp-json\/wp\/v2\/product"}],"about":[{"href":"https:\/\/kstoryespana.com\/es\/wp-json\/wp\/v2\/types\/product"}],"wp:featuredmedia":[{"embeddable":true,"href":"https:\/\/kstoryespana.com\/es\/wp-json\/wp\/v2\/media\/36995"}],"wp:attachment":[{"href":"https:\/\/kstoryespana.com\/es\/wp-json\/wp\/v2\/media?parent=15407"}],"wp:term":[{"taxonomy":"product_brand","embeddable":true,"href":"https:\/\/kstoryespana.com\/es\/wp-json\/wp\/v2\/product_brand?post=15407"},{"taxonomy":"product_cat","embeddable":true,"href":"https:\/\/kstoryespana.com\/es\/wp-json\/wp\/v2\/product_cat?post=15407"},{"taxonomy":"product_tag","embeddable":true,"href":"https:\/\/kstoryespana.com\/es\/wp-json\/wp\/v2\/product_tag?post=15407"}],"curies":[{"name":"wp","href":"https:\/\/api.w.org\/{rel}","templated":true}]}}