{"id":15277,"date":"2025-05-27T22:17:54","date_gmt":"2025-05-27T22:17:54","guid":{"rendered":"https:\/\/kstoryespana.com\/?product=nmixx-2nd-single-album-entwurf-limited-ver"},"modified":"2026-04-29T19:48:30","modified_gmt":"2026-04-29T17:48:30","slug":"pre-order-nmixx-2nd-single-album-entwurf-limited-ver","status":"publish","type":"product","link":"https:\/\/kstoryespana.com\/es\/producto\/pre-order-nmixx-2nd-single-album-entwurf-limited-ver\/","title":{"rendered":"NMIXX &#8211; 2nd Single Album [ENTWURF] (Limited Ver.)"},"content":{"rendered":"<div style=\"text-align: center;\" data-mce-style=\"text-align: center;\"><\/div>\n<h3 style=\"text-align: center;\" data-mce-style=\"text-align: center;\">Release date:<span>\u00a0<\/span><span style=\"color: #ff2a00;\" color=\"#ff2a00\" data-mce-style=\"color: #ff2a00;\">September<\/span><span style=\"color: #f10808;\" data-mce-style=\"color: #f10808;\">\u00a020, 2022<\/span><br \/>\n<\/h3>\n<ul class=\"ul1\">\n<li class=\"li1\">NMIXX &#8211; 2nd Single Album [ENTWURF] (Limited Ver.)<\/li>\n<\/ul>\n<ul class=\"ul1\">\n<li><a href=\"https:\/\/kstoryespana.es\/products\/poster-135-nmix-entwurf?utm_source=copyToPasteBoard&#038;utm_medium=product-links&#038;utm_content=web\"><strong>[POSTER]\u00a0 NMIX &#8211; Entwurf<\/strong><\/a><\/li>\n<\/ul>\n<p class=\"p2\"><strong>** Noticia importante : La caja \/ caja exterior es simplemente para proteger la mercanc\u00eda. (Los da\u00f1os como ara\u00f1azos o decoloraci\u00f3n de la carcasa \/ caja no est\u00e1n cubiertos)<\/strong>.<\/p>\n<p class=\"p2\"><img decoding=\"async\" src=\"https:\/\/cdn.shopify.com\/s\/files\/1\/0579\/9454\/3257\/files\/NMIXX_ENTWURF.jpg?v=1661219285\" alt=\"\" data-mce-src=\"https:\/\/cdn.shopify.com\/s\/files\/1\/0579\/9454\/3257\/files\/NMIXX_ENTWURF.jpg?v=1661219285\"><\/p>\n<div style=\"text-align: center;\" data-mce-style=\"text-align: center;\"><\/div>\n<div style=\"text-align: center;\" data-mce-style=\"text-align: center;\"><\/div>\n<div style=\"text-align: center;\" data-mce-style=\"text-align: center;\"><\/div>\n","protected":false},"excerpt":{"rendered":"<p>Release date:\u00a0September\u00a020, 2022 NMIXX &#8211; 2nd Single Album [ENTWURF] (Limited Ver.) [POSTER]\u00a0 NMIX &#8211; Entwurf ** Noticia importante : La caja \/ caja exterior es simplemente para proteger la mercanc\u00eda. (Los da\u00f1os como ara\u00f1azos o decoloraci\u00f3n de la carcasa \/ caja no est\u00e1n cubiertos).<\/p>\n","protected":false},"featured_media":36922,"template":"","meta":[],"product_brand":[4536],"product_cat":[7225],"product_tag":[7234],"class_list":{"0":"post-15277","1":"product","2":"type-product","3":"status-publish","4":"has-post-thumbnail","6":"product_brand-stock-in-korea","7":"product_cat-album-2","8":"product_tag-nmixx","10":"first","11":"instock","12":"taxable","13":"shipping-taxable","14":"purchasable","15":"product-type-simple"},"jetpack_sharing_enabled":true,"_links":{"self":[{"href":"https:\/\/kstoryespana.com\/es\/wp-json\/wp\/v2\/product\/15277","targetHints":{"allow":["GET"]}}],"collection":[{"href":"https:\/\/kstoryespana.com\/es\/wp-json\/wp\/v2\/product"}],"about":[{"href":"https:\/\/kstoryespana.com\/es\/wp-json\/wp\/v2\/types\/product"}],"wp:featuredmedia":[{"embeddable":true,"href":"https:\/\/kstoryespana.com\/es\/wp-json\/wp\/v2\/media\/36922"}],"wp:attachment":[{"href":"https:\/\/kstoryespana.com\/es\/wp-json\/wp\/v2\/media?parent=15277"}],"wp:term":[{"taxonomy":"product_brand","embeddable":true,"href":"https:\/\/kstoryespana.com\/es\/wp-json\/wp\/v2\/product_brand?post=15277"},{"taxonomy":"product_cat","embeddable":true,"href":"https:\/\/kstoryespana.com\/es\/wp-json\/wp\/v2\/product_cat?post=15277"},{"taxonomy":"product_tag","embeddable":true,"href":"https:\/\/kstoryespana.com\/es\/wp-json\/wp\/v2\/product_tag?post=15277"}],"curies":[{"name":"wp","href":"https:\/\/api.w.org\/{rel}","templated":true}]}}