{"id":15273,"date":"2025-05-27T22:17:52","date_gmt":"2025-05-27T22:17:52","guid":{"rendered":"https:\/\/kstoryespana.com\/?product=nmixx-1st-single-album-ad-mare-light-ver"},"modified":"2026-05-03T21:27:54","modified_gmt":"2026-05-03T19:27:54","slug":"pre-order-nmixx-1st-single-album-ad-mare-light-ver","status":"publish","type":"product","link":"https:\/\/kstoryespana.com\/es\/product\/pre-order-nmixx-1st-single-album-ad-mare-light-ver\/","title":{"rendered":"NMIXX &#8211; 1ST SINGLE ALBUM AD MARE LIGHT VER."},"content":{"rendered":"<div style=\"text-align: center;\">\n<span style=\"color: #000000;\"><span style=\"color: #000000;\"><strong data-mce-fragment=\"1\">Release date:\u00a0<\/strong><\/span><\/span><strong data-mce-fragment=\"1\"><span data-mce-fragment=\"1\"><span style=\"color: #ff2a00;\">February\u00a025th 2022<\/span>.<\/span><\/strong><\/p>\n<div data-mce-fragment=\"1\">\n<div data-mce-fragment=\"1\">\n<div data-mce-fragment=\"1\">\u00a0<\/div>\n<\/div>\n<\/div>\n<\/div>\n<ul>\n<li><strong>NMIXX&#8217;s 1st Single Album &#8211; AD MARE<br \/>[LIGHT ver.]\n<p><\/strong><\/li>\n<li>\n<strong data-mce-fragment=\"1\"><span data-mce-fragment=\"1\">Contents :<br \/><\/span><\/strong>&#8211; 1 Photobook (64p)\u00a0<br \/>&#8211; 1 Photocard <span data-mce-fragment=\"1\">(Random 1 out of 14)<\/span><br \/>&#8211; 1 CD<br \/>&#8211; 1\u00a0Sleeve cover<\/p>\n<\/li>\n<\/ul>\n<div>\n<ul>\n<li><b>Noticia important :\u00a0La caja \/ caja exterior es simplemente para proteger la mercanc\u00eda. (Los da\u00f1os como ara\u00f1azos o decoloraci\u00f3n de la carcasa \/ caja no est\u00e1n cubiertos).<\/b><\/li>\n<\/ul>\n<\/div>\n<p><img decoding=\"async\" src=\"https:\/\/cdn.shopify.com\/s\/files\/1\/0559\/4356\/1408\/files\/NMIXX_AD-MARE-_Light-Ver.jpg?v=1644929109\" alt=\"\"><\/p>\n","protected":false},"excerpt":{"rendered":"<p>Release date:\u00a0February\u00a025th 2022. \u00a0 NMIXX&#8217;s 1st Single Album &#8211; AD MARE[LIGHT ver.] Contents :&#8211; 1 Photobook (64p)\u00a0&#8211; 1 Photocard (Random 1 out of 14)&#8211; 1 CD&#8211; 1\u00a0Sleeve cover Noticia important :\u00a0La caja \/ caja exterior es simplemente para proteger la mercanc\u00eda. (Los da\u00f1os como ara\u00f1azos o decoloraci\u00f3n de la carcasa \/ caja no est\u00e1n cubiertos).<\/p>\n","protected":false},"featured_media":36917,"template":"","meta":[],"product_brand":[4536],"product_cat":[7225,4400],"product_tag":[7234],"class_list":{"0":"post-15273","1":"product","2":"type-product","3":"status-publish","4":"has-post-thumbnail","6":"product_brand-stock-in-korea","7":"product_cat-album-2","8":"product_cat-kstoryfromkorea","9":"product_tag-nmixx","11":"first","12":"instock","13":"sale","14":"taxable","15":"shipping-taxable","16":"purchasable","17":"product-type-simple"},"_links":{"self":[{"href":"https:\/\/kstoryespana.com\/es\/wp-json\/wp\/v2\/product\/15273","targetHints":{"allow":["GET"]}}],"collection":[{"href":"https:\/\/kstoryespana.com\/es\/wp-json\/wp\/v2\/product"}],"about":[{"href":"https:\/\/kstoryespana.com\/es\/wp-json\/wp\/v2\/types\/product"}],"wp:featuredmedia":[{"embeddable":true,"href":"https:\/\/kstoryespana.com\/es\/wp-json\/wp\/v2\/media\/36917"}],"wp:attachment":[{"href":"https:\/\/kstoryespana.com\/es\/wp-json\/wp\/v2\/media?parent=15273"}],"wp:term":[{"taxonomy":"product_brand","embeddable":true,"href":"https:\/\/kstoryespana.com\/es\/wp-json\/wp\/v2\/product_brand?post=15273"},{"taxonomy":"product_cat","embeddable":true,"href":"https:\/\/kstoryespana.com\/es\/wp-json\/wp\/v2\/product_cat?post=15273"},{"taxonomy":"product_tag","embeddable":true,"href":"https:\/\/kstoryespana.com\/es\/wp-json\/wp\/v2\/product_tag?post=15273"}],"curies":[{"name":"wp","href":"https:\/\/api.w.org\/{rel}","templated":true}]}}