{"id":14968,"date":"2025-05-27T22:16:41","date_gmt":"2025-05-27T22:16:41","guid":{"rendered":"https:\/\/kstoryespana.com\/?product=newjeans-1st-ep-new-jeans-bag-ver-limited-edition"},"modified":"2026-05-03T11:49:16","modified_gmt":"2026-05-03T09:49:16","slug":"pre-order-newjeans-1st-ep-new-jeans-bag-ver-limited-edition","status":"publish","type":"product","link":"https:\/\/kstoryespana.com\/es\/producto\/pre-order-newjeans-1st-ep-new-jeans-bag-ver-limited-edition\/","title":{"rendered":"NewJeans &#8211; 1st EP [New Jeans] [Bag ver.] [Limited Edition]"},"content":{"rendered":"<div style=\"text-align: center;\" data-mce-style=\"text-align: center;\"><\/div>\n<h3 style=\"text-align: center;\">Release date:<span>\u00a0<\/span><span style=\"color: #ff2a00;\" color=\"#ff2a00\">August<\/span><span style=\"color: #f10808;\">\u00a08, 2022<\/span><br \/>\n<\/h3>\n<div style=\"text-align: center;\"><strong><span style=\"color: #f10808;\"><\/span><\/strong><\/div>\n<div style=\"text-align: center;\"><strong><span style=\"color: #f10808;\"><\/span><\/strong><\/div>\n<ul class=\"ul1\">\n<li class=\"li1\">NewJeans &#8211; 1st EP [New Jeans] [Bag ver.] [Limited Edition]<\/li>\n<\/ul>\n<p class=\"p2\"><strong>** Noticia importante : La caja \/ caja exterior es simplemente para proteger la mercanc\u00eda. (Los da\u00f1os como ara\u00f1azos o decoloraci\u00f3n de la carcasa \/ caja no est\u00e1n cubiertos)<\/strong>.<\/p>\n<p class=\"p2\"><img decoding=\"async\" src=\"https:\/\/cdn.shopify.com\/s\/files\/1\/0579\/9454\/3257\/files\/Bag.jpg?v=1658740217\" alt=\"\"><\/p>\n<div style=\"text-align: center;\" data-mce-style=\"text-align: center;\"><\/div>\n<div style=\"text-align: center;\" data-mce-style=\"text-align: center;\"><\/div>\n<div style=\"text-align: center;\" data-mce-style=\"text-align: center;\"><\/div>\n","protected":false},"excerpt":{"rendered":"<p>Release date:\u00a0August\u00a08, 2022 NewJeans &#8211; 1st EP [New Jeans] [Bag ver.] [Limited Edition] ** Noticia importante : La caja \/ caja exterior es simplemente para proteger la mercanc\u00eda. (Los da\u00f1os como ara\u00f1azos o decoloraci\u00f3n de la carcasa \/ caja no est\u00e1n cubiertos).<\/p>\n","protected":false},"featured_media":36741,"template":"","meta":[],"product_brand":[4535],"product_cat":[7225,4403],"product_tag":[7768],"class_list":{"0":"post-14968","1":"product","2":"type-product","3":"status-publish","4":"has-post-thumbnail","6":"product_brand-stock-in-spain","7":"product_cat-album-2","8":"product_cat-kstoryespana","9":"product_tag-newjeans","11":"first","12":"outofstock","13":"taxable","14":"shipping-taxable","15":"purchasable","16":"product-type-variable"},"jetpack_sharing_enabled":true,"_links":{"self":[{"href":"https:\/\/kstoryespana.com\/es\/wp-json\/wp\/v2\/product\/14968","targetHints":{"allow":["GET"]}}],"collection":[{"href":"https:\/\/kstoryespana.com\/es\/wp-json\/wp\/v2\/product"}],"about":[{"href":"https:\/\/kstoryespana.com\/es\/wp-json\/wp\/v2\/types\/product"}],"wp:featuredmedia":[{"embeddable":true,"href":"https:\/\/kstoryespana.com\/es\/wp-json\/wp\/v2\/media\/36741"}],"wp:attachment":[{"href":"https:\/\/kstoryespana.com\/es\/wp-json\/wp\/v2\/media?parent=14968"}],"wp:term":[{"taxonomy":"product_brand","embeddable":true,"href":"https:\/\/kstoryespana.com\/es\/wp-json\/wp\/v2\/product_brand?post=14968"},{"taxonomy":"product_cat","embeddable":true,"href":"https:\/\/kstoryespana.com\/es\/wp-json\/wp\/v2\/product_cat?post=14968"},{"taxonomy":"product_tag","embeddable":true,"href":"https:\/\/kstoryespana.com\/es\/wp-json\/wp\/v2\/product_tag?post=14968"}],"curies":[{"name":"wp","href":"https:\/\/api.w.org\/{rel}","templated":true}]}}