{"id":14959,"date":"2025-05-27T22:16:39","date_gmt":"2025-05-27T22:16:39","guid":{"rendered":"https:\/\/kstoryespana.com\/?product=newjeans-1st-ep-new-jeans-bluebook-ver"},"modified":"2026-05-03T15:03:21","modified_gmt":"2026-05-03T13:03:21","slug":"pre-order-newjeans-1st-ep-new-jeans-bluebook-ver","status":"publish","type":"product","link":"https:\/\/kstoryespana.com\/es\/producto\/pre-order-newjeans-1st-ep-new-jeans-bluebook-ver\/","title":{"rendered":"NewJeans &#8211; 1st EP [New Jeans] (Bluebook ver.)"},"content":{"rendered":"<div style=\"text-align: center;\" data-mce-style=\"text-align: center;\"><\/div>\n<h3 style=\"text-align: center;\">Release date:<span>\u00a0<\/span><span style=\"color: #ff2a00;\" color=\"#ff2a00\">August<\/span><span style=\"color: #f10808;\">\u00a08, 2022<\/span><br \/>\n<\/h3>\n<div style=\"text-align: center;\"><strong><span style=\"color: #f10808;\"><\/span><\/strong><\/div>\n<div style=\"text-align: center;\"><strong><span style=\"color: #f10808;\"><\/span><\/strong><\/div>\n<ul class=\"ul1\">\n<li class=\"li1\">NewJeans &#8211; 1st EP [New Jeans] (Bluebook ver.) &#8211; 1 random out of 6<\/li>\n<\/ul>\n<p class=\"p2\"><strong>** Noticia importante : La caja \/ caja exterior es simplemente para proteger la mercanc\u00eda. (Los da\u00f1os como ara\u00f1azos o decoloraci\u00f3n de la carcasa \/ caja no est\u00e1n cubiertos)<\/strong>.<\/p>\n<p class=\"p2\"><img decoding=\"async\" src=\"https:\/\/cdn.shopify.com\/s\/files\/1\/0579\/9454\/3257\/files\/Bluebook.jpg?v=1658739992\" alt=\"\"><\/p>\n<div style=\"text-align: center;\" data-mce-style=\"text-align: center;\"><\/div>\n<div style=\"text-align: center;\" data-mce-style=\"text-align: center;\"><\/div>\n<div style=\"text-align: center;\" data-mce-style=\"text-align: center;\"><\/div>\n","protected":false},"excerpt":{"rendered":"<p>Release date:\u00a0August\u00a08, 2022 NewJeans &#8211; 1st EP [New Jeans] (Bluebook ver.) &#8211; 1 random out of 6 ** Noticia importante : La caja \/ caja exterior es simplemente para proteger la mercanc\u00eda. (Los da\u00f1os como ara\u00f1azos o decoloraci\u00f3n de la carcasa \/ caja no est\u00e1n cubiertos).<\/p>\n","protected":false},"featured_media":36739,"template":"","meta":[],"product_brand":[4535],"product_cat":[7225,4403],"product_tag":[7768],"class_list":{"0":"post-14959","1":"product","2":"type-product","3":"status-publish","4":"has-post-thumbnail","6":"product_brand-stock-in-spain","7":"product_cat-album-2","8":"product_cat-kstoryespana","9":"product_tag-newjeans","11":"first","12":"instock","13":"sale","14":"taxable","15":"shipping-taxable","16":"purchasable","17":"product-type-variable"},"jetpack_sharing_enabled":true,"_links":{"self":[{"href":"https:\/\/kstoryespana.com\/es\/wp-json\/wp\/v2\/product\/14959","targetHints":{"allow":["GET"]}}],"collection":[{"href":"https:\/\/kstoryespana.com\/es\/wp-json\/wp\/v2\/product"}],"about":[{"href":"https:\/\/kstoryespana.com\/es\/wp-json\/wp\/v2\/types\/product"}],"wp:featuredmedia":[{"embeddable":true,"href":"https:\/\/kstoryespana.com\/es\/wp-json\/wp\/v2\/media\/36739"}],"wp:attachment":[{"href":"https:\/\/kstoryespana.com\/es\/wp-json\/wp\/v2\/media?parent=14959"}],"wp:term":[{"taxonomy":"product_brand","embeddable":true,"href":"https:\/\/kstoryespana.com\/es\/wp-json\/wp\/v2\/product_brand?post=14959"},{"taxonomy":"product_cat","embeddable":true,"href":"https:\/\/kstoryespana.com\/es\/wp-json\/wp\/v2\/product_cat?post=14959"},{"taxonomy":"product_tag","embeddable":true,"href":"https:\/\/kstoryespana.com\/es\/wp-json\/wp\/v2\/product_tag?post=14959"}],"curies":[{"name":"wp","href":"https:\/\/api.w.org\/{rel}","templated":true}]}}