{"id":14579,"date":"2025-05-27T22:14:54","date_gmt":"2025-05-27T22:14:54","guid":{"rendered":"https:\/\/kstoryespana.com\/?product=nct-dream-2nd-repackage-album-beatbox-digipack-ver"},"modified":"2026-05-03T20:37:45","modified_gmt":"2026-05-03T18:37:45","slug":"pre-order-nct-dream-2nd-repackage-album-beatbox-digipack-ver","status":"publish","type":"product","link":"https:\/\/kstoryespana.com\/es\/product\/pre-order-nct-dream-2nd-repackage-album-beatbox-digipack-ver\/","title":{"rendered":"NCT DREAM &#8211; 2nd Repackage Album [Beatbox] (Digipack Ver.)"},"excerpt":{"rendered":"<p>Release date: May\u00a031, 2022 NCT DREAM &#8211; 2nd Repackage Album [Beatbox] (Digipack Ver.) COMPONENTS&#8211; 1\u00a0COVER&#8211; 1\u00a0BOOKLET (24P)&#8211; 1 FOLDED POSTER&#8211; 1\u00a0STICKER&#8211; 1\u00a0PHOTOCARD (RANDOM 1 OUT OF 7)&#8211; 1\u00a0MIXED TAPE CARD (RANDOM 1 OUT OF 7) ** Noticia importante : La caja \/ caja exterior es simplemente para proteger la mercanc\u00eda. (Los da\u00f1os como ara\u00f1azos o [&hellip;]<\/p>\n","protected":false},"featured_media":36478,"template":"","meta":[],"product_brand":[4535],"product_cat":[7225,4403],"product_tag":[7750,7754],"class_list":{"0":"post-14579","1":"product","2":"type-product","3":"status-publish","4":"has-post-thumbnail","6":"product_brand-stock-in-spain","7":"product_cat-album-2","8":"product_cat-kstoryespana","9":"product_tag-nct","10":"product_tag-nct-dream","12":"first","13":"outofstock","14":"taxable","15":"shipping-taxable","16":"purchasable","17":"product-type-simple"},"jetpack_sharing_enabled":true,"_links":{"self":[{"href":"https:\/\/kstoryespana.com\/es\/wp-json\/wp\/v2\/product\/14579","targetHints":{"allow":["GET"]}}],"collection":[{"href":"https:\/\/kstoryespana.com\/es\/wp-json\/wp\/v2\/product"}],"about":[{"href":"https:\/\/kstoryespana.com\/es\/wp-json\/wp\/v2\/types\/product"}],"wp:featuredmedia":[{"embeddable":true,"href":"https:\/\/kstoryespana.com\/es\/wp-json\/wp\/v2\/media\/36478"}],"wp:attachment":[{"href":"https:\/\/kstoryespana.com\/es\/wp-json\/wp\/v2\/media?parent=14579"}],"wp:term":[{"taxonomy":"product_brand","embeddable":true,"href":"https:\/\/kstoryespana.com\/es\/wp-json\/wp\/v2\/product_brand?post=14579"},{"taxonomy":"product_cat","embeddable":true,"href":"https:\/\/kstoryespana.com\/es\/wp-json\/wp\/v2\/product_cat?post=14579"},{"taxonomy":"product_tag","embeddable":true,"href":"https:\/\/kstoryespana.com\/es\/wp-json\/wp\/v2\/product_tag?post=14579"}],"curies":[{"name":"wp","href":"https:\/\/api.w.org\/{rel}","templated":true}]}}