{"id":14578,"date":"2025-05-27T22:14:54","date_gmt":"2025-05-27T22:14:54","guid":{"rendered":"https:\/\/kstoryespana.com\/?product=nct-dream-2nd-full-album-glitch-mode-digipack-ver"},"modified":"2026-05-03T22:06:52","modified_gmt":"2026-05-03T20:06:52","slug":"pre-order-nct-dream-2nd-full-album-glitch-mode-digipack-ver","status":"publish","type":"product","link":"https:\/\/kstoryespana.com\/es\/product\/pre-order-nct-dream-2nd-full-album-glitch-mode-digipack-ver\/","title":{"rendered":"NCT DREAM &#8211; 2ND FULL ALBUM GLITCH MODE DIGIPACK VER."},"excerpt":{"rendered":"<p>Release date:\u00a0March 29th 2022. \u00a0 NCT DREAM&#8217;s 2nd Full\u00a0Album &#8211; GLITCH MODE\u00a0[ Digipack ver. ] [POSTER]\u00a0 NCT Dream &#8211; Glitch mode Package :&#8211; 1 Cover\u00a0(Random 1 out of 7)\u00a0&#8211;\u00a0To be announced Noticia important :\u00a0La caja \/ caja exterior es simplemente para proteger la mercanc\u00eda. (Los da\u00f1os como ara\u00f1azos o decoloraci\u00f3n de la carcasa \/ caja [&hellip;]<\/p>\n","protected":false},"featured_media":36477,"template":"","meta":[],"product_brand":[4535],"product_cat":[7225,4403],"product_tag":[7750,7754],"class_list":{"0":"post-14578","1":"product","2":"type-product","3":"status-publish","4":"has-post-thumbnail","6":"product_brand-stock-in-spain","7":"product_cat-album-2","8":"product_cat-kstoryespana","9":"product_tag-nct","10":"product_tag-nct-dream","12":"first","13":"instock","14":"taxable","15":"shipping-taxable","16":"purchasable","17":"product-type-variable"},"jetpack_sharing_enabled":true,"_links":{"self":[{"href":"https:\/\/kstoryespana.com\/es\/wp-json\/wp\/v2\/product\/14578","targetHints":{"allow":["GET"]}}],"collection":[{"href":"https:\/\/kstoryespana.com\/es\/wp-json\/wp\/v2\/product"}],"about":[{"href":"https:\/\/kstoryespana.com\/es\/wp-json\/wp\/v2\/types\/product"}],"wp:featuredmedia":[{"embeddable":true,"href":"https:\/\/kstoryespana.com\/es\/wp-json\/wp\/v2\/media\/36477"}],"wp:attachment":[{"href":"https:\/\/kstoryespana.com\/es\/wp-json\/wp\/v2\/media?parent=14578"}],"wp:term":[{"taxonomy":"product_brand","embeddable":true,"href":"https:\/\/kstoryespana.com\/es\/wp-json\/wp\/v2\/product_brand?post=14578"},{"taxonomy":"product_cat","embeddable":true,"href":"https:\/\/kstoryespana.com\/es\/wp-json\/wp\/v2\/product_cat?post=14578"},{"taxonomy":"product_tag","embeddable":true,"href":"https:\/\/kstoryespana.com\/es\/wp-json\/wp\/v2\/product_tag?post=14578"}],"curies":[{"name":"wp","href":"https:\/\/api.w.org\/{rel}","templated":true}]}}