{"id":14577,"date":"2025-05-27T22:14:53","date_gmt":"2025-05-27T22:14:53","guid":{"rendered":"https:\/\/kstoryespana.com\/?product=nct-dream-2nd-full-album-glitch-mode-photobook-ver"},"modified":"2026-05-02T09:55:41","modified_gmt":"2026-05-02T07:55:41","slug":"nct-dream-2nd-full-album-glitch-mode-photobook-ver-3151187","status":"publish","type":"product","link":"https:\/\/kstoryespana.com\/es\/producto\/nct-dream-2nd-full-album-glitch-mode-photobook-ver-3151187\/","title":{"rendered":"NCT DREAM &#8211; 2ND FULL ALBUM GLITCH MODE (PHOTOBOOK VER.)"},"content":{"rendered":"<div style=\"text-align: center;\" data-mce-style=\"text-align: center;\">\n<span style=\"color: #000000;\" data-mce-style=\"color: #000000;\"><span style=\"color: #000000;\" data-mce-style=\"color: #000000;\"><strong data-mce-fragment=\"1\">Release date:\u00a0<\/strong><\/span><\/span><strong data-mce-fragment=\"1\"><span data-mce-fragment=\"1\"><span style=\"color: #ff2a00;\" data-mce-style=\"color: #ff2a00;\">\u00a0March 29th\u00a02022<\/span>.<\/span><\/strong><\/p>\n<div data-mce-fragment=\"1\">\n<div data-mce-fragment=\"1\">\n<div data-mce-fragment=\"1\">\u00a0<\/div>\n<\/div>\n<\/div>\n<\/div>\n<ul>\n<li><strong>NCT DREAM&#8217;s 2nd Full\u00a0Album &#8211; GLITCH MODE\u00a0<br \/>[ PHOTOBOOK<span data-mce-fragment=\"1\">\u00a0<\/span>ver.\u00a0]\n<p><\/strong><\/li>\n<li><a href=\"https:\/\/kstoryespana.es\/products\/poster-81-nct-dream-glitch-mode?utm_source=copyToPasteBoard&#038;utm_medium=product-links&#038;utm_content=web\"><strong>[POSTER]\u00a0 NCT Dream &#8211; Glitch mode<\/strong><\/a><\/li>\n<\/ul>\n<ul>\n<li>\n<strong data-mce-fragment=\"1\"><span data-mce-fragment=\"1\">Package\u00a0:<br \/><\/span><\/strong>&#8211; 2 cover<br \/>&#8211;\u00a0<span style=\"color: #ff2a00;\" data-mce-style=\"color: #ff2a00;\">To be announced\u00a0<\/span><\/p>\n<\/li>\n<\/ul>\n<ul>\n<li data-mce-fragment=\"1\"><b data-mce-fragment=\"1\">Noticia important :\u00a0La caja \/ caja exterior es simplemente para proteger la mercanc\u00eda. (Los da\u00f1os como ara\u00f1azos o decoloraci\u00f3n de la carcasa \/ caja no est\u00e1n cubiertos).<\/b><\/li>\n<\/ul>\n","protected":false},"excerpt":{"rendered":"<p>Release date:\u00a0\u00a0March 29th\u00a02022. \u00a0 NCT DREAM&#8217;s 2nd Full\u00a0Album &#8211; GLITCH MODE\u00a0[ PHOTOBOOK\u00a0ver.\u00a0] [POSTER]\u00a0 NCT Dream &#8211; Glitch mode Package\u00a0:&#8211; 2 cover&#8211;\u00a0To be announced\u00a0 Noticia important :\u00a0La caja \/ caja exterior es simplemente para proteger la mercanc\u00eda. (Los da\u00f1os como ara\u00f1azos o decoloraci\u00f3n de la carcasa \/ caja no est\u00e1n cubiertos).<\/p>\n","protected":false},"featured_media":36476,"template":"","meta":[],"product_brand":[4536],"product_cat":[7225],"product_tag":[7750,7754,8254],"class_list":{"0":"post-14577","1":"product","2":"type-product","3":"status-publish","4":"has-post-thumbnail","6":"product_brand-stock-in-korea","7":"product_cat-album-2","8":"product_tag-nct","9":"product_tag-nct-dream","10":"product_tag-photobook","12":"first","13":"outofstock","14":"taxable","15":"shipping-taxable","16":"purchasable","17":"product-type-variable"},"jetpack_sharing_enabled":true,"_links":{"self":[{"href":"https:\/\/kstoryespana.com\/es\/wp-json\/wp\/v2\/product\/14577","targetHints":{"allow":["GET"]}}],"collection":[{"href":"https:\/\/kstoryespana.com\/es\/wp-json\/wp\/v2\/product"}],"about":[{"href":"https:\/\/kstoryespana.com\/es\/wp-json\/wp\/v2\/types\/product"}],"wp:featuredmedia":[{"embeddable":true,"href":"https:\/\/kstoryespana.com\/es\/wp-json\/wp\/v2\/media\/36476"}],"wp:attachment":[{"href":"https:\/\/kstoryespana.com\/es\/wp-json\/wp\/v2\/media?parent=14577"}],"wp:term":[{"taxonomy":"product_brand","embeddable":true,"href":"https:\/\/kstoryespana.com\/es\/wp-json\/wp\/v2\/product_brand?post=14577"},{"taxonomy":"product_cat","embeddable":true,"href":"https:\/\/kstoryespana.com\/es\/wp-json\/wp\/v2\/product_cat?post=14577"},{"taxonomy":"product_tag","embeddable":true,"href":"https:\/\/kstoryespana.com\/es\/wp-json\/wp\/v2\/product_tag?post=14577"}],"curies":[{"name":"wp","href":"https:\/\/api.w.org\/{rel}","templated":true}]}}