{"id":14576,"date":"2025-05-27T22:14:53","date_gmt":"2025-05-27T22:14:53","guid":{"rendered":"https:\/\/kstoryespana.com\/?product=nct-dream-2nd-album-repackage-beatbox-photobook-ver"},"modified":"2026-05-03T20:37:45","modified_gmt":"2026-05-03T18:37:45","slug":"pre-order-nct-dream-2nd-album-repackage-beatbox-photobook-ver","status":"publish","type":"product","link":"https:\/\/kstoryespana.com\/es\/producto\/pre-order-nct-dream-2nd-album-repackage-beatbox-photobook-ver\/","title":{"rendered":"NCT DREAM &#8211; 2nd Album Repackage [Beatbox] (Photobook Ver.)"},"content":{"rendered":"<div style=\"text-align: center;\" data-mce-style=\"text-align: center;\"><\/div>\n<h3 style=\"text-align: center;\" data-mce-style=\"text-align: center;\"><span>Release date: <span style=\"color: #f10808;\" data-mce-style=\"color: #f10808;\">May 31, 2022<\/span><\/span><\/h3>\n<ul class=\"ul1\">\n<li class=\"li1\">NCT DREAM &#8211; 2nd Album Repackage [Beatbox] (Photobook Ver.)<\/li>\n<\/ul>\n<ul class=\"ul1\">\n<li class=\"li1\"><span class=\"s2\"><b>Pre-Order Gift | Pre-order only<\/b><\/span><\/li>\n<li class=\"li1\"><span class=\"s2\"><b>&#8211; 1 Poster<\/b><\/span><\/li>\n<\/ul>\n<p class=\"p2\"><span><\/span><br \/><strong>** Noticia importante : La caja \/ caja exterior es simplemente para proteger la mercanc\u00eda. (Los da\u00f1os como ara\u00f1azos o decoloraci\u00f3n de la carcasa \/ caja no est\u00e1n cubiertos)<\/strong>.<\/p>\n<div style=\"text-align: center;\" data-mce-style=\"text-align: center;\"><\/div>\n<div style=\"text-align: center;\" data-mce-style=\"text-align: center;\"><\/div>\n<div style=\"text-align: center;\" data-mce-style=\"text-align: center;\"><\/div>\n","protected":false},"excerpt":{"rendered":"<p>Release date: May 31, 2022 NCT DREAM &#8211; 2nd Album Repackage [Beatbox] (Photobook Ver.) Pre-Order Gift | Pre-order only &#8211; 1 Poster ** Noticia importante : La caja \/ caja exterior es simplemente para proteger la mercanc\u00eda. (Los da\u00f1os como ara\u00f1azos o decoloraci\u00f3n de la carcasa \/ caja no est\u00e1n cubiertos).<\/p>\n","protected":false},"featured_media":36474,"template":"","meta":[],"product_brand":[4536],"product_cat":[7225,4400],"product_tag":[7750,7754,8254],"class_list":{"0":"post-14576","1":"product","2":"type-product","3":"status-publish","4":"has-post-thumbnail","6":"product_brand-stock-in-korea","7":"product_cat-album-2","8":"product_cat-kstoryfromkorea","9":"product_tag-nct","10":"product_tag-nct-dream","11":"product_tag-photobook","13":"first","14":"instock","15":"taxable","16":"shipping-taxable","17":"purchasable","18":"product-type-simple"},"jetpack_sharing_enabled":true,"_links":{"self":[{"href":"https:\/\/kstoryespana.com\/es\/wp-json\/wp\/v2\/product\/14576","targetHints":{"allow":["GET"]}}],"collection":[{"href":"https:\/\/kstoryespana.com\/es\/wp-json\/wp\/v2\/product"}],"about":[{"href":"https:\/\/kstoryespana.com\/es\/wp-json\/wp\/v2\/types\/product"}],"wp:featuredmedia":[{"embeddable":true,"href":"https:\/\/kstoryespana.com\/es\/wp-json\/wp\/v2\/media\/36474"}],"wp:attachment":[{"href":"https:\/\/kstoryespana.com\/es\/wp-json\/wp\/v2\/media?parent=14576"}],"wp:term":[{"taxonomy":"product_brand","embeddable":true,"href":"https:\/\/kstoryespana.com\/es\/wp-json\/wp\/v2\/product_brand?post=14576"},{"taxonomy":"product_cat","embeddable":true,"href":"https:\/\/kstoryespana.com\/es\/wp-json\/wp\/v2\/product_cat?post=14576"},{"taxonomy":"product_tag","embeddable":true,"href":"https:\/\/kstoryespana.com\/es\/wp-json\/wp\/v2\/product_tag?post=14576"}],"curies":[{"name":"wp","href":"https:\/\/api.w.org\/{rel}","templated":true}]}}