{"id":14481,"date":"2025-05-27T22:14:31","date_gmt":"2025-05-27T22:14:31","guid":{"rendered":"https:\/\/kstoryespana.com\/?product=nct-127-4th-full-album-2-baddies-digipack-ver"},"modified":"2026-05-03T21:27:20","modified_gmt":"2026-05-03T19:27:20","slug":"pre-order-nct-127-4th-full-album-2-baddies-digipack-ver","status":"publish","type":"product","link":"https:\/\/kstoryespana.com\/es\/product\/pre-order-nct-127-4th-full-album-2-baddies-digipack-ver\/","title":{"rendered":"NCT 127 &#8211; 4th Full Album [2 Baddies] (Digipack Ver.)"},"excerpt":{"rendered":"<p>Release date:\u00a0September\u00a020, 2022 NCT 127 &#8211; 4th Full Album [2 Baddies] (Digipack Ver.) Pre-Order Gift | Pre-Order Only &#8211; 1 Poster in Tube ** Noticia importante : La caja \/ caja exterior es simplemente para proteger la mercanc\u00eda. (Los da\u00f1os como ara\u00f1azos o decoloraci\u00f3n de la carcasa \/ caja no est\u00e1n cubiertos).<\/p>\n","protected":false},"featured_media":36421,"template":"","meta":[],"product_brand":[4536],"product_cat":[7225,4400],"product_tag":[7750,7751],"class_list":{"0":"post-14481","1":"product","2":"type-product","3":"status-publish","4":"has-post-thumbnail","6":"product_brand-stock-in-korea","7":"product_cat-album-2","8":"product_cat-kstoryfromkorea","9":"product_tag-nct","10":"product_tag-nct-127","12":"first","13":"instock","14":"taxable","15":"shipping-taxable","16":"purchasable","17":"product-type-simple"},"jetpack_sharing_enabled":true,"_links":{"self":[{"href":"https:\/\/kstoryespana.com\/es\/wp-json\/wp\/v2\/product\/14481","targetHints":{"allow":["GET"]}}],"collection":[{"href":"https:\/\/kstoryespana.com\/es\/wp-json\/wp\/v2\/product"}],"about":[{"href":"https:\/\/kstoryespana.com\/es\/wp-json\/wp\/v2\/types\/product"}],"wp:featuredmedia":[{"embeddable":true,"href":"https:\/\/kstoryespana.com\/es\/wp-json\/wp\/v2\/media\/36421"}],"wp:attachment":[{"href":"https:\/\/kstoryespana.com\/es\/wp-json\/wp\/v2\/media?parent=14481"}],"wp:term":[{"taxonomy":"product_brand","embeddable":true,"href":"https:\/\/kstoryespana.com\/es\/wp-json\/wp\/v2\/product_brand?post=14481"},{"taxonomy":"product_cat","embeddable":true,"href":"https:\/\/kstoryespana.com\/es\/wp-json\/wp\/v2\/product_cat?post=14481"},{"taxonomy":"product_tag","embeddable":true,"href":"https:\/\/kstoryespana.com\/es\/wp-json\/wp\/v2\/product_tag?post=14481"}],"curies":[{"name":"wp","href":"https:\/\/api.w.org\/{rel}","templated":true}]}}