{"id":14474,"date":"2025-05-27T22:14:29","date_gmt":"2025-05-27T22:14:29","guid":{"rendered":"https:\/\/kstoryespana.com\/?product=nct-127-3rd-full-albumsticker-jewel-case-ver"},"modified":"2026-05-03T21:27:20","modified_gmt":"2026-05-03T19:27:20","slug":"pre-order-nct-127-3rd-full-albumsticker-jewel-case-ver","status":"publish","type":"product","link":"https:\/\/kstoryespana.com\/es\/product\/pre-order-nct-127-3rd-full-albumsticker-jewel-case-ver\/","title":{"rendered":"NCT 127 &#8211; 3RD FULL ALBUM[Sticker] Jewel Case Ver."},"content":{"rendered":"<p><meta charset=\"utf-8\"><\/p>\n<div style=\"text-align: center;\" data-mce-fragment=\"1\">\n<strong data-mce-fragment=\"1\">Fecha de lanzamiento:\u00a024<span data-mce-fragment=\"1\">\u00a0de septiembre<\/span><\/strong><strong data-mce-fragment=\"1\"><span data-mce-fragment=\"1\">\u00a02021.<\/span><\/strong><\/p>\n<div data-mce-fragment=\"1\">\n<div data-mce-fragment=\"1\">\n<div data-mce-fragment=\"1\"><strong data-mce-fragment=\"1\"><br data-mce-fragment=\"1\"><\/strong><\/div>\n<\/div>\n<\/div>\n<\/div>\n<ul data-mce-fragment=\"1\">\n<li data-mce-fragment=\"1\"><strong data-mce-fragment=\"1\">NCT 127&#8217;s 3rd Full Album &#8211; Sticker (Jewel Case\u00a0ver.)<br data-mce-fragment=\"1\"><br data-mce-fragment=\"1\"><\/strong><\/li>\n<li data-mce-fragment=\"1\">\n<span data-mce-fragment=\"1\"><strong data-mce-fragment=\"1\">SOLO PRE-ORDER<\/strong><\/span><br data-mce-fragment=\"1\">&#8211; 1\u00a0Poster,\u00a0<span data-mce-fragment=\"1\" style=\"color: #2b00ff;\">Poster en tubo No doblado<\/span><br data-mce-fragment=\"1\"><br data-mce-fragment=\"1\">\n<\/li>\n<li data-mce-fragment=\"1\">\n<strong data-mce-fragment=\"1\"><span data-mce-fragment=\"1\">Paquete :<br data-mce-fragment=\"1\"><\/span><\/strong>&#8211; 1\u00a0Cover\u00a0(Random 1 out of 10)<br data-mce-fragment=\"1\">&#8211; 1 AR Photo Card (Random 1 out of 9)<br data-mce-fragment=\"1\">&#8211; 1 AR Clip Card (Random 1 out of 9)<\/li>\n<\/ul>\n<ul data-mce-fragment=\"1\">\n<li data-mce-fragment=\"1\">\n<b data-mce-fragment=\"1\">Importante:<\/b><br data-mce-fragment=\"1\"><span style=\"color: #2b00ff;\" data-mce-fragment=\"1\">En el precio est\u00e1n incluidos los\u00a0aranceles, impuestos y cargos de importaci\u00f3n\u00a0por lo que no tienes que preocuparte por aduanas.<\/span><br data-mce-fragment=\"1\"><span style=\"color: #2b00ff;\" data-mce-fragment=\"1\">\u00a0** El env\u00edo se realiza a partir de la fecha de lanzamiento. Todos los art\u00edculos que no est\u00e1n en stock en Espa\u00f1a se enviar\u00e1n en un plazo de 10 a\u00a018 d\u00edas h\u00e1biles una vez que se haya procesado el pedido.<\/span>\n<\/li>\n<\/ul>\n<p><span style=\"color: #2b00ff;\" data-mce-fragment=\"1\"><img decoding=\"async\" alt=\"\" src=\"https:\/\/cdn.shopify.com\/s\/files\/1\/0579\/9454\/3257\/files\/127-_3_Sticker_Jewel-Case-Ver.jpg?v=1631309005\"><\/span><\/p>","protected":false},"excerpt":{"rendered":"<p>Fecha de lanzamiento:\u00a024\u00a0de septiembre\u00a02021. NCT 127&#8217;s 3rd Full Album &#8211; Sticker (Jewel Case\u00a0ver.) SOLO PRE-ORDER&#8211; 1\u00a0Poster,\u00a0Poster en tubo No doblado Package :&#8211; 1\u00a0Cover\u00a0(Random 1 out of 10)&#8211; 1 AR Photo Card (Random 1 out of 9)&#8211; 1 AR Clip Card (Random 1 out of 9) Importante:En el precio est\u00e1n incluidos los\u00a0aranceles, impuestos y cargos de [&hellip;]<\/p>\n","protected":false},"featured_media":36416,"template":"","meta":[],"product_brand":[4536],"product_cat":[7225,4400],"product_tag":[7750,7751],"class_list":{"0":"post-14474","1":"product","2":"type-product","3":"status-publish","4":"has-post-thumbnail","6":"product_brand-stock-in-korea","7":"product_cat-album-2","8":"product_cat-kstoryfromkorea","9":"product_tag-nct","10":"product_tag-nct-127","12":"first","13":"outofstock","14":"sale","15":"taxable","16":"shipping-taxable","17":"purchasable","18":"product-type-variable"},"jetpack_sharing_enabled":true,"_links":{"self":[{"href":"https:\/\/kstoryespana.com\/es\/wp-json\/wp\/v2\/product\/14474","targetHints":{"allow":["GET"]}}],"collection":[{"href":"https:\/\/kstoryespana.com\/es\/wp-json\/wp\/v2\/product"}],"about":[{"href":"https:\/\/kstoryespana.com\/es\/wp-json\/wp\/v2\/types\/product"}],"wp:featuredmedia":[{"embeddable":true,"href":"https:\/\/kstoryespana.com\/es\/wp-json\/wp\/v2\/media\/36416"}],"wp:attachment":[{"href":"https:\/\/kstoryespana.com\/es\/wp-json\/wp\/v2\/media?parent=14474"}],"wp:term":[{"taxonomy":"product_brand","embeddable":true,"href":"https:\/\/kstoryespana.com\/es\/wp-json\/wp\/v2\/product_brand?post=14474"},{"taxonomy":"product_cat","embeddable":true,"href":"https:\/\/kstoryespana.com\/es\/wp-json\/wp\/v2\/product_cat?post=14474"},{"taxonomy":"product_tag","embeddable":true,"href":"https:\/\/kstoryespana.com\/es\/wp-json\/wp\/v2\/product_tag?post=14474"}],"curies":[{"name":"wp","href":"https:\/\/api.w.org\/{rel}","templated":true}]}}