{"id":14370,"date":"2025-05-27T22:14:03","date_gmt":"2025-05-27T22:14:03","guid":{"rendered":"https:\/\/kstoryespana.com\/?product=nayeon-twice-mini-1st-album-im-nayeon"},"modified":"2026-05-03T22:06:44","modified_gmt":"2026-05-03T20:06:44","slug":"pre-order-nayeon-twice-mini-1st-album-im-nayeon","status":"publish","type":"product","link":"https:\/\/kstoryespana.com\/es\/product\/pre-order-nayeon-twice-mini-1st-album-im-nayeon\/","title":{"rendered":"NAYEON (TWICE) &#8211; Mini 1st Album [IM NAYEON]"},"excerpt":{"rendered":"<p>Release date: June\u00a024, 2022 NAYEON (TWICE) &#8211; Mini 1st Album [IM NAYEON] [POSTER] Twice Nayeon &#8211; I&#8217;m Nayeon ** Noticia importante : La caja \/ caja exterior es simplemente para proteger la mercanc\u00eda. (Los da\u00f1os como ara\u00f1azos o decoloraci\u00f3n de la carcasa \/ caja no est\u00e1n cubiertos).<\/p>\n","protected":false},"featured_media":36375,"template":"","meta":[],"product_brand":[4535],"product_cat":[7225,4403],"product_tag":[8315,6952],"class_list":{"0":"post-14370","1":"product","2":"type-product","3":"status-publish","4":"has-post-thumbnail","6":"product_brand-stock-in-spain","7":"product_cat-album-2","8":"product_cat-kstoryespana","9":"product_tag-nayeon","10":"product_tag-twice","12":"first","13":"outofstock","14":"taxable","15":"shipping-taxable","16":"purchasable","17":"product-type-variable"},"jetpack_sharing_enabled":true,"_links":{"self":[{"href":"https:\/\/kstoryespana.com\/es\/wp-json\/wp\/v2\/product\/14370","targetHints":{"allow":["GET"]}}],"collection":[{"href":"https:\/\/kstoryespana.com\/es\/wp-json\/wp\/v2\/product"}],"about":[{"href":"https:\/\/kstoryespana.com\/es\/wp-json\/wp\/v2\/types\/product"}],"wp:featuredmedia":[{"embeddable":true,"href":"https:\/\/kstoryespana.com\/es\/wp-json\/wp\/v2\/media\/36375"}],"wp:attachment":[{"href":"https:\/\/kstoryespana.com\/es\/wp-json\/wp\/v2\/media?parent=14370"}],"wp:term":[{"taxonomy":"product_brand","embeddable":true,"href":"https:\/\/kstoryespana.com\/es\/wp-json\/wp\/v2\/product_brand?post=14370"},{"taxonomy":"product_cat","embeddable":true,"href":"https:\/\/kstoryespana.com\/es\/wp-json\/wp\/v2\/product_cat?post=14370"},{"taxonomy":"product_tag","embeddable":true,"href":"https:\/\/kstoryespana.com\/es\/wp-json\/wp\/v2\/product_tag?post=14370"}],"curies":[{"name":"wp","href":"https:\/\/api.w.org\/{rel}","templated":true}]}}