{"id":14070,"date":"2025-05-27T22:12:41","date_gmt":"2025-05-27T22:12:41","guid":{"rendered":"https:\/\/kstoryespana.com\/?product=monsta-x-2nd-album-take-2-we-are-here"},"modified":"2026-05-03T22:06:29","modified_gmt":"2026-05-03T20:06:29","slug":"monsta-x-2nd-album-take-2-we-are-here-1","status":"publish","type":"product","link":"https:\/\/kstoryespana.com\/es\/product\/monsta-x-2nd-album-take-2-we-are-here-1\/","title":{"rendered":"MONSTA X &#8211; 2ND ALBUM : TAKE 2 WE ARE HERE"},"content":{"rendered":"<div>\u00a0<\/div>\n<ul>\n<li><span style=\"font-weight: bold;\" data-mce-style=\"font-weight: bold;\">Release Date: February 19th, 2019<\/span><\/li>\n<\/ul>\n<ul>\n<li>\n<strong>MONSTA X &#8211; 2ND ALBUM : TAKE 2 WE ARE HERE<\/strong>\u00a0[Ver. \u2160, \u2161, \u2162, \u2163]<\/li>\n<\/ul>\n<ul data-mce-fragment=\"1\">\n<li>\n<strong>Package\u00a0:\u00a0<\/strong><\/p>\n<p>&#8211; CD(Ver. I, II, III, IV)<\/p>\n<p>&#8211; Album Booklet(134p \/ Ver. I, II, III, IV)<\/p>\n<p>&#8211; Photocard(Random 2 out of 56)<\/p>\n<\/li>\n<\/ul>\n<ul data-mce-fragment=\"1\">\n<li data-mce-fragment=\"1\">\n<b>Noticia important :\u00a0<\/b><br \/><b>La caja \/ caja exterior es simplemente para proteger la mercanc\u00eda. (Los da\u00f1os como ara\u00f1azos o decoloraci\u00f3n de la carcasa \/ caja no est\u00e1n cubiertos).<\/b>\n<\/li>\n<\/ul>\n<ul data-mce-fragment=\"1\">\n<li data-mce-fragment=\"1\">\n<img decoding=\"async\" style=\"float: none;\" alt=\"\" src=\"https:\/\/cdn.shopify.com\/s\/files\/1\/0579\/9454\/3257\/files\/WE_ARE_HERE_2.jpg?v=1638626298\" data-mce-style=\"float: none;\">\n<\/li>\n<\/ul>\n","protected":false},"excerpt":{"rendered":"<p>\u00a0 Release Date: February 19th, 2019 MONSTA X &#8211; 2ND ALBUM : TAKE 2 WE ARE HERE\u00a0[Ver. \u2160, \u2161, \u2162, \u2163] Package\u00a0:\u00a0 &#8211; CD(Ver. I, II, III, IV) &#8211; Album Booklet(134p \/ Ver. I, II, III, IV) &#8211; Photocard(Random 2 out of 56) Noticia important :\u00a0La caja \/ caja exterior es simplemente para proteger la [&hellip;]<\/p>\n","protected":false},"featured_media":0,"template":"","meta":[],"product_brand":[],"product_cat":[],"product_tag":[],"class_list":{"0":"post-14070","1":"product","2":"type-product","3":"status-publish","6":"first","7":"instock","8":"taxable","9":"shipping-taxable","10":"product-type-simple"},"_links":{"self":[{"href":"https:\/\/kstoryespana.com\/es\/wp-json\/wp\/v2\/product\/14070","targetHints":{"allow":["GET"]}}],"collection":[{"href":"https:\/\/kstoryespana.com\/es\/wp-json\/wp\/v2\/product"}],"about":[{"href":"https:\/\/kstoryespana.com\/es\/wp-json\/wp\/v2\/types\/product"}],"wp:attachment":[{"href":"https:\/\/kstoryespana.com\/es\/wp-json\/wp\/v2\/media?parent=14070"}],"wp:term":[{"taxonomy":"product_brand","embeddable":true,"href":"https:\/\/kstoryespana.com\/es\/wp-json\/wp\/v2\/product_brand?post=14070"},{"taxonomy":"product_cat","embeddable":true,"href":"https:\/\/kstoryespana.com\/es\/wp-json\/wp\/v2\/product_cat?post=14070"},{"taxonomy":"product_tag","embeddable":true,"href":"https:\/\/kstoryespana.com\/es\/wp-json\/wp\/v2\/product_tag?post=14070"}],"curies":[{"name":"wp","href":"https:\/\/api.w.org\/{rel}","templated":true}]}}